{"id":798,"date":"2024-08-19T12:10:35","date_gmt":"2024-08-19T15:10:35","guid":{"rendered":"http:\/\/suriego.com.ar\/?post_type=product&#038;p=798"},"modified":"2024-08-19T12:11:36","modified_gmt":"2024-08-19T15:11:36","slug":"boquilla-10a-roja","status":"publish","type":"product","link":"https:\/\/suriego.com.ar\/?product=boquilla-10a-roja","title":{"rendered":"Boquilla 10a &#8211; Roja"},"content":{"rendered":"<div class=\"block block-layout-builder block-field-blocknodeproductfield-brand\">\n<div class=\"content\">\n<div class=\"field field--name-field-brand field--type-entity-reference field--label-above\">\n<div class=\"field__label\">Marca: <span style=\"font-family: var(--global-body-font-family)\">Riego residencial y comercial<\/span><\/div>\n<\/div>\n<\/div>\n<\/div>\n<div class=\"block block-layout-builder block-field-blocknodeproductfield-product-line\">\n<div class=\"content\">\n<div class=\"field field--name-field-product-line field--type-entity-reference field--label-above\">\n<div>L\u00ednea de productos: <span style=\"font-family: var(--global-body-font-family)\">Boquillas<\/span><\/div>\n<\/div>\n<\/div>\n<\/div>\n<div class=\"block block-layout-builder block-field-blocknodeproductfield-product-type\">\n<div class=\"content\">\n<div class=\"field field--name-field-product-type field--type-entity-reference field--label-above\">\n<div class=\"field__label\">Modelo del producto: <span style=\"font-family: var(--global-body-font-family)\">Boquillas ajustables Pro<\/span><\/div>\n<\/div>\n<\/div>\n<\/div>\n<div class=\"block block-layout-builder block-field-blocknodeproductfield-catalog-number\">\n<div class=\"content\">\n<div class=\"field field--name-field-catalog-number field--type-string field--label-above\">\n<div class=\"field__label\">C\u00f3digo: <span style=\"font-family: var(--global-body-font-family)\">10A<\/span><\/div>\n<\/div>\n<\/div>\n<\/div>\n<div class=\"block block-layout-builder block-field-blocknodeproductfield-international-description\">\n<div class=\"content\">\n<div class=\"field field--name-field-international-description field--type-string field--label-above\">\n<div class=\"field__label\">Descripci\u00f3n: <span style=\"font-family: var(--global-body-font-family)\">Boquilla ajustable Pro, radio de 3 m, arco ajustable de 0\u00b0 a 360\u00b0, rosca hembra<\/span><\/div>\n<div>\n<div class=\"block block-layout-builder block-field-blocknodeproductfield-precipitation-rate\">\n<div class=\"content\">\n<div class=\"field field--name-field-precipitation-rate field--type-entity-reference field--label-inline\">\n<div class=\"field__label\">Tasa de precipitaci\u00f3n: <span style=\"font-family: var(--global-body-font-family)\">Aproximadamente 40 mm\/h<\/span><\/div>\n<\/div>\n<\/div>\n<\/div>\n<div class=\"block block-layout-builder block-field-blocknodeproductfield-spec-radius\">\n<div class=\"content\">\n<div class=\"field field--name-field-spec-radius field--type-entity-reference field--label-inline\">\n<div class=\"field__label\">Radio: <span style=\"font-family: var(--global-body-font-family)\">3 metros<\/span><\/div>\n<\/div>\n<\/div>\n<\/div>\n<\/div>\n<\/div>\n<\/div>\n<\/div>\n","protected":false},"excerpt":{"rendered":"<p>Marca: Riego residencial y comercial L\u00ednea de productos: Boquillas Modelo del producto: Boquillas ajustables Pro C\u00f3digo: 10A Descripci\u00f3n: Boquilla ajustable Pro, radio de 3 m, arco ajustable de 0\u00b0 a 360\u00b0, rosca hembra Tasa de precipitaci\u00f3n: Aproximadamente 40 mm\/h Radio: 3 metros<\/p>\n","protected":false},"featured_media":799,"comment_status":"closed","ping_status":"closed","template":"","meta":{"_kad_post_transparent":"default","_kad_post_title":"","_kad_post_layout":"default","_kad_post_sidebar_id":"","_kad_post_content_style":"default","_kad_post_vertical_padding":"default","_kad_post_feature":"","_kad_post_feature_position":"","_kad_post_header":false,"_kad_post_footer":false,"_kad_post_classname":""},"product_brand":[],"product_cat":[21],"product_tag":[],"class_list":{"0":"post-798","1":"product","2":"type-product","3":"status-publish","4":"has-post-thumbnail","6":"product_cat-riego-por-aspersion","8":"first","9":"instock","10":"shipping-taxable","11":"product-type-simple","12":"entry","13":"content-bg","14":"loop-entry"},"_links":{"self":[{"href":"https:\/\/suriego.com.ar\/index.php?rest_route=\/wp\/v2\/product\/798","targetHints":{"allow":["GET"]}}],"collection":[{"href":"https:\/\/suriego.com.ar\/index.php?rest_route=\/wp\/v2\/product"}],"about":[{"href":"https:\/\/suriego.com.ar\/index.php?rest_route=\/wp\/v2\/types\/product"}],"replies":[{"embeddable":true,"href":"https:\/\/suriego.com.ar\/index.php?rest_route=%2Fwp%2Fv2%2Fcomments&post=798"}],"wp:featuredmedia":[{"embeddable":true,"href":"https:\/\/suriego.com.ar\/index.php?rest_route=\/wp\/v2\/media\/799"}],"wp:attachment":[{"href":"https:\/\/suriego.com.ar\/index.php?rest_route=%2Fwp%2Fv2%2Fmedia&parent=798"}],"wp:term":[{"taxonomy":"product_brand","embeddable":true,"href":"https:\/\/suriego.com.ar\/index.php?rest_route=%2Fwp%2Fv2%2Fproduct_brand&post=798"},{"taxonomy":"product_cat","embeddable":true,"href":"https:\/\/suriego.com.ar\/index.php?rest_route=%2Fwp%2Fv2%2Fproduct_cat&post=798"},{"taxonomy":"product_tag","embeddable":true,"href":"https:\/\/suriego.com.ar\/index.php?rest_route=%2Fwp%2Fv2%2Fproduct_tag&post=798"}],"curies":[{"name":"wp","href":"https:\/\/api.w.org\/{rel}","templated":true}]}}