{"id":793,"date":"2024-08-19T11:59:11","date_gmt":"2024-08-19T14:59:11","guid":{"rendered":"http:\/\/suriego.com.ar\/?post_type=product&#038;p=793"},"modified":"2024-08-19T11:59:18","modified_gmt":"2024-08-19T14:59:18","slug":"boquilla-15a-negra","status":"publish","type":"product","link":"https:\/\/suriego.com.ar\/?product=boquilla-15a-negra","title":{"rendered":"Boquilla 15a &#8211; Negra"},"content":{"rendered":"<div class=\"block block-layout-builder block-field-blocknodeproductfield-brand\">\n<div class=\"content\">\n<div class=\"field field--name-field-brand field--type-entity-reference field--label-above\">\n<div class=\"field__label\"><span>Marca: <\/span><span style=\"font-family: var(--global-body-font-family)\">Riego residencial y comercial<\/span><\/div>\n<\/div>\n<\/div>\n<\/div>\n<div class=\"block block-layout-builder block-field-blocknodeproductfield-product-line\">\n<div class=\"content\">\n<div class=\"field field--name-field-product-line field--type-entity-reference field--label-above\">\n<div><span>L\u00ednea de productos: <\/span><span style=\"font-family: var(--global-body-font-family)\">Boquillas<\/span><\/div>\n<\/div>\n<\/div>\n<\/div>\n<div class=\"block block-layout-builder block-field-blocknodeproductfield-product-type\">\n<div class=\"content\">\n<div class=\"field field--name-field-product-type field--type-entity-reference field--label-above\">\n<div class=\"field__label\"><span>Modelo del producto: <\/span><span style=\"font-family: var(--global-body-font-family)\">Boquillas ajustables Pro<\/span><\/div>\n<\/div>\n<\/div>\n<\/div>\n<div class=\"block block-layout-builder block-field-blocknodeproductfield-catalog-number\">\n<div class=\"content\">\n<div class=\"field field--name-field-catalog-number field--type-string field--label-above\">\n<div class=\"field__label\"><span>C\u00f3digo: <\/span><span style=\"font-family: var(--global-body-font-family)\">15A<\/span><\/div>\n<\/div>\n<\/div>\n<\/div>\n<div class=\"block block-layout-builder block-field-blocknodeproductfield-international-description\">\n<div class=\"content\">\n<div class=\"field field--name-field-international-description field--type-string field--label-above\">\n<div class=\"field__label\"><span>Descripci\u00f3n: <\/span><span style=\"font-family: var(--global-body-font-family)\">Boquilla ajustable Pro, radio de 4,6 m, arco ajustable de 0\u00b0 a 360\u00b0, rosca hembra<\/span><\/div>\n<div>\n<div class=\"block block-layout-builder block-field-blocknodeproductfield-precipitation-rate\">\n<div class=\"content\">\n<div class=\"field field--name-field-precipitation-rate field--type-entity-reference field--label-inline\">\n<div class=\"field__label\"><span>Tasa de precipitaci\u00f3n: <\/span><span style=\"font-family: var(--global-body-font-family)\">Aproximadamente 40 mm\/h<\/span><\/div>\n<\/div>\n<\/div>\n<\/div>\n<div class=\"block block-layout-builder block-field-blocknodeproductfield-spec-radius\">\n<div class=\"content\">\n<div class=\"field field--name-field-spec-radius field--type-entity-reference field--label-inline\">\n<div class=\"field__label\"><span>Radio: <\/span><span style=\"font-family: var(--global-body-font-family)\">4,6 metros<\/span><\/div>\n<\/div>\n<\/div>\n<\/div>\n<\/div>\n<\/div>\n<\/div>\n<\/div>\n","protected":false},"excerpt":{"rendered":"<p>Marca: Riego residencial y comercial L\u00ednea de productos: Boquillas Modelo del producto: Boquillas ajustables Pro C\u00f3digo: 15A Descripci\u00f3n: Boquilla ajustable Pro, radio de 4,6 m, arco ajustable de 0\u00b0 a 360\u00b0, rosca hembra Tasa de precipitaci\u00f3n: Aproximadamente 40 mm\/h Radio: 4,6 metros<\/p>\n","protected":false},"featured_media":794,"comment_status":"closed","ping_status":"closed","template":"","meta":{"_kad_post_transparent":"default","_kad_post_title":"","_kad_post_layout":"default","_kad_post_sidebar_id":"","_kad_post_content_style":"default","_kad_post_vertical_padding":"default","_kad_post_feature":"","_kad_post_feature_position":"","_kad_post_header":false,"_kad_post_footer":false,"_kad_post_classname":""},"product_brand":[],"product_cat":[21],"product_tag":[],"class_list":{"0":"post-793","1":"product","2":"type-product","3":"status-publish","4":"has-post-thumbnail","6":"product_cat-riego-por-aspersion","8":"first","9":"instock","10":"shipping-taxable","11":"product-type-simple","12":"entry","13":"content-bg","14":"loop-entry"},"_links":{"self":[{"href":"https:\/\/suriego.com.ar\/index.php?rest_route=\/wp\/v2\/product\/793","targetHints":{"allow":["GET"]}}],"collection":[{"href":"https:\/\/suriego.com.ar\/index.php?rest_route=\/wp\/v2\/product"}],"about":[{"href":"https:\/\/suriego.com.ar\/index.php?rest_route=\/wp\/v2\/types\/product"}],"replies":[{"embeddable":true,"href":"https:\/\/suriego.com.ar\/index.php?rest_route=%2Fwp%2Fv2%2Fcomments&post=793"}],"wp:featuredmedia":[{"embeddable":true,"href":"https:\/\/suriego.com.ar\/index.php?rest_route=\/wp\/v2\/media\/794"}],"wp:attachment":[{"href":"https:\/\/suriego.com.ar\/index.php?rest_route=%2Fwp%2Fv2%2Fmedia&parent=793"}],"wp:term":[{"taxonomy":"product_brand","embeddable":true,"href":"https:\/\/suriego.com.ar\/index.php?rest_route=%2Fwp%2Fv2%2Fproduct_brand&post=793"},{"taxonomy":"product_cat","embeddable":true,"href":"https:\/\/suriego.com.ar\/index.php?rest_route=%2Fwp%2Fv2%2Fproduct_cat&post=793"},{"taxonomy":"product_tag","embeddable":true,"href":"https:\/\/suriego.com.ar\/index.php?rest_route=%2Fwp%2Fv2%2Fproduct_tag&post=793"}],"curies":[{"name":"wp","href":"https:\/\/api.w.org\/{rel}","templated":true}]}}