{"id":644,"date":"2024-08-08T11:53:30","date_gmt":"2024-08-08T14:53:30","guid":{"rendered":"http:\/\/suriego.com.ar\/?post_type=product&#038;p=644"},"modified":"2025-03-15T12:04:42","modified_gmt":"2025-03-15T15:04:42","slug":"ionizador-solar-para-piletas","status":"publish","type":"product","link":"https:\/\/suriego.com.ar\/?product=ionizador-solar-para-piletas","title":{"rendered":"Ionizador solar para piletas"},"content":{"rendered":"<p>Ionizador solar para piletas<br \/>\nBasado en la descarga de iones de cobre. Sustituye el uso del cloro en un 90% en condiciones optimas. Recomendado para piletas de hasta 70 m3<br \/>\nDi\u00e1metro de plato: 20,5 cm<br \/>\nAltura de plato: 5 cm<br \/>\nPeso: 0,8 kg<br \/>\nAlimentaci\u00f3n: panel solar mono cristalino de 2 W y 6 V<br \/>\nIncluye: electrodo de cobre y cepillo<br \/>\nOrigen: China<br \/>\nEste producto tiene LNA (Licencia No Autom\u00e1tica) por lo cual los tiempos para su nacionalizaci\u00f3n y posterior distribuci\u00f3n depender\u00e1 de su aprobaci\u00f3n por parte de los organismos intervinientes<\/p>\n","protected":false},"excerpt":{"rendered":"<p>Ionizador solar para piletas Basado en la descarga de iones de cobre. Sustituye el uso del cloro en un 90% en condiciones optimas. Recomendado para piletas de hasta 70 m3 Di\u00e1metro de plato: 20,5 cm Altura de plato: 5 cm Peso: 0,8 kg Alimentaci\u00f3n: panel solar mono cristalino de 2 W y 6 V Incluye:&#8230;<\/p>\n","protected":false},"featured_media":645,"comment_status":"closed","ping_status":"closed","template":"","meta":{"_kad_post_transparent":"default","_kad_post_title":"","_kad_post_layout":"default","_kad_post_sidebar_id":"","_kad_post_content_style":"default","_kad_post_vertical_padding":"default","_kad_post_feature":"","_kad_post_feature_position":"","_kad_post_header":false,"_kad_post_footer":false,"_kad_post_classname":""},"product_brand":[],"product_cat":[24],"product_tag":[],"class_list":{"0":"post-644","1":"product","2":"type-product","3":"status-publish","4":"has-post-thumbnail","6":"product_cat-productos-para-manteniendo-piletas","8":"first","9":"instock","10":"shipping-taxable","11":"product-type-simple","12":"entry","13":"content-bg","14":"loop-entry"},"_links":{"self":[{"href":"https:\/\/suriego.com.ar\/index.php?rest_route=\/wp\/v2\/product\/644","targetHints":{"allow":["GET"]}}],"collection":[{"href":"https:\/\/suriego.com.ar\/index.php?rest_route=\/wp\/v2\/product"}],"about":[{"href":"https:\/\/suriego.com.ar\/index.php?rest_route=\/wp\/v2\/types\/product"}],"replies":[{"embeddable":true,"href":"https:\/\/suriego.com.ar\/index.php?rest_route=%2Fwp%2Fv2%2Fcomments&post=644"}],"wp:featuredmedia":[{"embeddable":true,"href":"https:\/\/suriego.com.ar\/index.php?rest_route=\/wp\/v2\/media\/645"}],"wp:attachment":[{"href":"https:\/\/suriego.com.ar\/index.php?rest_route=%2Fwp%2Fv2%2Fmedia&parent=644"}],"wp:term":[{"taxonomy":"product_brand","embeddable":true,"href":"https:\/\/suriego.com.ar\/index.php?rest_route=%2Fwp%2Fv2%2Fproduct_brand&post=644"},{"taxonomy":"product_cat","embeddable":true,"href":"https:\/\/suriego.com.ar\/index.php?rest_route=%2Fwp%2Fv2%2Fproduct_cat&post=644"},{"taxonomy":"product_tag","embeddable":true,"href":"https:\/\/suriego.com.ar\/index.php?rest_route=%2Fwp%2Fv2%2Fproduct_tag&post=644"}],"curies":[{"name":"wp","href":"https:\/\/api.w.org\/{rel}","templated":true}]}}