{"id":627,"date":"2024-08-07T19:35:03","date_gmt":"2024-08-07T22:35:03","guid":{"rendered":"http:\/\/suriego.com.ar\/?post_type=product&#038;p=627"},"modified":"2024-08-08T11:59:57","modified_gmt":"2024-08-08T14:59:57","slug":"electrobomba-presurizadora-grs100c","status":"publish","type":"product","link":"https:\/\/suriego.com.ar\/?product=electrobomba-presurizadora-grs100c","title":{"rendered":"Electrobomba presurizadora 100W (2 BA\u00d1OS)"},"content":{"rendered":"<p><img fetchpriority=\"high\" decoding=\"async\" class=\"alignnone size-medium wp-image-628\" src=\"https:\/\/suriego.com.ar\/wp-content\/uploads\/2024\/08\/GRS100C-300x300.jpg\" alt=\"\" width=\"300\" height=\"300\" srcset=\"https:\/\/suriego.com.ar\/wp-content\/uploads\/2024\/08\/GRS100C-300x300.jpg 300w, https:\/\/suriego.com.ar\/wp-content\/uploads\/2024\/08\/GRS100C-150x150.jpg 150w, https:\/\/suriego.com.ar\/wp-content\/uploads\/2024\/08\/GRS100C-768x768.jpg 768w, https:\/\/suriego.com.ar\/wp-content\/uploads\/2024\/08\/GRS100C-800x800.jpg 800w, https:\/\/suriego.com.ar\/wp-content\/uploads\/2024\/08\/GRS100C-100x100.jpg 100w, https:\/\/suriego.com.ar\/wp-content\/uploads\/2024\/08\/GRS100C-64x64.jpg 64w, https:\/\/suriego.com.ar\/wp-content\/uploads\/2024\/08\/GRS100C.jpg 900w\" sizes=\"(max-width: 300px) 100vw, 300px\" \/>Electrobomba presurizadora GRS100C<br \/>\nL\u00ednea Primeros Pasos<br \/>\nAlimentaci\u00f3n: 220 V<br \/>\nPotencia: 100 W<br \/>\nAltura m\u00e1xima de elevaci\u00f3n: 8 m<br \/>\nCaudal m\u00e1ximo: 30 l \/ min<br \/>\nEntrada \/ Salida: 3\/4 \u201d<br \/>\nConectores de bronce<br \/>\nMotor con bobinado de cobre<br \/>\nSensor de flujo incorporado<br \/>\nOpci\u00f3n de uso manual o autom\u00e1tico<br \/>\nUso recomendado: 2 ba\u00f1os<br \/>\nOrigen: China<br \/>\nEste producto tiene LNA (Licencia No Autom\u00e1tica) por lo cual los tiempos para su nacionalizaci\u00f3n y posterior distribuci\u00f3n depender\u00e1 de su aprobaci\u00f3n por parte de los organismos intervinientes<\/p>\n","protected":false},"excerpt":{"rendered":"<p>Electrobomba presurizadora GRS100C L\u00ednea Primeros Pasos Alimentaci\u00f3n: 220 V Potencia: 100 W Altura m\u00e1xima de elevaci\u00f3n: 8 m Caudal m\u00e1ximo: 30 l \/ min Entrada \/ Salida: 3\/4 \u201d Conectores de bronce Motor con bobinado de cobre Sensor de flujo incorporado Opci\u00f3n de uso manual o autom\u00e1tico Uso recomendado: 2 ba\u00f1os Origen: China Este producto&#8230;<\/p>\n","protected":false},"featured_media":629,"comment_status":"closed","ping_status":"closed","template":"","meta":{"_kad_post_transparent":"default","_kad_post_title":"","_kad_post_layout":"default","_kad_post_sidebar_id":"","_kad_post_content_style":"default","_kad_post_vertical_padding":"default","_kad_post_feature":"","_kad_post_feature_position":"","_kad_post_header":false,"_kad_post_footer":false,"_kad_post_classname":""},"product_brand":[],"product_cat":[49],"product_tag":[],"class_list":{"0":"post-627","1":"product","2":"type-product","3":"status-publish","4":"has-post-thumbnail","6":"product_cat-bomba-presurizadora","8":"first","9":"instock","10":"featured","11":"shipping-taxable","12":"purchasable","13":"product-type-simple","14":"entry","15":"content-bg","16":"loop-entry"},"_links":{"self":[{"href":"https:\/\/suriego.com.ar\/index.php?rest_route=\/wp\/v2\/product\/627","targetHints":{"allow":["GET"]}}],"collection":[{"href":"https:\/\/suriego.com.ar\/index.php?rest_route=\/wp\/v2\/product"}],"about":[{"href":"https:\/\/suriego.com.ar\/index.php?rest_route=\/wp\/v2\/types\/product"}],"replies":[{"embeddable":true,"href":"https:\/\/suriego.com.ar\/index.php?rest_route=%2Fwp%2Fv2%2Fcomments&post=627"}],"wp:featuredmedia":[{"embeddable":true,"href":"https:\/\/suriego.com.ar\/index.php?rest_route=\/wp\/v2\/media\/629"}],"wp:attachment":[{"href":"https:\/\/suriego.com.ar\/index.php?rest_route=%2Fwp%2Fv2%2Fmedia&parent=627"}],"wp:term":[{"taxonomy":"product_brand","embeddable":true,"href":"https:\/\/suriego.com.ar\/index.php?rest_route=%2Fwp%2Fv2%2Fproduct_brand&post=627"},{"taxonomy":"product_cat","embeddable":true,"href":"https:\/\/suriego.com.ar\/index.php?rest_route=%2Fwp%2Fv2%2Fproduct_cat&post=627"},{"taxonomy":"product_tag","embeddable":true,"href":"https:\/\/suriego.com.ar\/index.php?rest_route=%2Fwp%2Fv2%2Fproduct_tag&post=627"}],"curies":[{"name":"wp","href":"https:\/\/api.w.org\/{rel}","templated":true}]}}