{"id":544,"date":"2024-08-07T10:39:29","date_gmt":"2024-08-07T13:39:29","guid":{"rendered":"http:\/\/suriego.com.ar\/?post_type=product&#038;p=544"},"modified":"2024-08-08T09:33:46","modified_gmt":"2024-08-08T12:33:46","slug":"mini-compresor-250-psi","status":"publish","type":"product","link":"https:\/\/suriego.com.ar\/?product=mini-compresor-250-psi","title":{"rendered":"Mini Compresor 250 PSI"},"content":{"rendered":"<p>Minicompresor 250 PSIA<br \/>\nConexi\u00f3n 12V<br \/>\nCable de 3 metros con conexi\u00f3n a 12V<br \/>\nLargo de la manguera: 40 cm<br \/>\nCilindro de 16 mm<br \/>\nPeso neto: 535 g<br \/>\nOrigen: China<br \/>\nEste producto tiene LNA (Licencia No Autom\u00e1tica) por lo cual los tiempos para su nacionalizaci\u00f3n y posterior distribuci\u00f3n depender\u00e1 de su aprobaci\u00f3n por parte de los organismos intervinientes<\/p>\n","protected":false},"excerpt":{"rendered":"<p>Minicompresor 250 PSIA Conexi\u00f3n 12V Cable de 3 metros con conexi\u00f3n a 12V Largo de la manguera: 40 cm Cilindro de 16 mm Peso neto: 535 g Origen: China Este producto tiene LNA (Licencia No Autom\u00e1tica) por lo cual los tiempos para su nacionalizaci\u00f3n y posterior distribuci\u00f3n depender\u00e1 de su aprobaci\u00f3n por parte de los&#8230;<\/p>\n","protected":false},"featured_media":545,"comment_status":"closed","ping_status":"closed","template":"","meta":{"_kad_post_transparent":"default","_kad_post_title":"","_kad_post_layout":"default","_kad_post_sidebar_id":"","_kad_post_content_style":"default","_kad_post_vertical_padding":"default","_kad_post_feature":"","_kad_post_feature_position":"","_kad_post_header":false,"_kad_post_footer":false,"_kad_post_classname":""},"product_brand":[],"product_cat":[50],"product_tag":[],"class_list":{"0":"post-544","1":"product","2":"type-product","3":"status-publish","4":"has-post-thumbnail","6":"product_cat-comprando-en-grupo","8":"first","9":"instock","10":"shipping-taxable","11":"purchasable","12":"product-type-simple","13":"entry","14":"content-bg","15":"loop-entry"},"_links":{"self":[{"href":"https:\/\/suriego.com.ar\/index.php?rest_route=\/wp\/v2\/product\/544","targetHints":{"allow":["GET"]}}],"collection":[{"href":"https:\/\/suriego.com.ar\/index.php?rest_route=\/wp\/v2\/product"}],"about":[{"href":"https:\/\/suriego.com.ar\/index.php?rest_route=\/wp\/v2\/types\/product"}],"replies":[{"embeddable":true,"href":"https:\/\/suriego.com.ar\/index.php?rest_route=%2Fwp%2Fv2%2Fcomments&post=544"}],"wp:featuredmedia":[{"embeddable":true,"href":"https:\/\/suriego.com.ar\/index.php?rest_route=\/wp\/v2\/media\/545"}],"wp:attachment":[{"href":"https:\/\/suriego.com.ar\/index.php?rest_route=%2Fwp%2Fv2%2Fmedia&parent=544"}],"wp:term":[{"taxonomy":"product_brand","embeddable":true,"href":"https:\/\/suriego.com.ar\/index.php?rest_route=%2Fwp%2Fv2%2Fproduct_brand&post=544"},{"taxonomy":"product_cat","embeddable":true,"href":"https:\/\/suriego.com.ar\/index.php?rest_route=%2Fwp%2Fv2%2Fproduct_cat&post=544"},{"taxonomy":"product_tag","embeddable":true,"href":"https:\/\/suriego.com.ar\/index.php?rest_route=%2Fwp%2Fv2%2Fproduct_tag&post=544"}],"curies":[{"name":"wp","href":"https:\/\/api.w.org\/{rel}","templated":true}]}}