{"id":427,"date":"2024-08-06T18:47:02","date_gmt":"2024-08-06T21:47:02","guid":{"rendered":"http:\/\/suriego.com.ar\/?post_type=product&#038;p=427"},"modified":"2024-08-08T09:33:46","modified_gmt":"2024-08-08T12:33:46","slug":"bomba-centrifuga-1-2-hp-kushiro","status":"publish","type":"product","link":"https:\/\/suriego.com.ar\/?product=bomba-centrifuga-1-2-hp-kushiro","title":{"rendered":"Bomba centr\u00edfuga 1\/2 HP Kushiro"},"content":{"rendered":"<p>Bomba centr\u00edfuga 1\/2 HP<br \/>\nPotencia: 1\/2 HP (375 W)<br \/>\nTurbina de bronce<br \/>\nBobinado de cobre con protector t\u00e9rmico<br \/>\nMotor con carcasa de aluminio<br \/>\nCuerpo de la bomba: fundici\u00f3n de acero<br \/>\nDi\u00e1metro de entrada y salida: 1 \u00bb<br \/>\nAltura m\u00e1xima: 18 m<br \/>\nSucci\u00f3n: 8 m<br \/>\nCaudal: 80 l\/min<br \/>\nOrigen: China<br \/>\nEste producto tiene LNA (Licencia No Autom\u00e1tica) por lo cual los tiempos para su nacionalizaci\u00f3n y posterior distribuci\u00f3n depender\u00e1 de su aprobaci\u00f3n por parte de los organismos intervinientes<\/p>\n","protected":false},"excerpt":{"rendered":"<p>Bomba centr\u00edfuga 1\/2 HP Potencia: 1\/2 HP (375 W) Turbina de bronce Bobinado de cobre con protector t\u00e9rmico Motor con carcasa de aluminio Cuerpo de la bomba: fundici\u00f3n de acero Di\u00e1metro de entrada y salida: 1 \u00bb Altura m\u00e1xima: 18 m Succi\u00f3n: 8 m Caudal: 80 l\/min Origen: China Este producto tiene LNA (Licencia No&#8230;<\/p>\n","protected":false},"featured_media":428,"comment_status":"closed","ping_status":"closed","template":"","meta":{"_kad_post_transparent":"default","_kad_post_title":"","_kad_post_layout":"default","_kad_post_sidebar_id":"","_kad_post_content_style":"default","_kad_post_vertical_padding":"default","_kad_post_feature":"","_kad_post_feature_position":"","_kad_post_header":false,"_kad_post_footer":false,"_kad_post_classname":""},"product_brand":[],"product_cat":[31],"product_tag":[],"class_list":{"0":"post-427","1":"product","2":"type-product","3":"status-publish","4":"has-post-thumbnail","6":"product_cat-bombas-centrifuga","8":"first","9":"instock","10":"featured","11":"shipping-taxable","12":"purchasable","13":"product-type-simple","14":"entry","15":"content-bg","16":"loop-entry"},"_links":{"self":[{"href":"https:\/\/suriego.com.ar\/index.php?rest_route=\/wp\/v2\/product\/427","targetHints":{"allow":["GET"]}}],"collection":[{"href":"https:\/\/suriego.com.ar\/index.php?rest_route=\/wp\/v2\/product"}],"about":[{"href":"https:\/\/suriego.com.ar\/index.php?rest_route=\/wp\/v2\/types\/product"}],"replies":[{"embeddable":true,"href":"https:\/\/suriego.com.ar\/index.php?rest_route=%2Fwp%2Fv2%2Fcomments&post=427"}],"wp:featuredmedia":[{"embeddable":true,"href":"https:\/\/suriego.com.ar\/index.php?rest_route=\/wp\/v2\/media\/428"}],"wp:attachment":[{"href":"https:\/\/suriego.com.ar\/index.php?rest_route=%2Fwp%2Fv2%2Fmedia&parent=427"}],"wp:term":[{"taxonomy":"product_brand","embeddable":true,"href":"https:\/\/suriego.com.ar\/index.php?rest_route=%2Fwp%2Fv2%2Fproduct_brand&post=427"},{"taxonomy":"product_cat","embeddable":true,"href":"https:\/\/suriego.com.ar\/index.php?rest_route=%2Fwp%2Fv2%2Fproduct_cat&post=427"},{"taxonomy":"product_tag","embeddable":true,"href":"https:\/\/suriego.com.ar\/index.php?rest_route=%2Fwp%2Fv2%2Fproduct_tag&post=427"}],"curies":[{"name":"wp","href":"https:\/\/api.w.org\/{rel}","templated":true}]}}