{"id":2009,"date":"2026-03-11T18:04:59","date_gmt":"2026-03-11T21:04:59","guid":{"rendered":"https:\/\/suriego.com.ar\/?post_type=product&#038;p=2009"},"modified":"2026-03-11T18:12:43","modified_gmt":"2026-03-11T21:12:43","slug":"sensei-kasei-620-bag-plus-extra","status":"publish","type":"product","link":"https:\/\/suriego.com.ar\/?product=sensei-kasei-620-bag-plus-extra","title":{"rendered":"SENSEI KASEI 620 BAG PLUS EXTRA"},"content":{"rendered":"<p style=\"font-weight: 400\"><span dir=\"auto\" style=\"vertical-align: inherit\"><span dir=\"auto\" style=\"vertical-align: inherit\">Caracter\u00edsticas<\/span><\/span><\/p>\n<ul style=\"font-weight: 400\">\n<li><span dir=\"auto\" style=\"vertical-align: inherit\"><span dir=\"auto\" style=\"vertical-align: inherit\">Motor SENSEI MEV 200 OHV-IC &#8211; 6,2 CV (196 cc)<\/span><\/span><\/li>\n<li>20&#8243; Ancho de corte<\/li>\n<li>Descarga lateral, Recolecci\u00f3n trasera (Embolsado 60L) y Triturado<\/li>\n<li>Regulaci\u00f3n de altura central de 7 posic.<\/li>\n<\/ul>\n","protected":false},"excerpt":{"rendered":"<p style=\"font-weight: 400\">La mejor alternativa para embellecer tu jard\u00edn, cortadoras de c\u00e9sped SENSEI. Tenemos la indicada para el cuidado de tus espacios verdes. C\u00e9sped prolijo, jard\u00edn incre\u00edble!<\/p>\n<p style=\"font-weight: 400\">SENSEI te brinda equipos vers\u00e1tiles y de f\u00e1cil manejo. La mejor relaci\u00f3n Precio y Calidad.<\/p>\n","protected":false},"featured_media":2010,"comment_status":"closed","ping_status":"closed","template":"","meta":{"_kad_post_transparent":"default","_kad_post_title":"","_kad_post_layout":"default","_kad_post_sidebar_id":"","_kad_post_content_style":"default","_kad_post_vertical_padding":"default","_kad_post_feature":"","_kad_post_feature_position":"","_kad_post_header":false,"_kad_post_footer":false,"_kad_post_classname":""},"product_brand":[],"product_cat":[18,81],"product_tag":[],"class_list":{"0":"post-2009","1":"product","2":"type-product","3":"status-publish","4":"has-post-thumbnail","6":"product_cat-maquinas-a-explosion","7":"product_cat-sensei","9":"first","10":"instock","11":"shipping-taxable","12":"product-type-simple","13":"entry","14":"content-bg","15":"loop-entry"},"_links":{"self":[{"href":"https:\/\/suriego.com.ar\/index.php?rest_route=\/wp\/v2\/product\/2009","targetHints":{"allow":["GET"]}}],"collection":[{"href":"https:\/\/suriego.com.ar\/index.php?rest_route=\/wp\/v2\/product"}],"about":[{"href":"https:\/\/suriego.com.ar\/index.php?rest_route=\/wp\/v2\/types\/product"}],"replies":[{"embeddable":true,"href":"https:\/\/suriego.com.ar\/index.php?rest_route=%2Fwp%2Fv2%2Fcomments&post=2009"}],"wp:featuredmedia":[{"embeddable":true,"href":"https:\/\/suriego.com.ar\/index.php?rest_route=\/wp\/v2\/media\/2010"}],"wp:attachment":[{"href":"https:\/\/suriego.com.ar\/index.php?rest_route=%2Fwp%2Fv2%2Fmedia&parent=2009"}],"wp:term":[{"taxonomy":"product_brand","embeddable":true,"href":"https:\/\/suriego.com.ar\/index.php?rest_route=%2Fwp%2Fv2%2Fproduct_brand&post=2009"},{"taxonomy":"product_cat","embeddable":true,"href":"https:\/\/suriego.com.ar\/index.php?rest_route=%2Fwp%2Fv2%2Fproduct_cat&post=2009"},{"taxonomy":"product_tag","embeddable":true,"href":"https:\/\/suriego.com.ar\/index.php?rest_route=%2Fwp%2Fv2%2Fproduct_tag&post=2009"}],"curies":[{"name":"wp","href":"https:\/\/api.w.org\/{rel}","templated":true}]}}