{"id":1985,"date":"2025-06-13T17:27:50","date_gmt":"2025-06-13T20:27:50","guid":{"rendered":"https:\/\/suriego.com.ar\/?post_type=product&#038;p=1985"},"modified":"2025-06-13T17:58:32","modified_gmt":"2025-06-13T20:58:32","slug":"brago-confort-8-000kcal","status":"publish","type":"product","link":"https:\/\/suriego.com.ar\/?product=brago-confort-8-000kcal","title":{"rendered":"BRAGO CONFORT 8.000KCAL"},"content":{"rendered":"<p><strong>CALEFACTOR A PELLETS BRAGO 8 kw\/h &#8211; 6880 Kcal\/h<\/strong><br \/>\n<strong>Potencia cal\u00f3rica (m\u00e1x.): 8 kw<\/strong><br \/>\n<strong>Consumo (promedio): 1,3 Kg\/h<\/strong><br \/>\n<strong>Capacidad dep\u00f3sito: 15 Kg.<\/strong><br \/>\n<strong>Combustible: Pellets<\/strong><br \/>\n<strong>Tipo de regulaci\u00f3n: Manual<\/strong><br \/>\n<strong>Salida de humos: \u00d8 4 pulgadas<\/strong><br \/>\n<strong>Modo de apagado: Manual<\/strong><br \/>\n<strong>Peso bruto: 45 Kg<\/strong><br \/>\n<strong>Dimensiones: 30 x 123 x 45 cm<\/strong><\/p>\n","protected":false},"excerpt":{"rendered":"<p>CALEFACTOR A PELLETS BRAGO 8 kw\/h &#8211; 6880 Kcal\/h Potencia cal\u00f3rica (m\u00e1x.): 8 kw Consumo (promedio): 1,3 Kg\/h Capacidad dep\u00f3sito: 15 Kg. Combustible: Pellets Tipo de regulaci\u00f3n: Manual Salida de humos: \u00d8 4 pulgadas Modo de apagado: Manual Peso bruto: 45 Kg Dimensiones: 30 x 123 x 45 cm<\/p>\n","protected":false},"featured_media":1988,"comment_status":"closed","ping_status":"closed","template":"","meta":{"_kad_post_transparent":"default","_kad_post_title":"","_kad_post_layout":"default","_kad_post_sidebar_id":"","_kad_post_content_style":"default","_kad_post_vertical_padding":"default","_kad_post_feature":"","_kad_post_feature_position":"","_kad_post_header":false,"_kad_post_footer":false,"_kad_post_classname":""},"product_brand":[],"product_cat":[23,46],"product_tag":[],"class_list":{"0":"post-1985","1":"product","2":"type-product","3":"status-publish","4":"has-post-thumbnail","6":"product_cat-estufas-a-pellet","7":"product_cat-mueble-interior-exterior","9":"first","10":"instock","11":"shipping-taxable","12":"product-type-simple","13":"entry","14":"content-bg","15":"loop-entry"},"_links":{"self":[{"href":"https:\/\/suriego.com.ar\/index.php?rest_route=\/wp\/v2\/product\/1985","targetHints":{"allow":["GET"]}}],"collection":[{"href":"https:\/\/suriego.com.ar\/index.php?rest_route=\/wp\/v2\/product"}],"about":[{"href":"https:\/\/suriego.com.ar\/index.php?rest_route=\/wp\/v2\/types\/product"}],"replies":[{"embeddable":true,"href":"https:\/\/suriego.com.ar\/index.php?rest_route=%2Fwp%2Fv2%2Fcomments&post=1985"}],"wp:featuredmedia":[{"embeddable":true,"href":"https:\/\/suriego.com.ar\/index.php?rest_route=\/wp\/v2\/media\/1988"}],"wp:attachment":[{"href":"https:\/\/suriego.com.ar\/index.php?rest_route=%2Fwp%2Fv2%2Fmedia&parent=1985"}],"wp:term":[{"taxonomy":"product_brand","embeddable":true,"href":"https:\/\/suriego.com.ar\/index.php?rest_route=%2Fwp%2Fv2%2Fproduct_brand&post=1985"},{"taxonomy":"product_cat","embeddable":true,"href":"https:\/\/suriego.com.ar\/index.php?rest_route=%2Fwp%2Fv2%2Fproduct_cat&post=1985"},{"taxonomy":"product_tag","embeddable":true,"href":"https:\/\/suriego.com.ar\/index.php?rest_route=%2Fwp%2Fv2%2Fproduct_tag&post=1985"}],"curies":[{"name":"wp","href":"https:\/\/api.w.org\/{rel}","templated":true}]}}