{"id":1982,"date":"2025-06-13T17:12:04","date_gmt":"2025-06-13T20:12:04","guid":{"rendered":"https:\/\/suriego.com.ar\/?post_type=product&#038;p=1982"},"modified":"2025-06-13T17:12:05","modified_gmt":"2025-06-13T20:12:05","slug":"300-lts-termotanque-solar-cambell-art-th200","status":"publish","type":"product","link":"https:\/\/suriego.com.ar\/?product=300-lts-termotanque-solar-cambell-art-th200","title":{"rendered":"300 LTS TERMOTANQUE SOLAR CAMBELL \u2013 ART TH200"},"content":{"rendered":"<p><strong>\u00a0Capacidad: 300 Litros (6 Personas)<\/strong><br \/>\n<strong>\u2022 Apto para combinar con instalaciones existentes<\/strong><br \/>\n<strong>\u2022 Tanque Interno: Acero Inoxidable 304, apto para consumo.<\/strong><br \/>\n<strong>\u2022 Tanque Externo: Acero Inoxidable 304.<\/strong><br \/>\n<strong>\u2022 Dimensiones: Aprox. 460 x 2600 mm.<\/strong><br \/>\n<strong>\u2022 Espesor de la capa aislante Poliuret\u00e1nica: 50-55 mm.<\/strong><br \/>\n<strong>\u2022 Espesor del tanque Acero Inoxidable: 0.4mm.<\/strong><br \/>\n<strong>\u2022 Bastidor de Montaje: Aleaci\u00f3n de aluminio, espesor 1.4mm.<\/strong><br \/>\n<strong>\u2022 Tubos de Vac\u00edo: Dimensiones 58x1800mm.<\/strong><br \/>\n<strong>\u2022 Preservaci\u00f3n de calor: Aprox. 72hrs.<\/strong><br \/>\n<strong>\u2022 Resistencia al Granizo: Aprox. hasta 25mm.<\/strong><br \/>\n<strong>\u2022 Calentador el\u00e9ctrico ARISTON (Hecho en Italia) regulable: Permite mantener el agua caliente a\u00fan durante per\u00edodos de falta de sol. Tensi\u00f3n de trabajo: 220V &#8211; Potencia: 1,5KW &#8211; Seteable de 0 &#8211; 80\u00b0 C.<\/strong><br \/>\n<strong>\u2022 Barra de Magnesio: Evita la corrosi\u00f3n del termotanque, prologando su vida \u00fatil. Se recomienda cambiarla cada a\u00f1o.<\/strong><\/p>\n","protected":false},"excerpt":{"rendered":"<p>\u00a0Capacidad: 300 Litros (6 Personas) \u2022 Apto para combinar con instalaciones existentes \u2022 Tanque Interno: Acero Inoxidable 304, apto para consumo. \u2022 Tanque Externo: Acero Inoxidable 304. \u2022 Dimensiones: Aprox. 460 x 2600 mm. \u2022 Espesor de la capa aislante Poliuret\u00e1nica: 50-55 mm. \u2022 Espesor del tanque Acero Inoxidable: 0.4mm. \u2022 Bastidor de Montaje: Aleaci\u00f3n&#8230;<\/p>\n","protected":false},"featured_media":1979,"comment_status":"closed","ping_status":"closed","template":"","meta":{"_kad_post_transparent":"default","_kad_post_title":"","_kad_post_layout":"default","_kad_post_sidebar_id":"","_kad_post_content_style":"default","_kad_post_vertical_padding":"default","_kad_post_feature":"","_kad_post_feature_position":"","_kad_post_header":false,"_kad_post_footer":false,"_kad_post_classname":""},"product_brand":[],"product_cat":[35,33],"product_tag":[],"class_list":{"0":"post-1982","1":"product","2":"type-product","3":"status-publish","4":"has-post-thumbnail","6":"product_cat-calefones-solares","7":"product_cat-energia-renovable","9":"first","10":"instock","11":"shipping-taxable","12":"product-type-simple","13":"entry","14":"content-bg","15":"loop-entry"},"_links":{"self":[{"href":"https:\/\/suriego.com.ar\/index.php?rest_route=\/wp\/v2\/product\/1982","targetHints":{"allow":["GET"]}}],"collection":[{"href":"https:\/\/suriego.com.ar\/index.php?rest_route=\/wp\/v2\/product"}],"about":[{"href":"https:\/\/suriego.com.ar\/index.php?rest_route=\/wp\/v2\/types\/product"}],"replies":[{"embeddable":true,"href":"https:\/\/suriego.com.ar\/index.php?rest_route=%2Fwp%2Fv2%2Fcomments&post=1982"}],"wp:featuredmedia":[{"embeddable":true,"href":"https:\/\/suriego.com.ar\/index.php?rest_route=\/wp\/v2\/media\/1979"}],"wp:attachment":[{"href":"https:\/\/suriego.com.ar\/index.php?rest_route=%2Fwp%2Fv2%2Fmedia&parent=1982"}],"wp:term":[{"taxonomy":"product_brand","embeddable":true,"href":"https:\/\/suriego.com.ar\/index.php?rest_route=%2Fwp%2Fv2%2Fproduct_brand&post=1982"},{"taxonomy":"product_cat","embeddable":true,"href":"https:\/\/suriego.com.ar\/index.php?rest_route=%2Fwp%2Fv2%2Fproduct_cat&post=1982"},{"taxonomy":"product_tag","embeddable":true,"href":"https:\/\/suriego.com.ar\/index.php?rest_route=%2Fwp%2Fv2%2Fproduct_tag&post=1982"}],"curies":[{"name":"wp","href":"https:\/\/api.w.org\/{rel}","templated":true}]}}