{"id":1966,"date":"2025-06-13T11:16:55","date_gmt":"2025-06-13T14:16:55","guid":{"rendered":"https:\/\/suriego.com.ar\/?post_type=product&#038;p=1966"},"modified":"2025-06-13T11:16:55","modified_gmt":"2025-06-13T14:16:55","slug":"robot-dolphin-s50-para-piscinas","status":"publish","type":"product","link":"https:\/\/suriego.com.ar\/?product=robot-dolphin-s50-para-piscinas","title":{"rendered":"Robot Dolphin S50 Para Piscinas"},"content":{"rendered":"<ul id=\"collapsible-attributes-0\" class=\"collapsible-xl\">\n<li class=\"attribute-values d-flex flex-row align-items-center fs-15 lh-20 fw-medium colored-background\"><strong><span class=\"col\">Longitud m\u00e1xima de la piscina<\/span><span class=\"col\">8 metros<\/span><\/strong><\/li>\n<li class=\"attribute-values d-flex flex-row align-items-center fs-15 lh-20 fw-medium colored-background\"><strong><span class=\"col\">Tiempo de ciclo predeterminado: <\/span><span class=\"col\">1,5 horas<\/span><\/strong><\/li>\n<li class=\"attribute-values d-flex flex-row align-items-center fs-15 lh-20 fw-medium \"><strong><span class=\"col\">Tipo de filtro: <\/span><span class=\"col\">Kit de filtro fino<\/span><\/strong><\/li>\n<li class=\"attribute-values d-flex flex-row align-items-center fs-15 lh-20 fw-medium colored-background\"><strong><span class=\"col\">Sistema anti-torsi\u00f3n giratorio: <\/span><span class=\"col\">No<\/span><\/strong><\/li>\n<li class=\"attribute-values d-flex flex-row align-items-center fs-15 lh-20 fw-medium \"><strong><span class=\"col\">Tipo de aplicaci\u00f3n m\u00f3vil: <\/span><span class=\"col\">No<\/span><\/strong><\/li>\n<li class=\"attribute-values d-flex flex-row align-items-center fs-15 lh-20 fw-medium colored-background\"><strong><span class=\"col\">Temporizador semanal: <\/span><span class=\"col\">No<\/span><\/strong><\/li>\n<li class=\"attribute-values d-flex flex-row align-items-center fs-15 lh-20 fw-medium \"><strong><span class=\"col\">Funci\u00f3n de retardo: <\/span><span class=\"col\">No<\/span><\/strong><\/li>\n<li class=\"attribute-values d-flex flex-row align-items-center fs-15 lh-20 fw-medium colored-background\"><strong><span class=\"col\">Garant\u00eda\u00a0<\/span><\/strong><\/li>\n<\/ul>\n","protected":false},"excerpt":{"rendered":"<p>Longitud m\u00e1xima de la piscina8 metros Tiempo de ciclo predeterminado: 1,5 horas Tipo de filtro: Kit de filtro fino Sistema anti-torsi\u00f3n giratorio: No Tipo de aplicaci\u00f3n m\u00f3vil: No Temporizador semanal: No Funci\u00f3n de retardo: No Garant\u00eda\u00a0<\/p>\n","protected":false},"featured_media":1972,"comment_status":"closed","ping_status":"closed","template":"","meta":{"_kad_post_transparent":"default","_kad_post_title":"","_kad_post_layout":"default","_kad_post_sidebar_id":"","_kad_post_content_style":"default","_kad_post_vertical_padding":"default","_kad_post_feature":"","_kad_post_feature_position":"","_kad_post_header":false,"_kad_post_footer":false,"_kad_post_classname":""},"product_brand":[],"product_cat":[15,45],"product_tag":[],"class_list":{"0":"post-1966","1":"product","2":"type-product","3":"status-publish","4":"has-post-thumbnail","6":"product_cat-robot","7":"product_cat-pileta","9":"first","10":"instock","11":"shipping-taxable","12":"product-type-simple","13":"entry","14":"content-bg","15":"loop-entry"},"_links":{"self":[{"href":"https:\/\/suriego.com.ar\/index.php?rest_route=\/wp\/v2\/product\/1966","targetHints":{"allow":["GET"]}}],"collection":[{"href":"https:\/\/suriego.com.ar\/index.php?rest_route=\/wp\/v2\/product"}],"about":[{"href":"https:\/\/suriego.com.ar\/index.php?rest_route=\/wp\/v2\/types\/product"}],"replies":[{"embeddable":true,"href":"https:\/\/suriego.com.ar\/index.php?rest_route=%2Fwp%2Fv2%2Fcomments&post=1966"}],"wp:featuredmedia":[{"embeddable":true,"href":"https:\/\/suriego.com.ar\/index.php?rest_route=\/wp\/v2\/media\/1972"}],"wp:attachment":[{"href":"https:\/\/suriego.com.ar\/index.php?rest_route=%2Fwp%2Fv2%2Fmedia&parent=1966"}],"wp:term":[{"taxonomy":"product_brand","embeddable":true,"href":"https:\/\/suriego.com.ar\/index.php?rest_route=%2Fwp%2Fv2%2Fproduct_brand&post=1966"},{"taxonomy":"product_cat","embeddable":true,"href":"https:\/\/suriego.com.ar\/index.php?rest_route=%2Fwp%2Fv2%2Fproduct_cat&post=1966"},{"taxonomy":"product_tag","embeddable":true,"href":"https:\/\/suriego.com.ar\/index.php?rest_route=%2Fwp%2Fv2%2Fproduct_tag&post=1966"}],"curies":[{"name":"wp","href":"https:\/\/api.w.org\/{rel}","templated":true}]}}