{"id":1959,"date":"2025-06-13T11:01:14","date_gmt":"2025-06-13T14:01:14","guid":{"rendered":"https:\/\/suriego.com.ar\/?post_type=product&#038;p=1959"},"modified":"2025-06-13T11:01:15","modified_gmt":"2025-06-13T14:01:15","slug":"robot-dolphin-s300i-barrefondo-piscina-wifi","status":"publish","type":"product","link":"https:\/\/suriego.com.ar\/?product=robot-dolphin-s300i-barrefondo-piscina-wifi","title":{"rendered":"Robot Dolphin S300i Barrefondo Piscina Wifi"},"content":{"rendered":"<p><strong>L\u00ednea: Residencial<\/strong><br \/>\n<strong>Metros de la piscina: Hasta 12 Metros<\/strong><br \/>\n<strong>Longitud del Cable: 18 metros<\/strong><br \/>\n<strong>Limpieza de Paredes: si<\/strong><br \/>\n<strong>Cepilla l\u00ednea de flotaci\u00f3n: si<\/strong><br \/>\n<strong>Ciclo de limpieza: 1:30 \/ 2 \/ 2:30 Horas<\/strong><br \/>\n<strong>Filtraci\u00f3n Multicapa: si<\/strong><br \/>\n<strong>Smartphone APP control: si<\/strong><br \/>\n<strong>Motor dual: no<\/strong><br \/>\n<strong>Caddy: si<\/strong><br \/>\n<strong>Garant\u00eda: 24 Meses<\/strong><br \/>\n<strong>Swivel anti enredo: no<\/strong><br \/>\n<strong>Control remoto: no<\/strong><\/p>\n","protected":false},"excerpt":{"rendered":"<p>L\u00ednea: Residencial Metros de la piscina: Hasta 12 Metros Longitud del Cable: 18 metros Limpieza de Paredes: si Cepilla l\u00ednea de flotaci\u00f3n: si Ciclo de limpieza: 1:30 \/ 2 \/ 2:30 Horas Filtraci\u00f3n Multicapa: si Smartphone APP control: si Motor dual: no Caddy: si Garant\u00eda: 24 Meses Swivel anti enredo: no Control remoto: no<\/p>\n","protected":false},"featured_media":1960,"comment_status":"closed","ping_status":"closed","template":"","meta":{"_kad_post_transparent":"default","_kad_post_title":"","_kad_post_layout":"default","_kad_post_sidebar_id":"","_kad_post_content_style":"default","_kad_post_vertical_padding":"default","_kad_post_feature":"","_kad_post_feature_position":"","_kad_post_header":false,"_kad_post_footer":false,"_kad_post_classname":""},"product_brand":[],"product_cat":[15,45],"product_tag":[],"class_list":{"0":"post-1959","1":"product","2":"type-product","3":"status-publish","4":"has-post-thumbnail","6":"product_cat-robot","7":"product_cat-pileta","9":"first","10":"instock","11":"shipping-taxable","12":"product-type-simple","13":"entry","14":"content-bg","15":"loop-entry"},"_links":{"self":[{"href":"https:\/\/suriego.com.ar\/index.php?rest_route=\/wp\/v2\/product\/1959","targetHints":{"allow":["GET"]}}],"collection":[{"href":"https:\/\/suriego.com.ar\/index.php?rest_route=\/wp\/v2\/product"}],"about":[{"href":"https:\/\/suriego.com.ar\/index.php?rest_route=\/wp\/v2\/types\/product"}],"replies":[{"embeddable":true,"href":"https:\/\/suriego.com.ar\/index.php?rest_route=%2Fwp%2Fv2%2Fcomments&post=1959"}],"wp:featuredmedia":[{"embeddable":true,"href":"https:\/\/suriego.com.ar\/index.php?rest_route=\/wp\/v2\/media\/1960"}],"wp:attachment":[{"href":"https:\/\/suriego.com.ar\/index.php?rest_route=%2Fwp%2Fv2%2Fmedia&parent=1959"}],"wp:term":[{"taxonomy":"product_brand","embeddable":true,"href":"https:\/\/suriego.com.ar\/index.php?rest_route=%2Fwp%2Fv2%2Fproduct_brand&post=1959"},{"taxonomy":"product_cat","embeddable":true,"href":"https:\/\/suriego.com.ar\/index.php?rest_route=%2Fwp%2Fv2%2Fproduct_cat&post=1959"},{"taxonomy":"product_tag","embeddable":true,"href":"https:\/\/suriego.com.ar\/index.php?rest_route=%2Fwp%2Fv2%2Fproduct_tag&post=1959"}],"curies":[{"name":"wp","href":"https:\/\/api.w.org\/{rel}","templated":true}]}}