{"id":1956,"date":"2025-06-13T10:57:43","date_gmt":"2025-06-13T13:57:43","guid":{"rendered":"https:\/\/suriego.com.ar\/?post_type=product&#038;p=1956"},"modified":"2025-06-13T10:57:43","modified_gmt":"2025-06-13T13:57:43","slug":"robot-dolphin-s200-barrefondo-para-piscina","status":"publish","type":"product","link":"https:\/\/suriego.com.ar\/?product=robot-dolphin-s200-barrefondo-para-piscina","title":{"rendered":"Robot Dolphin S200 Barrefondo Para Piscina"},"content":{"rendered":"<p><strong>L\u00ednea: Residencial<\/strong><br \/>\n<strong>Metros de la piscina: Hasta 12 Metros<\/strong><br \/>\n<strong>Longitud del Cable: 18 Metros<\/strong><br \/>\n<strong>Limpieza de Paredes: si<\/strong><br \/>\n<strong>Cepilla l\u00ednea de flotaci\u00f3n: si<\/strong><br \/>\n<strong>Ciclo de limpieza: 2 Horas<\/strong><br \/>\n<strong>Filtraci\u00f3n Multicapa: no<\/strong><br \/>\n<strong>Smartphone APP control: no<\/strong><br \/>\n<strong>Motor dual: no<\/strong><br \/>\n<strong>Caddy: no<\/strong><br \/>\n<strong>Garant\u00eda: 24 Meses<\/strong><br \/>\n<strong>Swivel anti enredo: no<\/strong><br \/>\n<strong>Control remoto: no<\/strong><\/p>\n","protected":false},"excerpt":{"rendered":"<p>L\u00ednea: Residencial Metros de la piscina: Hasta 12 Metros Longitud del Cable: 18 Metros Limpieza de Paredes: si Cepilla l\u00ednea de flotaci\u00f3n: si Ciclo de limpieza: 2 Horas Filtraci\u00f3n Multicapa: no Smartphone APP control: no Motor dual: no Caddy: no Garant\u00eda: 24 Meses Swivel anti enredo: no Control remoto: no<\/p>\n","protected":false},"featured_media":1958,"comment_status":"closed","ping_status":"closed","template":"","meta":{"_kad_post_transparent":"default","_kad_post_title":"","_kad_post_layout":"default","_kad_post_sidebar_id":"","_kad_post_content_style":"default","_kad_post_vertical_padding":"default","_kad_post_feature":"","_kad_post_feature_position":"","_kad_post_header":false,"_kad_post_footer":false,"_kad_post_classname":""},"product_brand":[],"product_cat":[15,45],"product_tag":[],"class_list":{"0":"post-1956","1":"product","2":"type-product","3":"status-publish","4":"has-post-thumbnail","6":"product_cat-robot","7":"product_cat-pileta","9":"first","10":"instock","11":"shipping-taxable","12":"product-type-simple","13":"entry","14":"content-bg","15":"loop-entry"},"_links":{"self":[{"href":"https:\/\/suriego.com.ar\/index.php?rest_route=\/wp\/v2\/product\/1956","targetHints":{"allow":["GET"]}}],"collection":[{"href":"https:\/\/suriego.com.ar\/index.php?rest_route=\/wp\/v2\/product"}],"about":[{"href":"https:\/\/suriego.com.ar\/index.php?rest_route=\/wp\/v2\/types\/product"}],"replies":[{"embeddable":true,"href":"https:\/\/suriego.com.ar\/index.php?rest_route=%2Fwp%2Fv2%2Fcomments&post=1956"}],"wp:featuredmedia":[{"embeddable":true,"href":"https:\/\/suriego.com.ar\/index.php?rest_route=\/wp\/v2\/media\/1958"}],"wp:attachment":[{"href":"https:\/\/suriego.com.ar\/index.php?rest_route=%2Fwp%2Fv2%2Fmedia&parent=1956"}],"wp:term":[{"taxonomy":"product_brand","embeddable":true,"href":"https:\/\/suriego.com.ar\/index.php?rest_route=%2Fwp%2Fv2%2Fproduct_brand&post=1956"},{"taxonomy":"product_cat","embeddable":true,"href":"https:\/\/suriego.com.ar\/index.php?rest_route=%2Fwp%2Fv2%2Fproduct_cat&post=1956"},{"taxonomy":"product_tag","embeddable":true,"href":"https:\/\/suriego.com.ar\/index.php?rest_route=%2Fwp%2Fv2%2Fproduct_tag&post=1956"}],"curies":[{"name":"wp","href":"https:\/\/api.w.org\/{rel}","templated":true}]}}