{"id":1940,"date":"2025-06-03T11:08:19","date_gmt":"2025-06-03T14:08:19","guid":{"rendered":"https:\/\/suriego.com.ar\/?post_type=product&#038;p=1940"},"modified":"2025-06-03T11:08:19","modified_gmt":"2025-06-03T14:08:19","slug":"bomba-centrifuga-plumita-1-hp","status":"publish","type":"product","link":"https:\/\/suriego.com.ar\/?product=bomba-centrifuga-plumita-1-hp","title":{"rendered":"BOMBA CENTRIFUGA  PLUMITA 1 HP"},"content":{"rendered":"<p><strong>Electrobomba Centrifuga 1hp Plumita<\/strong><\/p>\n<p><strong>Motor: 1 hp (0.75KW)<\/strong><br \/>\n<strong>Caudal: 120 l\/min<\/strong><br \/>\n<strong>Altura manom\u00e9trica M\u00e1xima: 32m<\/strong><br \/>\n<strong>Succi\u00f3n m\u00e1xima: 8m<\/strong><br \/>\n<strong>Turbina de Corte<\/strong><br \/>\n<strong>Conexi\u00f3n: 1&#8243;<\/strong><br \/>\n<strong>Uso Domiciliario<\/strong><br \/>\n<strong>Peso: 13 Kg<\/strong><\/p>\n","protected":false},"excerpt":{"rendered":"<p>Electrobomba Centrifuga 1hp Plumita Motor: 1 hp (0.75KW) Caudal: 120 l\/min Altura manom\u00e9trica M\u00e1xima: 32m Succi\u00f3n m\u00e1xima: 8m Turbina de Corte Conexi\u00f3n: 1&#8243; Uso Domiciliario Peso: 13 Kg<\/p>\n","protected":false},"featured_media":1944,"comment_status":"closed","ping_status":"closed","template":"","meta":{"_kad_post_transparent":"default","_kad_post_title":"","_kad_post_layout":"default","_kad_post_sidebar_id":"","_kad_post_content_style":"default","_kad_post_vertical_padding":"default","_kad_post_feature":"","_kad_post_feature_position":"","_kad_post_header":false,"_kad_post_footer":false,"_kad_post_classname":""},"product_brand":[],"product_cat":[31,44],"product_tag":[],"class_list":{"0":"post-1940","1":"product","2":"type-product","3":"status-publish","4":"has-post-thumbnail","6":"product_cat-bombas-centrifuga","7":"product_cat-parque-jardines","9":"first","10":"instock","11":"shipping-taxable","12":"product-type-simple","13":"entry","14":"content-bg","15":"loop-entry"},"_links":{"self":[{"href":"https:\/\/suriego.com.ar\/index.php?rest_route=\/wp\/v2\/product\/1940","targetHints":{"allow":["GET"]}}],"collection":[{"href":"https:\/\/suriego.com.ar\/index.php?rest_route=\/wp\/v2\/product"}],"about":[{"href":"https:\/\/suriego.com.ar\/index.php?rest_route=\/wp\/v2\/types\/product"}],"replies":[{"embeddable":true,"href":"https:\/\/suriego.com.ar\/index.php?rest_route=%2Fwp%2Fv2%2Fcomments&post=1940"}],"wp:featuredmedia":[{"embeddable":true,"href":"https:\/\/suriego.com.ar\/index.php?rest_route=\/wp\/v2\/media\/1944"}],"wp:attachment":[{"href":"https:\/\/suriego.com.ar\/index.php?rest_route=%2Fwp%2Fv2%2Fmedia&parent=1940"}],"wp:term":[{"taxonomy":"product_brand","embeddable":true,"href":"https:\/\/suriego.com.ar\/index.php?rest_route=%2Fwp%2Fv2%2Fproduct_brand&post=1940"},{"taxonomy":"product_cat","embeddable":true,"href":"https:\/\/suriego.com.ar\/index.php?rest_route=%2Fwp%2Fv2%2Fproduct_cat&post=1940"},{"taxonomy":"product_tag","embeddable":true,"href":"https:\/\/suriego.com.ar\/index.php?rest_route=%2Fwp%2Fv2%2Fproduct_tag&post=1940"}],"curies":[{"name":"wp","href":"https:\/\/api.w.org\/{rel}","templated":true}]}}