{"id":1927,"date":"2025-05-31T10:01:36","date_gmt":"2025-05-31T13:01:36","guid":{"rendered":"https:\/\/suriego.com.ar\/?post_type=product&#038;p=1927"},"modified":"2025-05-31T10:01:36","modified_gmt":"2025-05-31T13:01:36","slug":"bomba-centrifuga-1hp-kushiro","status":"publish","type":"product","link":"https:\/\/suriego.com.ar\/?product=bomba-centrifuga-1hp-kushiro","title":{"rendered":"Bomba centrifuga 1HP Kushiro"},"content":{"rendered":"<table width=\"513\">\n<tbody>\n<tr>\n<td width=\"513\"><strong>Bomba centr\u00edfuga 1 HP<\/strong><br \/>\n<strong>Turbina bronce<\/strong><br \/>\n<strong>Potencia: 1 HP (750 W)<\/strong><br \/>\n<strong>Turbina de bronce<\/strong><br \/>\n<strong>Bobinado de cobre con protector t\u00e9rmico<\/strong><br \/>\n<strong>Motor con carcasa de aluminio<\/strong><br \/>\n<strong>Cuerpo de la bomba: fundici\u00f3n de acero<\/strong><br \/>\n<strong>Di\u00e1metro de entrada y salida: 1 \u00ab<\/strong><br \/>\n<strong>Altura m\u00e1xima: 30 m<\/strong><br \/>\n<strong>Succi\u00f3n: 8 m<\/strong><br \/>\n<strong>Caudal: 95 L\/min<\/strong><\/td>\n<\/tr>\n<\/tbody>\n<\/table>\n","protected":false},"excerpt":{"rendered":"<p>Bomba centr\u00edfuga 1 HP Turbina bronce Potencia: 1 HP (750 W) Turbina de bronce Bobinado de cobre con protector t\u00e9rmico Motor con carcasa de aluminio Cuerpo de la bomba: fundici\u00f3n de acero Di\u00e1metro de entrada y salida: 1 \u00ab Altura m\u00e1xima: 30 m Succi\u00f3n: 8 m Caudal: 95 L\/min<\/p>\n","protected":false},"featured_media":1928,"comment_status":"closed","ping_status":"closed","template":"","meta":{"_kad_post_transparent":"default","_kad_post_title":"","_kad_post_layout":"default","_kad_post_sidebar_id":"","_kad_post_content_style":"default","_kad_post_vertical_padding":"default","_kad_post_feature":"","_kad_post_feature_position":"","_kad_post_header":false,"_kad_post_footer":false,"_kad_post_classname":""},"product_brand":[],"product_cat":[31,44],"product_tag":[],"class_list":{"0":"post-1927","1":"product","2":"type-product","3":"status-publish","4":"has-post-thumbnail","6":"product_cat-bombas-centrifuga","7":"product_cat-parque-jardines","9":"first","10":"instock","11":"shipping-taxable","12":"product-type-simple","13":"entry","14":"content-bg","15":"loop-entry"},"_links":{"self":[{"href":"https:\/\/suriego.com.ar\/index.php?rest_route=\/wp\/v2\/product\/1927","targetHints":{"allow":["GET"]}}],"collection":[{"href":"https:\/\/suriego.com.ar\/index.php?rest_route=\/wp\/v2\/product"}],"about":[{"href":"https:\/\/suriego.com.ar\/index.php?rest_route=\/wp\/v2\/types\/product"}],"replies":[{"embeddable":true,"href":"https:\/\/suriego.com.ar\/index.php?rest_route=%2Fwp%2Fv2%2Fcomments&post=1927"}],"wp:featuredmedia":[{"embeddable":true,"href":"https:\/\/suriego.com.ar\/index.php?rest_route=\/wp\/v2\/media\/1928"}],"wp:attachment":[{"href":"https:\/\/suriego.com.ar\/index.php?rest_route=%2Fwp%2Fv2%2Fmedia&parent=1927"}],"wp:term":[{"taxonomy":"product_brand","embeddable":true,"href":"https:\/\/suriego.com.ar\/index.php?rest_route=%2Fwp%2Fv2%2Fproduct_brand&post=1927"},{"taxonomy":"product_cat","embeddable":true,"href":"https:\/\/suriego.com.ar\/index.php?rest_route=%2Fwp%2Fv2%2Fproduct_cat&post=1927"},{"taxonomy":"product_tag","embeddable":true,"href":"https:\/\/suriego.com.ar\/index.php?rest_route=%2Fwp%2Fv2%2Fproduct_tag&post=1927"}],"curies":[{"name":"wp","href":"https:\/\/api.w.org\/{rel}","templated":true}]}}