{"id":1864,"date":"2025-04-30T16:54:31","date_gmt":"2025-04-30T19:54:31","guid":{"rendered":"https:\/\/suriego.com.ar\/?post_type=product&#038;p=1864"},"modified":"2025-04-30T16:54:31","modified_gmt":"2025-04-30T19:54:31","slug":"austral-15000-con-horno","status":"publish","type":"product","link":"https:\/\/suriego.com.ar\/?product=austral-15000-con-horno","title":{"rendered":"AUSTRAL 15000 CON HORNO"},"content":{"rendered":"<p>Potencia<\/p>\n<p>15.000 Kcal\/h. Ambiente a climatizar hasta 120 mt2<\/p>\n<p>Dimensiones<\/p>\n<p>ANCHO<\/p>\n<p>61 cm<br \/>\nALTO<\/p>\n<p>96.9 cm<br \/>\nPROFUNDIDAD<\/p>\n<p>45.3 cm<br \/>\nCaracter\u00edsticas<\/p>\n<p>Piso enlozado y laterales curvos<br \/>\nMayor superficie vidriada<br \/>\nDoble combusti\u00f3n &#8211; Salida de Humo: 6\u201d<br \/>\nHorno con calor envolvente<br \/>\nMayor emisi\u00f3n cal\u00f3rica por convecci\u00f3n y radiaci\u00f3n<\/p>\n","protected":false},"excerpt":{"rendered":"<p><a href=\"#especificaciones\" class=\"btn btn-red-transparent-black btn-md\"><br \/>\n\t\t\t\t\t\t\t\t\t\t\t\t\tVer especificaciones<br \/>\n\t\t\t\t\t\t\t\t\t\t\t\t<\/a><\/p>\n","protected":false},"featured_media":1865,"comment_status":"closed","ping_status":"closed","template":"","meta":{"_kad_post_transparent":"default","_kad_post_title":"","_kad_post_layout":"default","_kad_post_sidebar_id":"","_kad_post_content_style":"default","_kad_post_vertical_padding":"default","_kad_post_feature":"","_kad_post_feature_position":"","_kad_post_header":false,"_kad_post_footer":false,"_kad_post_classname":""},"product_brand":[],"product_cat":[95,22,83],"product_tag":[],"class_list":{"0":"post-1864","1":"product","2":"type-product","3":"status-publish","4":"has-post-thumbnail","6":"product_cat-austral","7":"product_cat-estufas-doble-combustion","8":"product_cat-tromen","10":"first","11":"instock","12":"shipping-taxable","13":"product-type-simple","14":"entry","15":"content-bg","16":"loop-entry"},"_links":{"self":[{"href":"https:\/\/suriego.com.ar\/index.php?rest_route=\/wp\/v2\/product\/1864","targetHints":{"allow":["GET"]}}],"collection":[{"href":"https:\/\/suriego.com.ar\/index.php?rest_route=\/wp\/v2\/product"}],"about":[{"href":"https:\/\/suriego.com.ar\/index.php?rest_route=\/wp\/v2\/types\/product"}],"replies":[{"embeddable":true,"href":"https:\/\/suriego.com.ar\/index.php?rest_route=%2Fwp%2Fv2%2Fcomments&post=1864"}],"wp:featuredmedia":[{"embeddable":true,"href":"https:\/\/suriego.com.ar\/index.php?rest_route=\/wp\/v2\/media\/1865"}],"wp:attachment":[{"href":"https:\/\/suriego.com.ar\/index.php?rest_route=%2Fwp%2Fv2%2Fmedia&parent=1864"}],"wp:term":[{"taxonomy":"product_brand","embeddable":true,"href":"https:\/\/suriego.com.ar\/index.php?rest_route=%2Fwp%2Fv2%2Fproduct_brand&post=1864"},{"taxonomy":"product_cat","embeddable":true,"href":"https:\/\/suriego.com.ar\/index.php?rest_route=%2Fwp%2Fv2%2Fproduct_cat&post=1864"},{"taxonomy":"product_tag","embeddable":true,"href":"https:\/\/suriego.com.ar\/index.php?rest_route=%2Fwp%2Fv2%2Fproduct_tag&post=1864"}],"curies":[{"name":"wp","href":"https:\/\/api.w.org\/{rel}","templated":true}]}}