{"id":1850,"date":"2025-04-30T16:31:07","date_gmt":"2025-04-30T19:31:07","guid":{"rendered":"https:\/\/suriego.com.ar\/?post_type=product&#038;p=1850"},"modified":"2025-04-30T16:31:07","modified_gmt":"2025-04-30T19:31:07","slug":"austral-7000","status":"publish","type":"product","link":"https:\/\/suriego.com.ar\/?product=austral-7000","title":{"rendered":"AUSTRAL 7000"},"content":{"rendered":"<div class=\"row\">\n<div class=\"col-md-4 col-12 column-title\">\n<p class=\"text-red\">Potencia<\/p>\n<\/div>\n<div class=\"col-md-8 col-12 column-info\">\n<p>7.000 Kcal\/h hasta 65 mt2 Ambiente a climatizar<\/p>\n<\/div>\n<\/div>\n<div class=\"row\">\n<div class=\"col-md-4 col-12 column-title\">\n<p>&nbsp;<\/p>\n<p class=\"text-red\">Dimensiones<\/p>\n<\/div>\n<div class=\"col-md-8 col-12 column-info\">\n<ul class=\"grid-info\">\n<li>\n<p class=\"column-info-title\">ANCHO<\/p>\n<p>44 cm<\/li>\n<li>\n<p class=\"column-info-title\">ALTO<\/p>\n<p>54 cm<\/li>\n<li>\n<p class=\"column-info-title profundidad\">PROFUNDIDAD<\/p>\n<p>43.2 cm<\/li>\n<li>\n<p class=\"column-info-title\">PESO<\/p>\n<p>34.6 kg<\/li>\n<\/ul>\n<\/div>\n<\/div>\n<div class=\"row\">\n<div class=\"col-md-4 col-12 column-title\">\n<p class=\"text-red\">Caracter\u00edsticas<\/p>\n<\/div>\n<div class=\"col-md-8 col-12 column-info\">\n<ul class=\"caracteristicas\">\n<li>Piso enlozado<\/li>\n<li>Mayor superficie vidriada<\/li>\n<li>Laterales curvos<\/li>\n<li>Doble combusti\u00f3n &#8211; Salida de Humo: 4\u201d<\/li>\n<li>Mayor emisi\u00f3n cal\u00f3rica por convecci\u00f3n y radiaci\u00f3n<\/li>\n<\/ul>\n<\/div>\n<\/div>\n","protected":false},"excerpt":{"rendered":"<p><a href=\"#especificaciones\" class=\"btn btn-red-transparent-black btn-md\"><br \/>\n\t\t\t\t\t\t\t\t\t\t\t\t\tVer especificaciones<br \/>\n\t\t\t\t\t\t\t\t\t\t\t\t<\/a><\/p>\n","protected":false},"featured_media":1851,"comment_status":"closed","ping_status":"closed","template":"","meta":{"_kad_post_transparent":"default","_kad_post_title":"","_kad_post_layout":"default","_kad_post_sidebar_id":"","_kad_post_content_style":"default","_kad_post_vertical_padding":"default","_kad_post_feature":"","_kad_post_feature_position":"","_kad_post_header":false,"_kad_post_footer":false,"_kad_post_classname":""},"product_brand":[],"product_cat":[95,22,83],"product_tag":[],"class_list":{"0":"post-1850","1":"product","2":"type-product","3":"status-publish","4":"has-post-thumbnail","6":"product_cat-austral","7":"product_cat-estufas-doble-combustion","8":"product_cat-tromen","10":"first","11":"instock","12":"shipping-taxable","13":"product-type-simple","14":"entry","15":"content-bg","16":"loop-entry"},"_links":{"self":[{"href":"https:\/\/suriego.com.ar\/index.php?rest_route=\/wp\/v2\/product\/1850","targetHints":{"allow":["GET"]}}],"collection":[{"href":"https:\/\/suriego.com.ar\/index.php?rest_route=\/wp\/v2\/product"}],"about":[{"href":"https:\/\/suriego.com.ar\/index.php?rest_route=\/wp\/v2\/types\/product"}],"replies":[{"embeddable":true,"href":"https:\/\/suriego.com.ar\/index.php?rest_route=%2Fwp%2Fv2%2Fcomments&post=1850"}],"wp:featuredmedia":[{"embeddable":true,"href":"https:\/\/suriego.com.ar\/index.php?rest_route=\/wp\/v2\/media\/1851"}],"wp:attachment":[{"href":"https:\/\/suriego.com.ar\/index.php?rest_route=%2Fwp%2Fv2%2Fmedia&parent=1850"}],"wp:term":[{"taxonomy":"product_brand","embeddable":true,"href":"https:\/\/suriego.com.ar\/index.php?rest_route=%2Fwp%2Fv2%2Fproduct_brand&post=1850"},{"taxonomy":"product_cat","embeddable":true,"href":"https:\/\/suriego.com.ar\/index.php?rest_route=%2Fwp%2Fv2%2Fproduct_cat&post=1850"},{"taxonomy":"product_tag","embeddable":true,"href":"https:\/\/suriego.com.ar\/index.php?rest_route=%2Fwp%2Fv2%2Fproduct_tag&post=1850"}],"curies":[{"name":"wp","href":"https:\/\/api.w.org\/{rel}","templated":true}]}}