{"id":1422,"date":"2025-04-11T10:01:01","date_gmt":"2025-04-11T13:01:01","guid":{"rendered":"https:\/\/suriego.com.ar\/?post_type=product&#038;p=1422"},"modified":"2025-04-11T10:01:01","modified_gmt":"2025-04-11T13:01:01","slug":"tractor-h025-4wd-c-ruedas-agricolas","status":"publish","type":"product","link":"https:\/\/suriego.com.ar\/?product=tractor-h025-4wd-c-ruedas-agricolas","title":{"rendered":"TRACTOR H025 4WD C\/RUEDAS AGRICOLAS"},"content":{"rendered":"<div><strong>TRACTOR H025 4WD CON RUEDAS AGRICOLAS<\/strong><\/div>\n<p>&gt; CARACTERISTICAS:<\/p>\n<ul>\n<li>Motor Tricil\u00edndrico de 25 hp de inyecci\u00f3n directa.<\/li>\n<li>Refrigerado a agua.<\/li>\n<li>Tracci\u00f3n doble.<\/li>\n<li>Doble embrague.<\/li>\n<li>Frenos a disco<\/li>\n<li>Direcci\u00f3n hidr\u00e1ulica<\/li>\n<li>Bloqueo de diferencial<\/li>\n<li>Levante de 3 puntos<\/li>\n<li>Toma de fuerza de doble velocidad (540 \/ 1000 RPM) + bomba hidr\u00e1ulica con caudal de 30 L\/Min + Convertidor Mec\u00e1nico (S\u00f3lo en versi\u00f3n 4WD)<\/li>\n<\/ul>\n<ul>\n<li><strong>Dimensiones<\/strong>: 3080x1308x1930mm.<\/li>\n<li><strong>Distancia entre ejes:<\/strong>\u00a01645 mm.<\/li>\n<li><strong>Altura desde el piso:<\/strong>\u00a0295 mm.<\/li>\n<li><strong>Radio de giro:<\/strong>\u00a02.8 mts.<\/li>\n<li><strong>Rodado delantero:\u00a0<\/strong>6,50-16.<\/li>\n<li><strong>Rodado trasero:<\/strong>\u00a09.5-24&#8243;<\/li>\n<li><strong>Peso:<\/strong>\u00a01440 kg<em>.<\/em><\/li>\n<\/ul>\n<p>&nbsp;<\/p>\n<ul>\n<li><strong>Implementos ideales:<\/strong>\n<ul>\n<li><em>PALA FRONTAL 180F<\/em><\/li>\n<li><em>RETROEXCAVADORA 900R<\/em><\/li>\n<li><em>Carro ROLAND H1000 volcador \u00f3 ROLAND H2000, la\u00a0l\u00ednea de desmalezadoras ROLAND H005 (1,50 mts.) \u00f3 de cortadoras de c\u00e9sped para tractor como la ROLAND H130 (1,30 mts.) y\/o la ROLAND H200 PRO (2,00 mts.)<\/em><\/li>\n<\/ul>\n<\/li>\n<\/ul>\n","protected":false},"excerpt":{"rendered":"<table class=\"table-description table table-bordered\">\n<thead>\n<tr>\n<th colspan=\"2\">DETALLES<\/th>\n<\/tr>\n<\/thead>\n<tbody>\n<tr>\n<td class=\"attrTitle\">Marca<\/td>\n<td>Roland H<\/td>\n<\/tr>\n<tr>\n<td class=\"attrTitle\">\n\t\t\t\t\t\tA\u00f1o\n\t\t\t\t\t<\/td>\n<td>2022\n\t\t\t\t\t<\/td>\n<\/tr>\n<tr>\n<td>\n\t\t\t\t\t\t<i class=\"fa fa-download\"><\/i>\n\t\t\t\t\t<\/td>\n<td><a href=\"https:\/\/www.rolandh.com.ar\/mods\/html\/fil\/Model\/Product\/36\/61152bc9c85be-ficha-tecnica-rh025.pdf\" target=\"_blank\" class=\"attributes_link\"><img decoding=\"async\" src=\"images\/ico_text.png\" class=\"icon-img\">Ficha T\u00e9cnica<\/a>\n\t\t\t\t\t<\/td>\n<\/tr>\n<tr>\n<td>\n\t\t\t\t\t\t<i class=\"fa fa-download\"><\/i>\n\t\t\t\t\t<\/td>\n<td><a href=\"https:\/\/www.rolandh.com.ar\/mods\/html\/fil\/Model\/Product\/36\/61f2fb9d0bfd8-manual-de-usuario-roland-h025.pdf\" target=\"_blank\" class=\"attributes_link\"><img decoding=\"async\" src=\"images\/ico_text.png\" class=\"icon-img\">Manual de Usuario<\/a>\n\t\t\t\t\t<\/td>\n<\/tr>\n<\/tbody>\n<\/table>\n","protected":false},"featured_media":1423,"comment_status":"closed","ping_status":"closed","template":"","meta":{"_kad_post_transparent":"default","_kad_post_title":"","_kad_post_layout":"default","_kad_post_sidebar_id":"","_kad_post_content_style":"default","_kad_post_vertical_padding":"default","_kad_post_feature":"","_kad_post_feature_position":"","_kad_post_header":false,"_kad_post_footer":false,"_kad_post_classname":""},"product_brand":[],"product_cat":[85,88],"product_tag":[],"class_list":{"0":"post-1422","1":"product","2":"type-product","3":"status-publish","4":"has-post-thumbnail","6":"product_cat-rolandh","7":"product_cat-tractores","9":"first","10":"instock","11":"shipping-taxable","12":"product-type-simple","13":"entry","14":"content-bg","15":"loop-entry"},"_links":{"self":[{"href":"https:\/\/suriego.com.ar\/index.php?rest_route=\/wp\/v2\/product\/1422","targetHints":{"allow":["GET"]}}],"collection":[{"href":"https:\/\/suriego.com.ar\/index.php?rest_route=\/wp\/v2\/product"}],"about":[{"href":"https:\/\/suriego.com.ar\/index.php?rest_route=\/wp\/v2\/types\/product"}],"replies":[{"embeddable":true,"href":"https:\/\/suriego.com.ar\/index.php?rest_route=%2Fwp%2Fv2%2Fcomments&post=1422"}],"wp:featuredmedia":[{"embeddable":true,"href":"https:\/\/suriego.com.ar\/index.php?rest_route=\/wp\/v2\/media\/1423"}],"wp:attachment":[{"href":"https:\/\/suriego.com.ar\/index.php?rest_route=%2Fwp%2Fv2%2Fmedia&parent=1422"}],"wp:term":[{"taxonomy":"product_brand","embeddable":true,"href":"https:\/\/suriego.com.ar\/index.php?rest_route=%2Fwp%2Fv2%2Fproduct_brand&post=1422"},{"taxonomy":"product_cat","embeddable":true,"href":"https:\/\/suriego.com.ar\/index.php?rest_route=%2Fwp%2Fv2%2Fproduct_cat&post=1422"},{"taxonomy":"product_tag","embeddable":true,"href":"https:\/\/suriego.com.ar\/index.php?rest_route=%2Fwp%2Fv2%2Fproduct_tag&post=1422"}],"curies":[{"name":"wp","href":"https:\/\/api.w.org\/{rel}","templated":true}]}}