{"id":1420,"date":"2025-04-11T09:59:07","date_gmt":"2025-04-11T12:59:07","guid":{"rendered":"https:\/\/suriego.com.ar\/?post_type=product&#038;p=1420"},"modified":"2025-04-11T09:59:07","modified_gmt":"2025-04-11T12:59:07","slug":"tractor-h025-2wd-c-ruedas-agricolas","status":"publish","type":"product","link":"https:\/\/suriego.com.ar\/?product=tractor-h025-2wd-c-ruedas-agricolas","title":{"rendered":"TRACTOR H025 2WD C\/RUEDAS AGRICOLAS"},"content":{"rendered":"<div><strong>ROLAND H025 2WD CON RUEDAS AGRICOLAS<\/strong><\/div>\n<p>&gt;\u00a0CARACTERISTICAS:<\/p>\n<ul>\n<li>Motor Tricil\u00edndrico de 25 hp de inyecci\u00f3n directa, refrigerado a agua.<\/li>\n<li>Tracci\u00f3n simple.<\/li>\n<li>Doble embrague.<\/li>\n<li>Frenos a disco.<\/li>\n<li>Direcci\u00f3n hidr\u00e1ulica.<\/li>\n<li>Bloqueo de diferencial.<\/li>\n<li>Levante de 3 puntos.<\/li>\n<li>Toma de fuerza de doble velocidad (540 \/ 1000 RPM) + bomba hidr\u00e1ulica con caudal de 30 L\/Min + Convertidor Mec\u00e1nico (S\u00f3lo en versi\u00f3n 4WD.<\/li>\n<\/ul>\n<p>&nbsp;<\/p>\n<ul>\n<li>Dimensiones 3080x1500x1930mm \/ 3080x1308x1930mm.<\/li>\n<li>Distancia entre ejes 1595 \/ 1645 mm.<\/li>\n<li>Altura desde el piso 340 \/ 295 mm. Radio de giro 2.75 \/ 2.8 mts.<\/li>\n<li>Rodado delantero 26&#215;7,5-12 \/ 6,50-16.<\/li>\n<li>Rodado trasero 11,2-20 \/ 9.5-24&#8243;. Peso de 1340 \/1440 kg.<\/li>\n<\/ul>\n<p>&nbsp;<\/p>\n<ul>\n<li><strong>Implementos ideales:<\/strong>\n<ul>\n<li>PALA FRONTAL 180F<\/li>\n<li>RETROEXCAVADORA 900R<\/li>\n<li>Carro ROLAND H1000 volcador \u00f3 ROLAND H2000<\/li>\n<li>L\u00ednea de desmalezadoras ROLAND H005 (1,50 mts.) \u00f3 de cortadoras de c\u00e9sped para tractor como la ROLAND H130 (1,30 mts.) y\/o la ROLAND H200 PRO (2,00 mts.).<\/li>\n<li><a href=\"https:\/\/www.rolandh.com.ar\/resultado-busqueda.htm?keywords=hoyadora\">Hoyadoras\u00a0<\/a><\/li>\n<li>Rastras de discos<\/li>\n<\/ul>\n<\/li>\n<\/ul>\n","protected":false},"excerpt":{"rendered":"<table class=\"table-description table table-bordered\">\n<thead>\n<tr>\n<th colspan=\"2\">DETALLES<\/th>\n<\/tr>\n<\/thead>\n<tbody>\n<tr>\n<td class=\"attrTitle\">Marca<\/td>\n<td>Roland H<\/td>\n<\/tr>\n<tr>\n<td class=\"attrTitle\">\n\t\t\t\t\t\tA\u00f1o\n\t\t\t\t\t<\/td>\n<td>2021\n\t\t\t\t\t<\/td>\n<\/tr>\n<tr>\n<td>\n\t\t\t\t\t\t<i class=\"fa fa-download\"><\/i>\n\t\t\t\t\t<\/td>\n<td><a href=\"https:\/\/www.rolandh.com.ar\/mods\/html\/fil\/Model\/Product\/34\/6115279b8fecc-ficha-tecnica-rh025.pdf\" target=\"_blank\" class=\"attributes_link\"><img decoding=\"async\" src=\"images\/ico_text.png\" class=\"icon-img\">Ficha T\u00e9cnica<\/a>\n\t\t\t\t\t<\/td>\n<\/tr>\n<tr>\n<td>\n\t\t\t\t\t\t<i class=\"fa fa-download\"><\/i>\n\t\t\t\t\t<\/td>\n<td><a href=\"https:\/\/www.rolandh.com.ar\/mods\/html\/fil\/Model\/Product\/34\/61f2faecdded8-manual-de-usuario-roland-h025.pdf\" target=\"_blank\" class=\"attributes_link\"><img decoding=\"async\" src=\"images\/ico_text.png\" class=\"icon-img\">Manual de Usuario<\/a>\n\t\t\t\t\t<\/td>\n<\/tr>\n<\/tbody>\n<\/table>\n","protected":false},"featured_media":1421,"comment_status":"closed","ping_status":"closed","template":"","meta":{"_kad_post_transparent":"default","_kad_post_title":"","_kad_post_layout":"default","_kad_post_sidebar_id":"","_kad_post_content_style":"default","_kad_post_vertical_padding":"default","_kad_post_feature":"","_kad_post_feature_position":"","_kad_post_header":false,"_kad_post_footer":false,"_kad_post_classname":""},"product_brand":[],"product_cat":[85,88],"product_tag":[],"class_list":{"0":"post-1420","1":"product","2":"type-product","3":"status-publish","4":"has-post-thumbnail","6":"product_cat-rolandh","7":"product_cat-tractores","9":"first","10":"instock","11":"shipping-taxable","12":"product-type-simple","13":"entry","14":"content-bg","15":"loop-entry"},"_links":{"self":[{"href":"https:\/\/suriego.com.ar\/index.php?rest_route=\/wp\/v2\/product\/1420","targetHints":{"allow":["GET"]}}],"collection":[{"href":"https:\/\/suriego.com.ar\/index.php?rest_route=\/wp\/v2\/product"}],"about":[{"href":"https:\/\/suriego.com.ar\/index.php?rest_route=\/wp\/v2\/types\/product"}],"replies":[{"embeddable":true,"href":"https:\/\/suriego.com.ar\/index.php?rest_route=%2Fwp%2Fv2%2Fcomments&post=1420"}],"wp:featuredmedia":[{"embeddable":true,"href":"https:\/\/suriego.com.ar\/index.php?rest_route=\/wp\/v2\/media\/1421"}],"wp:attachment":[{"href":"https:\/\/suriego.com.ar\/index.php?rest_route=%2Fwp%2Fv2%2Fmedia&parent=1420"}],"wp:term":[{"taxonomy":"product_brand","embeddable":true,"href":"https:\/\/suriego.com.ar\/index.php?rest_route=%2Fwp%2Fv2%2Fproduct_brand&post=1420"},{"taxonomy":"product_cat","embeddable":true,"href":"https:\/\/suriego.com.ar\/index.php?rest_route=%2Fwp%2Fv2%2Fproduct_cat&post=1420"},{"taxonomy":"product_tag","embeddable":true,"href":"https:\/\/suriego.com.ar\/index.php?rest_route=%2Fwp%2Fv2%2Fproduct_tag&post=1420"}],"curies":[{"name":"wp","href":"https:\/\/api.w.org\/{rel}","templated":true}]}}