{"id":1418,"date":"2025-04-11T09:57:27","date_gmt":"2025-04-11T12:57:27","guid":{"rendered":"https:\/\/suriego.com.ar\/?post_type=product&#038;p=1418"},"modified":"2025-04-11T09:57:27","modified_gmt":"2025-04-11T12:57:27","slug":"tractor-rh100t-4wd-cabinado","status":"publish","type":"product","link":"https:\/\/suriego.com.ar\/?product=tractor-rh100t-4wd-cabinado","title":{"rendered":"TRACTOR RH100T 4WD CABINADO"},"content":{"rendered":"<p><strong>CARACTER\u00cdSTICAS:<\/strong><\/p>\n<ul>\n<li>Motor 4 cilindros, inyecci\u00f3n directa, diesel, turbo<\/li>\n<li>Doble tracci\u00f3n<\/li>\n<li>Peso: 3740kg<\/li>\n<li>Dimensiones generales: 4500x2030x2900<\/li>\n<li>Caja de transmisi\u00f3n: 12 de avance + 12 de retroceso<\/li>\n<li>Embrague seco, doble efecto, independiente<\/li>\n<li>Frenos en h\u00famedo<\/li>\n<li>Direcci\u00f3n hidr\u00e1ulica<\/li>\n<li>Velocidad m\u00e1xima: 35,8 km\/h<\/li>\n<li>Elevador 3 puntos de alta presi\u00f3n<\/li>\n<li>3 salidas hidr\u00e1ulicas, 50 L\/min<\/li>\n<li>Sistema economizador de combustible<\/li>\n<\/ul>\n","protected":false},"excerpt":{"rendered":"<p>CARACTER\u00cdSTICAS: Motor 4 cilindros, inyecci\u00f3n directa, diesel, turbo Doble tracci\u00f3n Peso: 3740kg Dimensiones generales: 4500x2030x2900 Caja de transmisi\u00f3n: 12 de avance + 12 de retroceso Embrague seco, doble efecto, independiente Frenos en h\u00famedo Direcci\u00f3n hidr\u00e1ulica Velocidad m\u00e1xima: 35,8 km\/h Elevador 3 puntos de alta presi\u00f3n 3 salidas hidr\u00e1ulicas, 50 L\/min Sistema economizador de combustible<\/p>\n","protected":false},"featured_media":1419,"comment_status":"closed","ping_status":"closed","template":"","meta":{"_kad_post_transparent":"default","_kad_post_title":"","_kad_post_layout":"default","_kad_post_sidebar_id":"","_kad_post_content_style":"default","_kad_post_vertical_padding":"default","_kad_post_feature":"","_kad_post_feature_position":"","_kad_post_header":false,"_kad_post_footer":false,"_kad_post_classname":""},"product_brand":[],"product_cat":[85,88],"product_tag":[],"class_list":{"0":"post-1418","1":"product","2":"type-product","3":"status-publish","4":"has-post-thumbnail","6":"product_cat-rolandh","7":"product_cat-tractores","9":"first","10":"instock","11":"shipping-taxable","12":"product-type-simple","13":"entry","14":"content-bg","15":"loop-entry"},"_links":{"self":[{"href":"https:\/\/suriego.com.ar\/index.php?rest_route=\/wp\/v2\/product\/1418","targetHints":{"allow":["GET"]}}],"collection":[{"href":"https:\/\/suriego.com.ar\/index.php?rest_route=\/wp\/v2\/product"}],"about":[{"href":"https:\/\/suriego.com.ar\/index.php?rest_route=\/wp\/v2\/types\/product"}],"replies":[{"embeddable":true,"href":"https:\/\/suriego.com.ar\/index.php?rest_route=%2Fwp%2Fv2%2Fcomments&post=1418"}],"wp:featuredmedia":[{"embeddable":true,"href":"https:\/\/suriego.com.ar\/index.php?rest_route=\/wp\/v2\/media\/1419"}],"wp:attachment":[{"href":"https:\/\/suriego.com.ar\/index.php?rest_route=%2Fwp%2Fv2%2Fmedia&parent=1418"}],"wp:term":[{"taxonomy":"product_brand","embeddable":true,"href":"https:\/\/suriego.com.ar\/index.php?rest_route=%2Fwp%2Fv2%2Fproduct_brand&post=1418"},{"taxonomy":"product_cat","embeddable":true,"href":"https:\/\/suriego.com.ar\/index.php?rest_route=%2Fwp%2Fv2%2Fproduct_cat&post=1418"},{"taxonomy":"product_tag","embeddable":true,"href":"https:\/\/suriego.com.ar\/index.php?rest_route=%2Fwp%2Fv2%2Fproduct_tag&post=1418"}],"curies":[{"name":"wp","href":"https:\/\/api.w.org\/{rel}","templated":true}]}}