{"id":1414,"date":"2025-04-11T09:54:33","date_gmt":"2025-04-11T12:54:33","guid":{"rendered":"https:\/\/suriego.com.ar\/?post_type=product&#038;p=1414"},"modified":"2025-04-11T09:54:34","modified_gmt":"2025-04-11T12:54:34","slug":"tractor-rh070-turbo-4wd-con-cabina","status":"publish","type":"product","link":"https:\/\/suriego.com.ar\/?product=tractor-rh070-turbo-4wd-con-cabina","title":{"rendered":"TRACTOR RH070 TURBO 4WD CON CABINA"},"content":{"rendered":"<p><strong>CARACTER\u00cdSTICAS:\u00a0<\/strong><\/p>\n<ul>\n<li>Motor 4 cilindros, inyecci\u00f3n directa, diesel, turbo<\/li>\n<li>Doble tracci\u00f3n<\/li>\n<li>Dimensiones generales: 3660x1640x2580<\/li>\n<li>Peso: 2070kg<\/li>\n<li>Caja de transmisi\u00f3n: 8 de avance + 8 de retroceso<\/li>\n<li>Embrague seco, doble efecto, no independiente<\/li>\n<li>Frenos: en seco<\/li>\n<li>Direcci\u00f3n hidr\u00e1ulica<\/li>\n<li>Velocidad m\u00e1xima: 29km\/h<\/li>\n<li>Elevador 3 puntos de alta presi\u00f3n, 1500kg en punto de enganche<\/li>\n<li>Doble salida hidr\u00e1ulica, 28 L\/min<\/li>\n<li>Sistema economizador de combustible<\/li>\n<\/ul>\n","protected":false},"excerpt":{"rendered":"<p>CARACTER\u00cdSTICAS:\u00a0 Motor 4 cilindros, inyecci\u00f3n directa, diesel, turbo Doble tracci\u00f3n Dimensiones generales: 3660x1640x2580 Peso: 2070kg Caja de transmisi\u00f3n: 8 de avance + 8 de retroceso Embrague seco, doble efecto, no independiente Frenos: en seco Direcci\u00f3n hidr\u00e1ulica Velocidad m\u00e1xima: 29km\/h Elevador 3 puntos de alta presi\u00f3n, 1500kg en punto de enganche Doble salida hidr\u00e1ulica, 28 L\/min&#8230;<\/p>\n","protected":false},"featured_media":1415,"comment_status":"closed","ping_status":"closed","template":"","meta":{"_kad_post_transparent":"default","_kad_post_title":"","_kad_post_layout":"default","_kad_post_sidebar_id":"","_kad_post_content_style":"default","_kad_post_vertical_padding":"default","_kad_post_feature":"","_kad_post_feature_position":"","_kad_post_header":false,"_kad_post_footer":false,"_kad_post_classname":""},"product_brand":[],"product_cat":[85,88],"product_tag":[],"class_list":{"0":"post-1414","1":"product","2":"type-product","3":"status-publish","4":"has-post-thumbnail","6":"product_cat-rolandh","7":"product_cat-tractores","9":"first","10":"instock","11":"shipping-taxable","12":"product-type-simple","13":"entry","14":"content-bg","15":"loop-entry"},"_links":{"self":[{"href":"https:\/\/suriego.com.ar\/index.php?rest_route=\/wp\/v2\/product\/1414","targetHints":{"allow":["GET"]}}],"collection":[{"href":"https:\/\/suriego.com.ar\/index.php?rest_route=\/wp\/v2\/product"}],"about":[{"href":"https:\/\/suriego.com.ar\/index.php?rest_route=\/wp\/v2\/types\/product"}],"replies":[{"embeddable":true,"href":"https:\/\/suriego.com.ar\/index.php?rest_route=%2Fwp%2Fv2%2Fcomments&post=1414"}],"wp:featuredmedia":[{"embeddable":true,"href":"https:\/\/suriego.com.ar\/index.php?rest_route=\/wp\/v2\/media\/1415"}],"wp:attachment":[{"href":"https:\/\/suriego.com.ar\/index.php?rest_route=%2Fwp%2Fv2%2Fmedia&parent=1414"}],"wp:term":[{"taxonomy":"product_brand","embeddable":true,"href":"https:\/\/suriego.com.ar\/index.php?rest_route=%2Fwp%2Fv2%2Fproduct_brand&post=1414"},{"taxonomy":"product_cat","embeddable":true,"href":"https:\/\/suriego.com.ar\/index.php?rest_route=%2Fwp%2Fv2%2Fproduct_cat&post=1414"},{"taxonomy":"product_tag","embeddable":true,"href":"https:\/\/suriego.com.ar\/index.php?rest_route=%2Fwp%2Fv2%2Fproduct_tag&post=1414"}],"curies":[{"name":"wp","href":"https:\/\/api.w.org\/{rel}","templated":true}]}}