{"id":1412,"date":"2025-04-11T09:52:13","date_gmt":"2025-04-11T12:52:13","guid":{"rendered":"https:\/\/suriego.com.ar\/?post_type=product&#038;p=1412"},"modified":"2025-04-11T09:52:13","modified_gmt":"2025-04-11T12:52:13","slug":"tractor-rh070-compacto-turbo","status":"publish","type":"product","link":"https:\/\/suriego.com.ar\/?product=tractor-rh070-compacto-turbo","title":{"rendered":"TRACTOR RH070 COMPACTO TURBO"},"content":{"rendered":"<p><strong>CARACTER\u00cdSTICAS:<\/strong><\/p>\n<ul>\n<li>Motor 4 cilindros, inyecci\u00f3n directa, diesel, turbo<\/li>\n<li>Doble tracci\u00f3n<\/li>\n<li>Peso: 1965kg sin contrapeso<\/li>\n<li>Dimensiones generales: 3340x1410x2400<\/li>\n<li>Caja de transmisi\u00f3n: 8 de avance + de retroceso<\/li>\n<li>Embrague seco, doble efecto, no independiente<\/li>\n<li>Frenos en seco<\/li>\n<li>Direcci\u00f3n hidr\u00e1ulica<\/li>\n<li>Velocidad m\u00e1xima: 25,7 km\/h<\/li>\n<li>Elevador 3 puntos de alta presi\u00f3n 1500kg en punto de enganche<\/li>\n<li>Doble salida hidr\u00e1ulica, 29 L\/min<\/li>\n<li>Sistema economizador de combustible<\/li>\n<\/ul>\n","protected":false},"excerpt":{"rendered":"<p>CARACTER\u00cdSTICAS: Motor 4 cilindros, inyecci\u00f3n directa, diesel, turbo Doble tracci\u00f3n Peso: 1965kg sin contrapeso Dimensiones generales: 3340x1410x2400 Caja de transmisi\u00f3n: 8 de avance + de retroceso Embrague seco, doble efecto, no independiente Frenos en seco Direcci\u00f3n hidr\u00e1ulica Velocidad m\u00e1xima: 25,7 km\/h Elevador 3 puntos de alta presi\u00f3n 1500kg en punto de enganche Doble salida hidr\u00e1ulica,&#8230;<\/p>\n","protected":false},"featured_media":1413,"comment_status":"closed","ping_status":"closed","template":"","meta":{"_kad_post_transparent":"default","_kad_post_title":"","_kad_post_layout":"default","_kad_post_sidebar_id":"","_kad_post_content_style":"default","_kad_post_vertical_padding":"default","_kad_post_feature":"","_kad_post_feature_position":"","_kad_post_header":false,"_kad_post_footer":false,"_kad_post_classname":""},"product_brand":[],"product_cat":[85,88],"product_tag":[],"class_list":{"0":"post-1412","1":"product","2":"type-product","3":"status-publish","4":"has-post-thumbnail","6":"product_cat-rolandh","7":"product_cat-tractores","9":"first","10":"instock","11":"shipping-taxable","12":"product-type-simple","13":"entry","14":"content-bg","15":"loop-entry"},"_links":{"self":[{"href":"https:\/\/suriego.com.ar\/index.php?rest_route=\/wp\/v2\/product\/1412","targetHints":{"allow":["GET"]}}],"collection":[{"href":"https:\/\/suriego.com.ar\/index.php?rest_route=\/wp\/v2\/product"}],"about":[{"href":"https:\/\/suriego.com.ar\/index.php?rest_route=\/wp\/v2\/types\/product"}],"replies":[{"embeddable":true,"href":"https:\/\/suriego.com.ar\/index.php?rest_route=%2Fwp%2Fv2%2Fcomments&post=1412"}],"wp:featuredmedia":[{"embeddable":true,"href":"https:\/\/suriego.com.ar\/index.php?rest_route=\/wp\/v2\/media\/1413"}],"wp:attachment":[{"href":"https:\/\/suriego.com.ar\/index.php?rest_route=%2Fwp%2Fv2%2Fmedia&parent=1412"}],"wp:term":[{"taxonomy":"product_brand","embeddable":true,"href":"https:\/\/suriego.com.ar\/index.php?rest_route=%2Fwp%2Fv2%2Fproduct_brand&post=1412"},{"taxonomy":"product_cat","embeddable":true,"href":"https:\/\/suriego.com.ar\/index.php?rest_route=%2Fwp%2Fv2%2Fproduct_cat&post=1412"},{"taxonomy":"product_tag","embeddable":true,"href":"https:\/\/suriego.com.ar\/index.php?rest_route=%2Fwp%2Fv2%2Fproduct_tag&post=1412"}],"curies":[{"name":"wp","href":"https:\/\/api.w.org\/{rel}","templated":true}]}}