{"id":1407,"date":"2025-04-11T09:49:08","date_gmt":"2025-04-11T12:49:08","guid":{"rendered":"https:\/\/suriego.com.ar\/?post_type=product&#038;p=1407"},"modified":"2025-04-11T09:49:08","modified_gmt":"2025-04-11T12:49:08","slug":"tractor-rh050-4wd-con-ruedas-agricolas","status":"publish","type":"product","link":"https:\/\/suriego.com.ar\/?product=tractor-rh050-4wd-con-ruedas-agricolas","title":{"rendered":"TRACTOR RH050 4WD CON RUEDAS AGRICOLAS"},"content":{"rendered":"<p>CARACTER\u00cdSTICAS:<\/p>\n<p>Motor 4 cilindros, inyecci\u00f3n directa, diesel<br \/>\nDoble tracci\u00f3n<br \/>\nDimensiones generales: 3660x1380x2540<br \/>\nPeso: 2023 kg (sin contrapeso)<br \/>\nCaja de transmisi\u00f3n: 8 de avance + 8 retroceso<br \/>\nEmbrague seco, doble efecto, no independiente<br \/>\nFrenos en seco<br \/>\nDirecci\u00f3n hidr\u00e1ulica<br \/>\nVelocidad m\u00e1xima: 29km\/h<br \/>\nElevador 3 puntos de alta presi\u00f3n, 1500kg en punto de enganche<br \/>\nDoble salida hidr\u00e1ulica, 28 L\/min<\/p>\n","protected":false},"excerpt":{"rendered":"<p>CARACTER\u00cdSTICAS: Motor 4 cilindros, inyecci\u00f3n directa, diesel Doble tracci\u00f3n Dimensiones generales: 3660x1380x2540 Peso: 2023 kg (sin contrapeso) Caja de transmisi\u00f3n: 8 de avance + 8 retroceso Embrague seco, doble efecto, no independiente Frenos en seco Direcci\u00f3n hidr\u00e1ulica Velocidad m\u00e1xima: 29km\/h Elevador 3 puntos de alta presi\u00f3n, 1500kg en punto de enganche Doble salida hidr\u00e1ulica, 28&#8230;<\/p>\n","protected":false},"featured_media":1408,"comment_status":"closed","ping_status":"closed","template":"","meta":{"_kad_post_transparent":"default","_kad_post_title":"","_kad_post_layout":"default","_kad_post_sidebar_id":"","_kad_post_content_style":"default","_kad_post_vertical_padding":"default","_kad_post_feature":"","_kad_post_feature_position":"","_kad_post_header":false,"_kad_post_footer":false,"_kad_post_classname":""},"product_brand":[],"product_cat":[85,88],"product_tag":[],"class_list":{"0":"post-1407","1":"product","2":"type-product","3":"status-publish","4":"has-post-thumbnail","6":"product_cat-rolandh","7":"product_cat-tractores","9":"first","10":"instock","11":"shipping-taxable","12":"product-type-simple","13":"entry","14":"content-bg","15":"loop-entry"},"_links":{"self":[{"href":"https:\/\/suriego.com.ar\/index.php?rest_route=\/wp\/v2\/product\/1407","targetHints":{"allow":["GET"]}}],"collection":[{"href":"https:\/\/suriego.com.ar\/index.php?rest_route=\/wp\/v2\/product"}],"about":[{"href":"https:\/\/suriego.com.ar\/index.php?rest_route=\/wp\/v2\/types\/product"}],"replies":[{"embeddable":true,"href":"https:\/\/suriego.com.ar\/index.php?rest_route=%2Fwp%2Fv2%2Fcomments&post=1407"}],"wp:featuredmedia":[{"embeddable":true,"href":"https:\/\/suriego.com.ar\/index.php?rest_route=\/wp\/v2\/media\/1408"}],"wp:attachment":[{"href":"https:\/\/suriego.com.ar\/index.php?rest_route=%2Fwp%2Fv2%2Fmedia&parent=1407"}],"wp:term":[{"taxonomy":"product_brand","embeddable":true,"href":"https:\/\/suriego.com.ar\/index.php?rest_route=%2Fwp%2Fv2%2Fproduct_brand&post=1407"},{"taxonomy":"product_cat","embeddable":true,"href":"https:\/\/suriego.com.ar\/index.php?rest_route=%2Fwp%2Fv2%2Fproduct_cat&post=1407"},{"taxonomy":"product_tag","embeddable":true,"href":"https:\/\/suriego.com.ar\/index.php?rest_route=%2Fwp%2Fv2%2Fproduct_tag&post=1407"}],"curies":[{"name":"wp","href":"https:\/\/api.w.org\/{rel}","templated":true}]}}