{"id":1381,"date":"2025-04-09T18:17:21","date_gmt":"2025-04-09T21:17:21","guid":{"rendered":"https:\/\/suriego.com.ar\/?post_type=product&#038;p=1381"},"modified":"2025-04-09T18:17:21","modified_gmt":"2025-04-09T21:17:21","slug":"tractodesmalezador-roland-h-t-rex-4wd-23hp","status":"publish","type":"product","link":"https:\/\/suriego.com.ar\/?product=tractodesmalezador-roland-h-t-rex-4wd-23hp","title":{"rendered":"TRACTODESMALEZADOR ROLAND H T REX 4WD 23HP"},"content":{"rendered":"<p>DESCRIPCI\u00d3N: <\/p>\n<p>El Tractor Desmalezador Profesional ROLAND H T-REX 4&#215;2 es un equipo de alto rendimiento ideal para la limpieza y mantenci\u00f3n de espacios verdes y\/o agrestes en terrenos llanos, irregulares y hasta escarpados. Apto para Cortar C\u00e9sped, Malezas y Arbustos.  <\/p>\n<p>Caracter\u00edsticas: <\/p>\n<p>Sube pendientes de hasta 20\u00ba y resulta muy maniobrable en espacios reducidos.<br \/>\nPosee un Motor Briggs &amp; Stratton Bicil\u00edndrico VANGUARD 23HP.<br \/>\nAltura de corte: Regulable en 5 Niveles desde 5 cm a 10cm + 1 Nivel para Transporte a 12cm<br \/>\nTRANSMISI\u00d3N HIDROST\u00c1TICA con TRACCI\u00d3N TRASERA (2WD) Tuff Torq.<br \/>\nPosee BLOQUEO DIFERENCIAL accionado mediante palanca y control de VELOCIDAD CRUCERO.<br \/>\nPosici\u00f3n de conducci\u00f3n ergon\u00f3mica, volante con pomo y pantalla con indicadores de informaci\u00f3n b\u00e1sicos.<br \/>\nDIMENSIONES: 2310 x 1050 x 1505 mm (L x Ancho x Alto) &#8211;<br \/>\nPESO: 315Kg.<br \/>\nPosee una Unidad de Corte Desmalezador (de C\u00e9sped, Malezas y Arbustos) de 92cm de ancho.<br \/>\nAmplia variedad de Accesorios Disponibles para su uso durante todo el a\u00f1o.<br \/>\nORIGEN EUROPEO<\/p>\n","protected":false},"excerpt":{"rendered":"<p>DESCRIPCI\u00d3N: El Tractor Desmalezador Profesional ROLAND H T-REX 4&#215;2 es un equipo de alto rendimiento ideal para la limpieza y mantenci\u00f3n de espacios verdes y\/o agrestes en terrenos llanos, irregulares y hasta escarpados. Apto para Cortar C\u00e9sped, Malezas y Arbustos. Caracter\u00edsticas: Sube pendientes de hasta 20\u00ba y resulta muy maniobrable en espacios reducidos. Posee un&#8230;<\/p>\n","protected":false},"featured_media":1382,"comment_status":"closed","ping_status":"closed","template":"","meta":{"_kad_post_transparent":"default","_kad_post_title":"","_kad_post_layout":"default","_kad_post_sidebar_id":"","_kad_post_content_style":"default","_kad_post_vertical_padding":"default","_kad_post_feature":"","_kad_post_feature_position":"","_kad_post_header":false,"_kad_post_footer":false,"_kad_post_classname":""},"product_brand":[],"product_cat":[85,94],"product_tag":[],"class_list":{"0":"post-1381","1":"product","2":"type-product","3":"status-publish","4":"has-post-thumbnail","6":"product_cat-rolandh","7":"product_cat-t-rex-tractodesmalezador","9":"first","10":"instock","11":"shipping-taxable","12":"product-type-simple","13":"entry","14":"content-bg","15":"loop-entry"},"_links":{"self":[{"href":"https:\/\/suriego.com.ar\/index.php?rest_route=\/wp\/v2\/product\/1381","targetHints":{"allow":["GET"]}}],"collection":[{"href":"https:\/\/suriego.com.ar\/index.php?rest_route=\/wp\/v2\/product"}],"about":[{"href":"https:\/\/suriego.com.ar\/index.php?rest_route=\/wp\/v2\/types\/product"}],"replies":[{"embeddable":true,"href":"https:\/\/suriego.com.ar\/index.php?rest_route=%2Fwp%2Fv2%2Fcomments&post=1381"}],"wp:featuredmedia":[{"embeddable":true,"href":"https:\/\/suriego.com.ar\/index.php?rest_route=\/wp\/v2\/media\/1382"}],"wp:attachment":[{"href":"https:\/\/suriego.com.ar\/index.php?rest_route=%2Fwp%2Fv2%2Fmedia&parent=1381"}],"wp:term":[{"taxonomy":"product_brand","embeddable":true,"href":"https:\/\/suriego.com.ar\/index.php?rest_route=%2Fwp%2Fv2%2Fproduct_brand&post=1381"},{"taxonomy":"product_cat","embeddable":true,"href":"https:\/\/suriego.com.ar\/index.php?rest_route=%2Fwp%2Fv2%2Fproduct_cat&post=1381"},{"taxonomy":"product_tag","embeddable":true,"href":"https:\/\/suriego.com.ar\/index.php?rest_route=%2Fwp%2Fv2%2Fproduct_tag&post=1381"}],"curies":[{"name":"wp","href":"https:\/\/api.w.org\/{rel}","templated":true}]}}