{"id":1174,"date":"2024-11-15T09:15:31","date_gmt":"2024-11-15T12:15:31","guid":{"rendered":"http:\/\/suriego.com.ar\/?post_type=product&#038;p=1174"},"modified":"2024-11-15T09:15:36","modified_gmt":"2024-11-15T12:15:36","slug":"skimmer-boca-chica-h","status":"publish","type":"product","link":"https:\/\/suriego.com.ar\/?product=skimmer-boca-chica-h","title":{"rendered":"Skimmer boca chica H"},"content":{"rendered":"<div class=\"elementor-element elementor-element-2632091 elementor-widget elementor-widget-text-editor\" data-id=\"2632091\" data-element_type=\"widget\" data-widget_type=\"text-editor.default\">\n<div class=\"elementor-widget-container\">C\u00f3digo: 119002<\/div>\n<\/div>\n<div class=\"elementor-element elementor-element-896c62a elementor-widget elementor-widget-shortcode\" data-id=\"896c62a\" data-element_type=\"widget\" data-widget_type=\"shortcode.default\">\n<div class=\"elementor-widget-container\">\n<div class=\"elementor-shortcode\"><\/div>\n<\/div>\n<\/div>\n<div class=\"elementor-element elementor-element-91b1c81 oculto-descripcion elementor-widget-divider--view-line elementor-widget elementor-widget-divider\" data-id=\"91b1c81\" data-element_type=\"widget\" data-widget_type=\"divider.default\">\n<div class=\"elementor-widget-container\">\n<div class=\"elementor-divider\"><\/div>\n<\/div>\n<\/div>\n<div class=\"elementor-element elementor-element-25e633b oculto-descripcion elementor-widget elementor-widget-woocommerce-product-short-description\" data-id=\"25e633b\" data-element_type=\"widget\" data-widget_type=\"woocommerce-product-short-description.default\">\n<div class=\"elementor-widget-container\">\n<div class=\"woocommerce-product-details__short-description\">\n<div class=\"contenedor-tabla\"><b>Tipo de Piscina:<\/b>\u00a0hormig\u00f3n<\/div>\n<p>&nbsp;<\/p>\n<div class=\"contenedor-tabla\"><b>Ancho de piscina:<\/b>\u00a0hasta 4 metros<\/div>\n<p>&nbsp;<\/p>\n<div class=\"contenedor-tabla\"><b>Tomas:<\/b>\u00a0rosca Hembra 1 1\/2\u201d Pegar \u00f850<\/div>\n<p>&nbsp;<\/p>\n<\/div>\n<\/div>\n<\/div>\n<div class=\"elementor-element elementor-element-6819988 ajuste-descripcion elementor-widget-divider--view-line elementor-widget elementor-widget-divider\" data-id=\"6819988\" data-element_type=\"widget\" data-widget_type=\"divider.default\">\n<div class=\"elementor-widget-container\">\n<div class=\"elementor-divider\"><\/div>\n<\/div>\n<\/div>\n<div class=\"elementor-element elementor-element-5c7d18a elementor-widget elementor-widget-heading\" data-id=\"5c7d18a\" data-element_type=\"widget\" data-widget_type=\"heading.default\">\n<div class=\"elementor-widget-container\">\n<h2 class=\"elementor-heading-title elementor-size-default\">Descripci\u00f3n<\/h2>\n<\/div>\n<\/div>\n<div class=\"elementor-element elementor-element-8875f92 elementor-widget elementor-widget-shortcode\" data-id=\"8875f92\" data-element_type=\"widget\" data-widget_type=\"shortcode.default\">\n<div class=\"elementor-widget-container\">\n<div class=\"elementor-shortcode\">\n<div class=\"product-description\">\n<div class=\"description\">\n<p>Toma superficial de agua Vulcano para piscinas de hormig\u00f3n con boca de 20 cm de ancho y cuello de 265 cm de largo. Su funci\u00f3n es eliminar las impurezas flotantes en la piscina como hojas, papeles, cabellos, insectos, aceites bronceadores, residuos varios, etc.<br \/>\nEl skimmer filtra el agua y favorece el movimiento, garantizando as\u00ed una limpieza correcta de la piscina, ya que la l\u00e1mina superior del agua es la de menor contenido de cloro y en consecuencia junta mayor cantidad de microorganismos.<\/p>\n<p>Construido en termopl\u00e1stico ABS de color blanco de alta resistencia, est\u00e1 provisto de conexiones con uniones dobles formadas por bujes de rosca hembra de 1 1\/2&#8243; para ca\u00f1os de polipropileno y lisos de \u00f850 mm para pegar ca\u00f1os de PVC.<\/p>\n<p><b>Caracter\u00edsticas t\u00e9cnicas<\/b><br \/>\n\u2022 Canasto interior para la retenci\u00f3n de impurezas.<br \/>\n\u2022 2 tomas de conexi\u00f3n a bomba y\/o toma de fondo.<br \/>\n\u2022 Marco desmontable de f\u00e1cil instalaci\u00f3n.<br \/>\n\u2022 M\u00f3dulo extensor opcional de 130 mm (C\u00f3digo 237002).<\/p>\n<p><b>Recomendaciones<\/b><br \/>\n\u2022 Para seleccionar el skimmer adecuado es necesario tener en cuenta la superficie de la piscina y el ancho del misma. En piscinas residenciales se recomienda instalar un skimmer por cada 35m\u00b2 de superficie.<br \/>\n\u2022 Conectar siempre la boca prevista para el desborde.<\/p>\n<\/div>\n<\/div>\n<\/div>\n<\/div>\n<\/div>\n","protected":false},"excerpt":{"rendered":"<p><a href=\"https:\/\/suriego.com.ar\/wp-content\/uploads\/2024\/11\/DESCARGAR-MANUAL-SKIMMER-BOCA-CHICA.pdf\">DESCARGAR MANUAL SKIMMER BOCA CHICA<\/a><\/p>\n","protected":false},"featured_media":1176,"comment_status":"closed","ping_status":"closed","template":"","meta":{"_kad_post_transparent":"default","_kad_post_title":"","_kad_post_layout":"default","_kad_post_sidebar_id":"","_kad_post_content_style":"default","_kad_post_vertical_padding":"default","_kad_post_feature":"","_kad_post_feature_position":"","_kad_post_header":false,"_kad_post_footer":false,"_kad_post_classname":""},"product_brand":[],"product_cat":[67,72,57],"product_tag":[],"class_list":{"0":"post-1174","1":"product","2":"type-product","3":"status-publish","4":"has-post-thumbnail","6":"product_cat-instalacion","7":"product_cat-skimmers","8":"product_cat-vulcano","10":"first","11":"instock","12":"shipping-taxable","13":"product-type-simple","14":"entry","15":"content-bg","16":"loop-entry"},"_links":{"self":[{"href":"https:\/\/suriego.com.ar\/index.php?rest_route=\/wp\/v2\/product\/1174","targetHints":{"allow":["GET"]}}],"collection":[{"href":"https:\/\/suriego.com.ar\/index.php?rest_route=\/wp\/v2\/product"}],"about":[{"href":"https:\/\/suriego.com.ar\/index.php?rest_route=\/wp\/v2\/types\/product"}],"replies":[{"embeddable":true,"href":"https:\/\/suriego.com.ar\/index.php?rest_route=%2Fwp%2Fv2%2Fcomments&post=1174"}],"wp:featuredmedia":[{"embeddable":true,"href":"https:\/\/suriego.com.ar\/index.php?rest_route=\/wp\/v2\/media\/1176"}],"wp:attachment":[{"href":"https:\/\/suriego.com.ar\/index.php?rest_route=%2Fwp%2Fv2%2Fmedia&parent=1174"}],"wp:term":[{"taxonomy":"product_brand","embeddable":true,"href":"https:\/\/suriego.com.ar\/index.php?rest_route=%2Fwp%2Fv2%2Fproduct_brand&post=1174"},{"taxonomy":"product_cat","embeddable":true,"href":"https:\/\/suriego.com.ar\/index.php?rest_route=%2Fwp%2Fv2%2Fproduct_cat&post=1174"},{"taxonomy":"product_tag","embeddable":true,"href":"https:\/\/suriego.com.ar\/index.php?rest_route=%2Fwp%2Fv2%2Fproduct_tag&post=1174"}],"curies":[{"name":"wp","href":"https:\/\/api.w.org\/{rel}","templated":true}]}}