{"id":1154,"date":"2024-11-15T08:55:29","date_gmt":"2024-11-15T11:55:29","guid":{"rendered":"http:\/\/suriego.com.ar\/?post_type=product&#038;p=1154"},"modified":"2024-11-15T09:08:54","modified_gmt":"2024-11-15T12:08:54","slug":"filtro-vc-10-para-piscina","status":"publish","type":"product","link":"https:\/\/suriego.com.ar\/?product=filtro-vc-10-para-piscina","title":{"rendered":"Filtro VC-10 para piscina"},"content":{"rendered":"<div class=\"elementor-element elementor-element-2632091 elementor-widget elementor-widget-text-editor\" data-id=\"2632091\" data-element_type=\"widget\" data-widget_type=\"text-editor.default\">\n<div class=\"elementor-widget-container\">C\u00f3digo: 139010<\/div>\n<\/div>\n<div class=\"elementor-element elementor-element-896c62a elementor-widget elementor-widget-shortcode\" data-id=\"896c62a\" data-element_type=\"widget\" data-widget_type=\"shortcode.default\">\n<div class=\"elementor-widget-container\">\n<div class=\"elementor-shortcode\"><\/div>\n<\/div>\n<\/div>\n<div class=\"elementor-element elementor-element-91b1c81 oculto-descripcion elementor-widget-divider--view-line elementor-widget elementor-widget-divider\" data-id=\"91b1c81\" data-element_type=\"widget\" data-widget_type=\"divider.default\">\n<div class=\"elementor-widget-container\">\n<div class=\"elementor-divider\"><\/div>\n<\/div>\n<\/div>\n<div class=\"elementor-element elementor-element-25e633b oculto-descripcion elementor-widget elementor-widget-woocommerce-product-short-description\" data-id=\"25e633b\" data-element_type=\"widget\" data-widget_type=\"woocommerce-product-short-description.default\">\n<div class=\"elementor-widget-container\">\n<div class=\"woocommerce-product-details__short-description\">\n<div class=\"contenedor-tabla\"><b>Volumen de Piscina:<\/b>\u00a0hasta 20.000 l<\/div>\n<p>&nbsp;<\/p>\n<div class=\"contenedor-tabla\"><b>Material Filtrante:<\/b>\u00a018 kg<\/div>\n<p>&nbsp;<\/p>\n<div class=\"contenedor-tabla\"><b>Proceso de fabricaci\u00f3n:<\/b>\u00a0soplado<\/div>\n<p>&nbsp;<\/p>\n<div class=\"contenedor-tabla\"><b>Selector:<\/b>\u00a0multiv\u00e1lvula 6 v\u00edas \u2013 1 \u00bd\u00bb s\/buje<\/div>\n<\/div>\n<\/div>\n<\/div>\n<div class=\"elementor-element elementor-element-6819988 ajuste-descripcion elementor-widget-divider--view-line elementor-widget elementor-widget-divider\" data-id=\"6819988\" data-element_type=\"widget\" data-widget_type=\"divider.default\">\n<div class=\"elementor-widget-container\">\n<div class=\"elementor-divider\"><\/div>\n<\/div>\n<\/div>\n<div class=\"elementor-element elementor-element-5c7d18a elementor-widget elementor-widget-heading\" data-id=\"5c7d18a\" data-element_type=\"widget\" data-widget_type=\"heading.default\">\n<div class=\"elementor-widget-container\">\n<h2 class=\"elementor-heading-title elementor-size-default\">Descripci\u00f3n<\/h2>\n<\/div>\n<\/div>\n<div class=\"elementor-element elementor-element-8875f92 elementor-widget elementor-widget-shortcode\" data-id=\"8875f92\" data-element_type=\"widget\" data-widget_type=\"shortcode.default\">\n<div class=\"elementor-widget-container\">\n<div class=\"elementor-shortcode\">\n<div class=\"product-description\">\n<div class=\"description\">\n<p>Filtro VC-10 Vulcano de \u00f8290 mm para piscinas de hasta 20.000 litros. Dise\u00f1ado para eliminar las impurezas (mayores a 20 \u00b5) que llegan al agua por medio del viento, lluvia o el uso. Fabricado por soplado en una sola pieza con materiales de alta resistencia a la corrosi\u00f3n, este equipo garantiza una larga vida \u00fatil con \u00f3ptimo funcionamiento.<\/p>\n<p>Cuenta con uniones r\u00e1pidas para pegar y roscar y Multiv\u00e1lvula selectora de 6 v\u00edas para las funciones de filtrado, retrolavado, desagote, enjuague, centrifugado y cierre.<\/p>\n<p>Contamos con una completa l\u00ednea de repuestos disponibles para la reparaci\u00f3n y mantenimiento de este equipo.<\/p>\n<p><b>Caracter\u00edsticas t\u00e9cnicas<\/b><br \/>\n\u2022 Presi\u00f3n m\u00e1xima de trabajo 1.5 kg\/cm\u00b2.<br \/>\n\u2022 Presi\u00f3n de trabajo 0.4 &#8211; 0.8 kg\/cm\u00b2.<br \/>\n\u2022 Velocidad m\u00e1xima de filtraci\u00f3n 50 m\u00b3\/m\u00b2\/h.<br \/>\n\u2022 P\u00e9rdida de carga en filtrado 10% sobre recirculado.<br \/>\n\u2022 Garant\u00eda de 3 a\u00f1os.<br \/>\n\u2022\u00a0<b>Multiv\u00e1lvula 6 v\u00edas con menor tiempo de mantenimiento.<\/b><br \/>\n\u2022\u00a0<b>Clamp de apertura sin herramientas.<\/b><br \/>\n\u2022\u00a0<b>Conjunto colector con mayor capacidad de filtraci\u00f3n.<\/b><\/p>\n<p><b>Recomendaciones<\/b><br \/>\n\u2022 Al operar la multiv\u00e1lvula, detener el funcionamiento de la bomba para evitar el desgaste prematuro de retenes y juntas.<br \/>\n\u2022 Se recomienda el uso de man\u00f3metro, el mismo puede ser instalado sobre la multiv\u00e1lvula.<br \/>\n\u2022 Para un filtrado ideal, el equipo debe estar 8hs en funcionamiento continuo.<br \/>\n\u2022 Se sugiere solicitar los servicios de un electricista matriculado y capacitado para realizar instalaciones el\u00e9ctricas, empleando normas vigentes AEA (Asociaci\u00f3n Electrot\u00e9cnica Argentina).<br \/>\n\u2022 La carga del filtro deber\u00e1 ser sustituida aproximadamente cada 4-6 temporadas de uso normal.<br \/>\n\u2022 Utilizar junto a bomba autocebante BAS 033, BAE 033, BAP 033 con potencia de 0.33HP.<\/p>\n<\/div>\n<\/div>\n<\/div>\n<\/div>\n<\/div>\n","protected":false},"excerpt":{"rendered":"<p><a href=\"https:\/\/suriego.com.ar\/wp-content\/uploads\/2024\/11\/MANUAL-FILTROS-RESIDENCIALES-DESCARGAR.pdf\">MANUAL FILTROS RESIDENCIALES DESCARGAR<\/a><\/p>\n","protected":false},"featured_media":1155,"comment_status":"closed","ping_status":"closed","template":"","meta":{"_kad_post_transparent":"default","_kad_post_title":"","_kad_post_layout":"default","_kad_post_sidebar_id":"","_kad_post_content_style":"default","_kad_post_vertical_padding":"default","_kad_post_feature":"","_kad_post_feature_position":"","_kad_post_header":false,"_kad_post_footer":false,"_kad_post_classname":""},"product_brand":[],"product_cat":[70,71,57],"product_tag":[],"class_list":{"0":"post-1154","1":"product","2":"type-product","3":"status-publish","4":"has-post-thumbnail","6":"product_cat-filtracion","7":"product_cat-residenciales","8":"product_cat-vulcano","10":"first","11":"instock","12":"shipping-taxable","13":"product-type-simple","14":"entry","15":"content-bg","16":"loop-entry"},"_links":{"self":[{"href":"https:\/\/suriego.com.ar\/index.php?rest_route=\/wp\/v2\/product\/1154","targetHints":{"allow":["GET"]}}],"collection":[{"href":"https:\/\/suriego.com.ar\/index.php?rest_route=\/wp\/v2\/product"}],"about":[{"href":"https:\/\/suriego.com.ar\/index.php?rest_route=\/wp\/v2\/types\/product"}],"replies":[{"embeddable":true,"href":"https:\/\/suriego.com.ar\/index.php?rest_route=%2Fwp%2Fv2%2Fcomments&post=1154"}],"wp:featuredmedia":[{"embeddable":true,"href":"https:\/\/suriego.com.ar\/index.php?rest_route=\/wp\/v2\/media\/1155"}],"wp:attachment":[{"href":"https:\/\/suriego.com.ar\/index.php?rest_route=%2Fwp%2Fv2%2Fmedia&parent=1154"}],"wp:term":[{"taxonomy":"product_brand","embeddable":true,"href":"https:\/\/suriego.com.ar\/index.php?rest_route=%2Fwp%2Fv2%2Fproduct_brand&post=1154"},{"taxonomy":"product_cat","embeddable":true,"href":"https:\/\/suriego.com.ar\/index.php?rest_route=%2Fwp%2Fv2%2Fproduct_cat&post=1154"},{"taxonomy":"product_tag","embeddable":true,"href":"https:\/\/suriego.com.ar\/index.php?rest_route=%2Fwp%2Fv2%2Fproduct_tag&post=1154"}],"curies":[{"name":"wp","href":"https:\/\/api.w.org\/{rel}","templated":true}]}}