{"id":1141,"date":"2024-11-14T17:24:07","date_gmt":"2024-11-14T20:24:07","guid":{"rendered":"http:\/\/suriego.com.ar\/?post_type=product&#038;p=1141"},"modified":"2024-11-14T17:26:49","modified_gmt":"2024-11-14T20:26:49","slug":"casilla-soplada-para-equipo-de-filtrado-hasta-vc-30","status":"publish","type":"product","link":"https:\/\/suriego.com.ar\/?product=casilla-soplada-para-equipo-de-filtrado-hasta-vc-30","title":{"rendered":"Casilla soplada para equipo de filtrado hasta VC-30"},"content":{"rendered":"<div class=\"elementor-element elementor-element-2632091 elementor-widget elementor-widget-text-editor\" data-id=\"2632091\" data-element_type=\"widget\" data-widget_type=\"text-editor.default\">\n<div class=\"elementor-widget-container\">C\u00f3digo: 138830<\/div>\n<\/div>\n<div class=\"elementor-element elementor-element-896c62a elementor-widget elementor-widget-shortcode\" data-id=\"896c62a\" data-element_type=\"widget\" data-widget_type=\"shortcode.default\">\n<div class=\"elementor-widget-container\">\n<div class=\"elementor-shortcode\"><\/div>\n<\/div>\n<\/div>\n<div class=\"elementor-element elementor-element-91b1c81 oculto-descripcion elementor-widget-divider--view-line elementor-widget elementor-widget-divider\" data-id=\"91b1c81\" data-element_type=\"widget\" data-widget_type=\"divider.default\">\n<div class=\"elementor-widget-container\">\n<div class=\"elementor-divider\"><\/div>\n<\/div>\n<\/div>\n<div class=\"elementor-element elementor-element-25e633b oculto-descripcion elementor-widget elementor-widget-woocommerce-product-short-description\" data-id=\"25e633b\" data-element_type=\"widget\" data-widget_type=\"woocommerce-product-short-description.default\">\n<div class=\"elementor-widget-container\">\n<div class=\"woocommerce-product-details__short-description\">\n<div class=\"contenedor-tabla\"><b>Cuerpo:<\/b>\u00a0polietileno soplado de alta densidad<\/div>\n<p>&nbsp;<\/p>\n<div class=\"contenedor-tabla\"><b>Tapas:<\/b>\u00a0polietileno soplado de alta densidad<\/div>\n<p>&nbsp;<\/p>\n<\/div>\n<\/div>\n<\/div>\n<div class=\"elementor-element elementor-element-6819988 ajuste-descripcion elementor-widget-divider--view-line elementor-widget elementor-widget-divider\" data-id=\"6819988\" data-element_type=\"widget\" data-widget_type=\"divider.default\">\n<div class=\"elementor-widget-container\">\n<div class=\"elementor-divider\"><\/div>\n<\/div>\n<\/div>\n<div class=\"elementor-element elementor-element-5c7d18a elementor-widget elementor-widget-heading\" data-id=\"5c7d18a\" data-element_type=\"widget\" data-widget_type=\"heading.default\">\n<div class=\"elementor-widget-container\">\n<h2 class=\"elementor-heading-title elementor-size-default\">Descripci\u00f3n<\/h2>\n<\/div>\n<\/div>\n<div class=\"elementor-element elementor-element-8875f92 elementor-widget elementor-widget-shortcode\" data-id=\"8875f92\" data-element_type=\"widget\" data-widget_type=\"shortcode.default\">\n<div class=\"elementor-widget-container\">\n<div class=\"elementor-shortcode\">\n<div class=\"product-description\">\n<div class=\"description\">\n<p>Casilla soplada Vulcano. Fabricada de polietileno soplado de alta densidad, est\u00e1n dise\u00f1adas para equipos de filtrado ofreciendo alto grado de resistencia mec\u00e1nica y protecci\u00f3n UV. Gabinete para ser enterrado que posee compartimientos para posicionar el filtro y la electrobomba. Es una excelente opci\u00f3n para la disminuci\u00f3n de tiempo y procesos, simplificando y haciendo m\u00e1s econ\u00f3mico el proyecto.<\/p>\n<\/div>\n<\/div>\n<\/div>\n<\/div>\n<\/div>\n","protected":false},"excerpt":{"rendered":"<p><a href=\"https:\/\/suriego.com.ar\/wp-content\/uploads\/2024\/11\/MANUAL-CASILLAS-SOPLADAS-DESCARGAR.pdf\">MANUAL CASILLAS SOPLADAS DESCARGAR<\/a><\/p>\n","protected":false},"featured_media":1142,"comment_status":"closed","ping_status":"closed","template":"","meta":{"_kad_post_transparent":"default","_kad_post_title":"","_kad_post_layout":"default","_kad_post_sidebar_id":"","_kad_post_content_style":"default","_kad_post_vertical_padding":"default","_kad_post_feature":"","_kad_post_feature_position":"","_kad_post_header":false,"_kad_post_footer":false,"_kad_post_classname":""},"product_brand":[],"product_cat":[67,68,57],"product_tag":[],"class_list":{"0":"post-1141","1":"product","2":"type-product","3":"status-publish","4":"has-post-thumbnail","6":"product_cat-instalacion","7":"product_cat-casillas","8":"product_cat-vulcano","10":"first","11":"instock","12":"shipping-taxable","13":"product-type-simple","14":"entry","15":"content-bg","16":"loop-entry"},"_links":{"self":[{"href":"https:\/\/suriego.com.ar\/index.php?rest_route=\/wp\/v2\/product\/1141","targetHints":{"allow":["GET"]}}],"collection":[{"href":"https:\/\/suriego.com.ar\/index.php?rest_route=\/wp\/v2\/product"}],"about":[{"href":"https:\/\/suriego.com.ar\/index.php?rest_route=\/wp\/v2\/types\/product"}],"replies":[{"embeddable":true,"href":"https:\/\/suriego.com.ar\/index.php?rest_route=%2Fwp%2Fv2%2Fcomments&post=1141"}],"wp:featuredmedia":[{"embeddable":true,"href":"https:\/\/suriego.com.ar\/index.php?rest_route=\/wp\/v2\/media\/1142"}],"wp:attachment":[{"href":"https:\/\/suriego.com.ar\/index.php?rest_route=%2Fwp%2Fv2%2Fmedia&parent=1141"}],"wp:term":[{"taxonomy":"product_brand","embeddable":true,"href":"https:\/\/suriego.com.ar\/index.php?rest_route=%2Fwp%2Fv2%2Fproduct_brand&post=1141"},{"taxonomy":"product_cat","embeddable":true,"href":"https:\/\/suriego.com.ar\/index.php?rest_route=%2Fwp%2Fv2%2Fproduct_cat&post=1141"},{"taxonomy":"product_tag","embeddable":true,"href":"https:\/\/suriego.com.ar\/index.php?rest_route=%2Fwp%2Fv2%2Fproduct_tag&post=1141"}],"curies":[{"name":"wp","href":"https:\/\/api.w.org\/{rel}","templated":true}]}}