{"id":1124,"date":"2024-11-14T16:50:45","date_gmt":"2024-11-14T19:50:45","guid":{"rendered":"http:\/\/suriego.com.ar\/?post_type=product&#038;p=1124"},"modified":"2024-11-14T16:51:13","modified_gmt":"2024-11-14T19:51:13","slug":"lumipool-4w-luz-blanca","status":"publish","type":"product","link":"https:\/\/suriego.com.ar\/?product=lumipool-4w-luz-blanca","title":{"rendered":"LUMIPOOL 4W luz blanca"},"content":{"rendered":"<div class=\"elementor-element elementor-element-2632091 elementor-widget elementor-widget-text-editor\" data-id=\"2632091\" data-element_type=\"widget\" data-widget_type=\"text-editor.default\">\n<div class=\"elementor-widget-container\">C\u00f3digo: 112305<\/div>\n<\/div>\n<div class=\"elementor-element elementor-element-896c62a elementor-widget elementor-widget-shortcode\" data-id=\"896c62a\" data-element_type=\"widget\" data-widget_type=\"shortcode.default\">\n<div class=\"elementor-widget-container\">\n<div class=\"elementor-shortcode\"><\/div>\n<\/div>\n<\/div>\n<div class=\"elementor-element elementor-element-91b1c81 oculto-descripcion elementor-widget-divider--view-line elementor-widget elementor-widget-divider\" data-id=\"91b1c81\" data-element_type=\"widget\" data-widget_type=\"divider.default\">\n<div class=\"elementor-widget-container\">\n<div class=\"elementor-divider\"><\/div>\n<\/div>\n<\/div>\n<div class=\"elementor-element elementor-element-25e633b oculto-descripcion elementor-widget elementor-widget-woocommerce-product-short-description\" data-id=\"25e633b\" data-element_type=\"widget\" data-widget_type=\"woocommerce-product-short-description.default\">\n<div class=\"elementor-widget-container\">\n<div class=\"woocommerce-product-details__short-description\">\n<div class=\"contenedor-tabla\"><b>Tipo de Piscina:<\/b>\u00a0hormig\u00f3n \/ fibra de vidrio<\/div>\n<p>&nbsp;<\/p>\n<div class=\"contenedor-tabla\"><b>Cuerpo:<\/b>\u00a0policarbonato<\/div>\n<p>&nbsp;<\/p>\n<div class=\"contenedor-tabla\"><b>Luz:<\/b>\u00a0blanca<\/div>\n<p>&nbsp;<\/p>\n<div class=\"contenedor-tabla\"><b>Flujo Luminoso:<\/b>\u00a0170 lm<\/div>\n<p>&nbsp;<\/p>\n<div class=\"contenedor-tabla\"><b>Potencia (W):<\/b>\u00a04W<\/div>\n<p>&nbsp;<\/p>\n<\/div>\n<\/div>\n<\/div>\n<div class=\"elementor-element elementor-element-6819988 ajuste-descripcion elementor-widget-divider--view-line elementor-widget elementor-widget-divider\" data-id=\"6819988\" data-element_type=\"widget\" data-widget_type=\"divider.default\">\n<div class=\"elementor-widget-container\">\n<div class=\"elementor-divider\"><\/div>\n<\/div>\n<\/div>\n<div class=\"elementor-element elementor-element-5c7d18a elementor-widget elementor-widget-heading\" data-id=\"5c7d18a\" data-element_type=\"widget\" data-widget_type=\"heading.default\">\n<div class=\"elementor-widget-container\">\n<h2 class=\"elementor-heading-title elementor-size-default\">Descripci\u00f3n<\/h2>\n<\/div>\n<\/div>\n<div class=\"elementor-element elementor-element-8875f92 elementor-widget elementor-widget-shortcode\" data-id=\"8875f92\" data-element_type=\"widget\" data-widget_type=\"shortcode.default\">\n<div class=\"elementor-widget-container\">\n<div class=\"elementor-shortcode\">\n<div class=\"product-description\">\n<div class=\"description\">\n<p>Luminaria subacu\u00e1tica LUMIPOOL Vulcano 4W de luz blanca 12 VCC.\u00a0<b>Desarrollada con lo \u00faltimo en tecnolog\u00eda, brinda excelente potencia de iluminaci\u00f3n con niveles muy bajos de consumo energ\u00e9tico.<\/b>\u00a0Esta luz, fabricada completamente en policarbonato led, es compacta y de f\u00e1cil instalaci\u00f3n.<\/p>\n<p><b>Caracter\u00edsticas t\u00e9cnicas<\/b><br \/>\n\u2022 Grado de protecci\u00f3n IP68.<br \/>\n\u2022 \u00c1ngulo de apertura de 150\u00ba.<br \/>\n\u2022 \u00c1rea de iluminaci\u00f3n 8 m\u00b2.<br \/>\n\u2022 Sistema de instalaci\u00f3n push in, encastre a presi\u00f3n en pasamuro.<br \/>\n\u2022 Garant\u00eda 1 a\u00f1o.<\/p>\n<p><b>Recomendaciones<\/b><br \/>\n\u2022 La conexi\u00f3n de tierra de la fuente debe ser conectado a un punto de tierra.<br \/>\n\u2022 Para conservar la garant\u00eda del producto se debe realizar una correcta instalaci\u00f3n, donde las conexiones est\u00e9n dentro de cajas estancas y el cable de la luminaria no se corte.<\/p>\n<\/div>\n<\/div>\n<\/div>\n<\/div>\n<\/div>\n","protected":false},"excerpt":{"rendered":"<p>C\u00f3digo: 112305 Tipo de Piscina:\u00a0hormig\u00f3n \/ fibra de vidrio &nbsp; Cuerpo:\u00a0policarbonato &nbsp; Luz:\u00a0blanca &nbsp; Flujo Luminoso:\u00a0170 lm &nbsp; Potencia (W):\u00a04W &nbsp; Descripci\u00f3n Luminaria subacu\u00e1tica LUMIPOOL Vulcano 4W de luz blanca 12 VCC.\u00a0Desarrollada con lo \u00faltimo en tecnolog\u00eda, brinda excelente potencia de iluminaci\u00f3n con niveles muy bajos de consumo energ\u00e9tico.\u00a0Esta luz, fabricada completamente en policarbonato led,&#8230;<\/p>\n","protected":false},"featured_media":1125,"comment_status":"closed","ping_status":"closed","template":"","meta":{"_kad_post_transparent":"default","_kad_post_title":"","_kad_post_layout":"default","_kad_post_sidebar_id":"","_kad_post_content_style":"default","_kad_post_vertical_padding":"default","_kad_post_feature":"","_kad_post_feature_position":"","_kad_post_header":false,"_kad_post_footer":false,"_kad_post_classname":""},"product_brand":[],"product_cat":[64,65],"product_tag":[],"class_list":{"0":"post-1124","1":"product","2":"type-product","3":"status-publish","4":"has-post-thumbnail","6":"product_cat-iluminacion","7":"product_cat-lumipool","9":"first","10":"instock","11":"shipping-taxable","12":"product-type-simple","13":"entry","14":"content-bg","15":"loop-entry"},"_links":{"self":[{"href":"https:\/\/suriego.com.ar\/index.php?rest_route=\/wp\/v2\/product\/1124","targetHints":{"allow":["GET"]}}],"collection":[{"href":"https:\/\/suriego.com.ar\/index.php?rest_route=\/wp\/v2\/product"}],"about":[{"href":"https:\/\/suriego.com.ar\/index.php?rest_route=\/wp\/v2\/types\/product"}],"replies":[{"embeddable":true,"href":"https:\/\/suriego.com.ar\/index.php?rest_route=%2Fwp%2Fv2%2Fcomments&post=1124"}],"wp:featuredmedia":[{"embeddable":true,"href":"https:\/\/suriego.com.ar\/index.php?rest_route=\/wp\/v2\/media\/1125"}],"wp:attachment":[{"href":"https:\/\/suriego.com.ar\/index.php?rest_route=%2Fwp%2Fv2%2Fmedia&parent=1124"}],"wp:term":[{"taxonomy":"product_brand","embeddable":true,"href":"https:\/\/suriego.com.ar\/index.php?rest_route=%2Fwp%2Fv2%2Fproduct_brand&post=1124"},{"taxonomy":"product_cat","embeddable":true,"href":"https:\/\/suriego.com.ar\/index.php?rest_route=%2Fwp%2Fv2%2Fproduct_cat&post=1124"},{"taxonomy":"product_tag","embeddable":true,"href":"https:\/\/suriego.com.ar\/index.php?rest_route=%2Fwp%2Fv2%2Fproduct_tag&post=1124"}],"curies":[{"name":"wp","href":"https:\/\/api.w.org\/{rel}","templated":true}]}}