{"id":1110,"date":"2024-11-14T09:06:55","date_gmt":"2024-11-14T12:06:55","guid":{"rendered":"http:\/\/suriego.com.ar\/?post_type=product&#038;p=1110"},"modified":"2024-11-14T09:38:53","modified_gmt":"2024-11-14T12:38:53","slug":"bomba-para-piscina-bae-075-0-75hp-220v-monofasica","status":"publish","type":"product","link":"https:\/\/suriego.com.ar\/?product=bomba-para-piscina-bae-075-0-75hp-220v-monofasica","title":{"rendered":"Bomba para piscina BAE 075 \u2013 0.75HP 220V monof\u00e1sica"},"content":{"rendered":"<div class=\"elementor-element elementor-element-2632091 elementor-widget elementor-widget-text-editor\" data-id=\"2632091\" data-element_type=\"widget\" data-widget_type=\"text-editor.default\">\n<div class=\"elementor-widget-container\">C\u00f3digo: 106011<\/div>\n<\/div>\n<div class=\"elementor-element elementor-element-896c62a elementor-widget elementor-widget-shortcode\" data-id=\"896c62a\" data-element_type=\"widget\" data-widget_type=\"shortcode.default\">\n<div class=\"elementor-widget-container\">\n<div class=\"elementor-shortcode\"><\/div>\n<\/div>\n<\/div>\n<div class=\"elementor-element elementor-element-91b1c81 oculto-descripcion elementor-widget-divider--view-line elementor-widget elementor-widget-divider\" data-id=\"91b1c81\" data-element_type=\"widget\" data-widget_type=\"divider.default\">\n<div class=\"elementor-widget-container\">\n<div class=\"elementor-divider\"><\/div>\n<\/div>\n<\/div>\n<div class=\"elementor-element elementor-element-25e633b oculto-descripcion elementor-widget elementor-widget-woocommerce-product-short-description\" data-id=\"25e633b\" data-element_type=\"widget\" data-widget_type=\"woocommerce-product-short-description.default\">\n<div class=\"elementor-widget-container\">\n<div class=\"woocommerce-product-details__short-description\">\n<div class=\"contenedor-tabla\"><b>Tipo de bomba:<\/b>\u00a0autocebante<\/div>\n<p>&nbsp;<\/p>\n<div class=\"contenedor-tabla\"><b>Alimentaci\u00f3n:<\/b>\u00a0monof\u00e1sica 220V ~ 50Hz<\/div>\n<p>&nbsp;<\/p>\n<div class=\"contenedor-tabla\"><b>Potencia:<\/b>\u00a00.75HP<\/div>\n<p>&nbsp;<\/p>\n<div class=\"contenedor-tabla\"><b>Caudal m\u00e1ximo:<\/b>\u00a019.3 m\u00b3\/h<\/div>\n<p>&nbsp;<\/p>\n<div class=\"contenedor-tabla\"><b>Altura m\u00e1xima:<\/b>\u00a013 m<\/div>\n<p>&nbsp;<\/p>\n<div class=\"contenedor-tabla\"><b>Conexi\u00f3n:<\/b>\u00a0UD con bujes RH 1 1\/2\u2033 y \u00f852<\/div>\n<p>&nbsp;<\/p>\n<\/div>\n<\/div>\n<\/div>\n<div class=\"elementor-element elementor-element-6819988 ajuste-descripcion elementor-widget-divider--view-line elementor-widget elementor-widget-divider\" data-id=\"6819988\" data-element_type=\"widget\" data-widget_type=\"divider.default\">\n<div class=\"elementor-widget-container\">\n<div class=\"elementor-divider\"><\/div>\n<\/div>\n<\/div>\n<div class=\"elementor-element elementor-element-5c7d18a elementor-widget elementor-widget-heading\" data-id=\"5c7d18a\" data-element_type=\"widget\" data-widget_type=\"heading.default\">\n<div class=\"elementor-widget-container\">\n<h2 class=\"elementor-heading-title elementor-size-default\">Descripci\u00f3n<\/h2>\n<\/div>\n<\/div>\n<div class=\"elementor-element elementor-element-8875f92 elementor-widget elementor-widget-shortcode\" data-id=\"8875f92\" data-element_type=\"widget\" data-widget_type=\"shortcode.default\">\n<div class=\"elementor-widget-container\">\n<div class=\"elementor-shortcode\">\n<div class=\"product-description\">\n<div class=\"description\">\n<p>Bomba autocebante para piscina BAE 075 Vulcano. Su dise\u00f1o confiable la convierte en la elegida por los instaladores.<br \/>\nCuenta con un canasto atrapa hojas flexible de gran durabilidad, sistema de tapa tipo rosca y uniones dobles incorporadas para un montaje y desmontaje simple y r\u00e1pido. Provista con bujes para roscar de 1 \u00bd\u201d y de \u00f850 mm para pegar ca\u00f1os de PVC, para adaptarse a la ca\u00f1er\u00eda de la instalaci\u00f3n.<\/p>\n<p>Contamos con una completa l\u00ednea de repuestos disponibles para la reparaci\u00f3n y mantenimiento de este equipo.<\/p>\n<p><b>Caracter\u00edsticas t\u00e9cnicas<\/b><br \/>\n\u2022 Motor el\u00e9ctrico Vulcano con certificaci\u00f3n de Servicio 1 (S1): alta eficiencia y fiabilidad de trabajo continuo.<br \/>\n\u2022 Certificaci\u00f3n el\u00e9ctrica seg\u00fan Resoluci\u00f3n S.C. N\u00ba 169\/18.<br \/>\n\u2022 Protector t\u00e9rmico incorporado.<br \/>\n\u2022 Grado de protecci\u00f3n IPX4 apto para usar a la intemperie.<br \/>\n\u2022 Cuerpo autocebante, inyectado en polipropileno reforzado.<br \/>\n\u2022 Impulsor de Noryl.<br \/>\n\u2022 Sello mec\u00e1nico con pista cer\u00e1mica.<br \/>\n\u2022 Garant\u00eda de 1 a\u00f1o.<\/p>\n<p><b>Recomendaciones<\/b><br \/>\n\u2022 Instalar en lugar ventilado y de f\u00e1cil acceso, con el espacio suficiente para poder limpiar el equipo cuando se requiera.<br \/>\n\u2022 Utilizar junto a filtro VC-50 para piscinas residenciales.<br \/>\n\u2022 Se sugiere solicitar los servicios de un electricista matriculado y capacitado para realizar instalaciones el\u00e9ctricas, empleando normas vigentes AEA (Asociaci\u00f3n Electrot\u00e9cnica Argentina).<br \/>\n\u2022 Realice las conexiones de la tuber\u00eda de forma herm\u00e9tica y verifique que no haya ingreso de aire al circuito para asegurar el correcto cebado y normal funcionamiento de la bomba.<br \/>\n\u2022 Verificar peri\u00f3dicamente la limpieza del desag\u00fce y drenajes, especialmente en casillas bajo nivel de suelo.<br \/>\n\u2022 En caso de temperaturas bajo 0\u00b0, vaciar la bomba retirando el tap\u00f3n de drenaje y las uniones dobles, y guardelos dentro en el canasto atrapa hojas.<\/p>\n<\/div>\n<\/div>\n<\/div>\n<\/div>\n<\/div>\n","protected":false},"excerpt":{"rendered":"<p><a href=\"https:\/\/suriego.com.ar\/wp-content\/uploads\/2024\/11\/Manual-Bombas-Descargar.pdf\">Manual Bombas Descargar<\/a><\/p>\n","protected":false},"featured_media":1058,"comment_status":"closed","ping_status":"closed","template":"","meta":{"_kad_post_transparent":"default","_kad_post_title":"","_kad_post_layout":"default","_kad_post_sidebar_id":"","_kad_post_content_style":"default","_kad_post_vertical_padding":"default","_kad_post_feature":"","_kad_post_feature_position":"","_kad_post_header":false,"_kad_post_footer":false,"_kad_post_classname":""},"product_brand":[],"product_cat":[62],"product_tag":[],"class_list":{"0":"post-1110","1":"product","2":"type-product","3":"status-publish","4":"has-post-thumbnail","6":"product_cat-bae","8":"first","9":"instock","10":"shipping-taxable","11":"product-type-simple","12":"entry","13":"content-bg","14":"loop-entry"},"_links":{"self":[{"href":"https:\/\/suriego.com.ar\/index.php?rest_route=\/wp\/v2\/product\/1110","targetHints":{"allow":["GET"]}}],"collection":[{"href":"https:\/\/suriego.com.ar\/index.php?rest_route=\/wp\/v2\/product"}],"about":[{"href":"https:\/\/suriego.com.ar\/index.php?rest_route=\/wp\/v2\/types\/product"}],"replies":[{"embeddable":true,"href":"https:\/\/suriego.com.ar\/index.php?rest_route=%2Fwp%2Fv2%2Fcomments&post=1110"}],"wp:featuredmedia":[{"embeddable":true,"href":"https:\/\/suriego.com.ar\/index.php?rest_route=\/wp\/v2\/media\/1058"}],"wp:attachment":[{"href":"https:\/\/suriego.com.ar\/index.php?rest_route=%2Fwp%2Fv2%2Fmedia&parent=1110"}],"wp:term":[{"taxonomy":"product_brand","embeddable":true,"href":"https:\/\/suriego.com.ar\/index.php?rest_route=%2Fwp%2Fv2%2Fproduct_brand&post=1110"},{"taxonomy":"product_cat","embeddable":true,"href":"https:\/\/suriego.com.ar\/index.php?rest_route=%2Fwp%2Fv2%2Fproduct_cat&post=1110"},{"taxonomy":"product_tag","embeddable":true,"href":"https:\/\/suriego.com.ar\/index.php?rest_route=%2Fwp%2Fv2%2Fproduct_tag&post=1110"}],"curies":[{"name":"wp","href":"https:\/\/api.w.org\/{rel}","templated":true}]}}