{"id":1099,"date":"2024-11-14T08:55:48","date_gmt":"2024-11-14T11:55:48","guid":{"rendered":"http:\/\/suriego.com.ar\/?post_type=product&#038;p=1099"},"modified":"2024-11-14T08:55:50","modified_gmt":"2024-11-14T11:55:50","slug":"limpiafondo-rectangular-con-cepillos","status":"publish","type":"product","link":"https:\/\/suriego.com.ar\/?product=limpiafondo-rectangular-con-cepillos","title":{"rendered":"Limpiafondo rectangular con cepillos"},"content":{"rendered":"<div class=\"elementor-element elementor-element-2632091 elementor-widget elementor-widget-text-editor\" data-id=\"2632091\" data-element_type=\"widget\" data-widget_type=\"text-editor.default\">\n<div class=\"elementor-widget-container\">C\u00f3digo: 110009<\/div>\n<\/div>\n<div class=\"elementor-element elementor-element-896c62a elementor-widget elementor-widget-shortcode\" data-id=\"896c62a\" data-element_type=\"widget\" data-widget_type=\"shortcode.default\">\n<div class=\"elementor-widget-container\">\n<div class=\"elementor-shortcode\"><\/div>\n<\/div>\n<\/div>\n<div class=\"elementor-element elementor-element-6819988 ajuste-descripcion elementor-widget-divider--view-line elementor-widget elementor-widget-divider\" data-id=\"6819988\" data-element_type=\"widget\" data-widget_type=\"divider.default\">\n<div class=\"elementor-widget-container\">\n<div class=\"elementor-divider\"><\/div>\n<\/div>\n<\/div>\n<div class=\"elementor-element elementor-element-5c7d18a elementor-widget elementor-widget-heading\" data-id=\"5c7d18a\" data-element_type=\"widget\" data-widget_type=\"heading.default\">\n<div class=\"elementor-widget-container\">\n<h2 class=\"elementor-heading-title elementor-size-default\">Descripci\u00f3n<\/h2>\n<\/div>\n<\/div>\n<div class=\"elementor-element elementor-element-8875f92 elementor-widget elementor-widget-shortcode\" data-id=\"8875f92\" data-element_type=\"widget\" data-widget_type=\"shortcode.default\">\n<div class=\"elementor-widget-container\">\n<div class=\"elementor-shortcode\">\n<div class=\"product-description\">\n<div class=\"description\">\n<p>Limpiafondo rectangular Vulcano con 7 cepillos de polipropileno intercambiables. Dispositivo para aspirar suciedad y residuos depositados en el fondo de la piscina. Para utilizarlo, se debe conectar la manguera flotante al acople de aspiraci\u00f3n y un mango fijo o telesc\u00f3pico.<\/p>\n<p>El\u00a0<b>modelo rectangular<\/b>\u00a0cuenta con un cuerpo robusto y clip ergon\u00f3mico que facilita la vinculaci\u00f3n al mango telescopico. Su dise\u00f1o permite un \u00f3ptimo desempe\u00f1o brindando\u00a0<b>mayor adherencia y poder de limpieza.<\/b><\/p>\n<\/div>\n<\/div>\n<\/div>\n<\/div>\n<\/div>\n","protected":false},"excerpt":{"rendered":"<p>C\u00f3digo: 110009 Descripci\u00f3n Limpiafondo rectangular Vulcano con 7 cepillos de polipropileno intercambiables. Dispositivo para aspirar suciedad y residuos depositados en el fondo de la piscina. Para utilizarlo, se debe conectar la manguera flotante al acople de aspiraci\u00f3n y un mango fijo o telesc\u00f3pico. El\u00a0modelo rectangular\u00a0cuenta con un cuerpo robusto y clip ergon\u00f3mico que facilita la&#8230;<\/p>\n","protected":false},"featured_media":1100,"comment_status":"closed","ping_status":"closed","template":"","meta":{"_kad_post_transparent":"default","_kad_post_title":"","_kad_post_layout":"default","_kad_post_sidebar_id":"","_kad_post_content_style":"default","_kad_post_vertical_padding":"default","_kad_post_feature":"","_kad_post_feature_position":"","_kad_post_header":false,"_kad_post_footer":false,"_kad_post_classname":""},"product_brand":[],"product_cat":[63],"product_tag":[],"class_list":{"0":"post-1099","1":"product","2":"type-product","3":"status-publish","4":"has-post-thumbnail","6":"product_cat-limpiafondos","8":"first","9":"instock","10":"shipping-taxable","11":"product-type-simple","12":"entry","13":"content-bg","14":"loop-entry"},"_links":{"self":[{"href":"https:\/\/suriego.com.ar\/index.php?rest_route=\/wp\/v2\/product\/1099","targetHints":{"allow":["GET"]}}],"collection":[{"href":"https:\/\/suriego.com.ar\/index.php?rest_route=\/wp\/v2\/product"}],"about":[{"href":"https:\/\/suriego.com.ar\/index.php?rest_route=\/wp\/v2\/types\/product"}],"replies":[{"embeddable":true,"href":"https:\/\/suriego.com.ar\/index.php?rest_route=%2Fwp%2Fv2%2Fcomments&post=1099"}],"wp:featuredmedia":[{"embeddable":true,"href":"https:\/\/suriego.com.ar\/index.php?rest_route=\/wp\/v2\/media\/1100"}],"wp:attachment":[{"href":"https:\/\/suriego.com.ar\/index.php?rest_route=%2Fwp%2Fv2%2Fmedia&parent=1099"}],"wp:term":[{"taxonomy":"product_brand","embeddable":true,"href":"https:\/\/suriego.com.ar\/index.php?rest_route=%2Fwp%2Fv2%2Fproduct_brand&post=1099"},{"taxonomy":"product_cat","embeddable":true,"href":"https:\/\/suriego.com.ar\/index.php?rest_route=%2Fwp%2Fv2%2Fproduct_cat&post=1099"},{"taxonomy":"product_tag","embeddable":true,"href":"https:\/\/suriego.com.ar\/index.php?rest_route=%2Fwp%2Fv2%2Fproduct_tag&post=1099"}],"curies":[{"name":"wp","href":"https:\/\/api.w.org\/{rel}","templated":true}]}}