{"id":1095,"date":"2024-11-14T08:46:05","date_gmt":"2024-11-14T11:46:05","guid":{"rendered":"http:\/\/suriego.com.ar\/?post_type=product&#038;p=1095"},"modified":"2025-03-15T12:04:20","modified_gmt":"2025-03-15T15:04:20","slug":"limpiafondos-venturi","status":"publish","type":"product","link":"https:\/\/suriego.com.ar\/?product=limpiafondos-venturi","title":{"rendered":"Limpiafondos Venturi"},"content":{"rendered":"<div class=\"elementor-element elementor-element-2632091 elementor-widget elementor-widget-text-editor\" data-id=\"2632091\" data-element_type=\"widget\" data-widget_type=\"text-editor.default\">\n<div class=\"elementor-widget-container\">C\u00f3digo: 110014<\/div>\n<\/div>\n<div class=\"elementor-element elementor-element-896c62a elementor-widget elementor-widget-shortcode\" data-id=\"896c62a\" data-element_type=\"widget\" data-widget_type=\"shortcode.default\">\n<div class=\"elementor-widget-container\">\n<div class=\"elementor-shortcode\"><\/div>\n<\/div>\n<\/div>\n<div class=\"elementor-element elementor-element-91b1c81 oculto-descripcion elementor-widget-divider--view-line elementor-widget elementor-widget-divider\" data-id=\"91b1c81\" data-element_type=\"widget\" data-widget_type=\"divider.default\">\n<div class=\"elementor-widget-container\">\n<div class=\"elementor-divider\"><\/div>\n<\/div>\n<\/div>\n<div class=\"elementor-element elementor-element-25e633b oculto-descripcion elementor-widget elementor-widget-woocommerce-product-short-description\" data-id=\"25e633b\" data-element_type=\"widget\" data-widget_type=\"woocommerce-product-short-description.default\">\n<div class=\"elementor-widget-container\">\n<div class=\"woocommerce-product-details__short-description\">\n<div class=\"contenedor-tabla\"><b>Mango:<\/b>\u00a0mango aluminio telesc\u00f3pico<\/div>\n<p>&nbsp;<\/p>\n<div class=\"contenedor-tabla\"><b>Accionamiento:<\/b>\u00a0venturi<\/div>\n<p>&nbsp;<\/p>\n<\/div>\n<\/div>\n<\/div>\n<div class=\"elementor-element elementor-element-6819988 ajuste-descripcion elementor-widget-divider--view-line elementor-widget elementor-widget-divider\" data-id=\"6819988\" data-element_type=\"widget\" data-widget_type=\"divider.default\">\n<div class=\"elementor-widget-container\">\n<div class=\"elementor-divider\"><\/div>\n<\/div>\n<\/div>\n<div class=\"elementor-element elementor-element-5c7d18a elementor-widget elementor-widget-heading\" data-id=\"5c7d18a\" data-element_type=\"widget\" data-widget_type=\"heading.default\">\n<div class=\"elementor-widget-container\">\n<h2 class=\"elementor-heading-title elementor-size-default\">Descripci\u00f3n<\/h2>\n<\/div>\n<\/div>\n<div class=\"elementor-element elementor-element-8875f92 elementor-widget elementor-widget-shortcode\" data-id=\"8875f92\" data-element_type=\"widget\" data-widget_type=\"shortcode.default\">\n<div class=\"elementor-widget-container\">\n<div class=\"elementor-shortcode\">\n<div class=\"product-description\">\n<div class=\"description\">\n<p>Limpiafondos venturi Vulcano.\u00a0<b>Pensado para piscinas desmontables, SPA o fuentes.<\/b><br \/>\nSu tama\u00f1o peque\u00f1o y su formato compacto, hacen que su manejo sea f\u00e1cil y<br \/>\npr\u00e1ctico.<\/p>\n<p>Incluye boca 45\u00ba achaflanada para mejorar el barrido, mango telesc\u00f3pico, manguera y bolsa de red. Est\u00e1 previsto para utilizar con bolsa de red o con manguera de desagote.<\/p>\n<\/div>\n<\/div>\n<\/div>\n<\/div>\n<\/div>\n","protected":false},"excerpt":{"rendered":"<p>C\u00f3digo: 110014 Mango:\u00a0mango aluminio telesc\u00f3pico &nbsp; Accionamiento:\u00a0venturi &nbsp; Descripci\u00f3n Limpiafondos venturi Vulcano.\u00a0Pensado para piscinas desmontables, SPA o fuentes. Su tama\u00f1o peque\u00f1o y su formato compacto, hacen que su manejo sea f\u00e1cil y pr\u00e1ctico. Incluye boca 45\u00ba achaflanada para mejorar el barrido, mango telesc\u00f3pico, manguera y bolsa de red. Est\u00e1 previsto para utilizar con bolsa de&#8230;<\/p>\n","protected":false},"featured_media":1096,"comment_status":"closed","ping_status":"closed","template":"","meta":{"_kad_post_transparent":"default","_kad_post_title":"","_kad_post_layout":"default","_kad_post_sidebar_id":"","_kad_post_content_style":"default","_kad_post_vertical_padding":"default","_kad_post_feature":"","_kad_post_feature_position":"","_kad_post_header":false,"_kad_post_footer":false,"_kad_post_classname":""},"product_brand":[],"product_cat":[63],"product_tag":[],"class_list":{"0":"post-1095","1":"product","2":"type-product","3":"status-publish","4":"has-post-thumbnail","6":"product_cat-limpiafondos","8":"first","9":"instock","10":"shipping-taxable","11":"product-type-simple","12":"entry","13":"content-bg","14":"loop-entry"},"_links":{"self":[{"href":"https:\/\/suriego.com.ar\/index.php?rest_route=\/wp\/v2\/product\/1095","targetHints":{"allow":["GET"]}}],"collection":[{"href":"https:\/\/suriego.com.ar\/index.php?rest_route=\/wp\/v2\/product"}],"about":[{"href":"https:\/\/suriego.com.ar\/index.php?rest_route=\/wp\/v2\/types\/product"}],"replies":[{"embeddable":true,"href":"https:\/\/suriego.com.ar\/index.php?rest_route=%2Fwp%2Fv2%2Fcomments&post=1095"}],"wp:featuredmedia":[{"embeddable":true,"href":"https:\/\/suriego.com.ar\/index.php?rest_route=\/wp\/v2\/media\/1096"}],"wp:attachment":[{"href":"https:\/\/suriego.com.ar\/index.php?rest_route=%2Fwp%2Fv2%2Fmedia&parent=1095"}],"wp:term":[{"taxonomy":"product_brand","embeddable":true,"href":"https:\/\/suriego.com.ar\/index.php?rest_route=%2Fwp%2Fv2%2Fproduct_brand&post=1095"},{"taxonomy":"product_cat","embeddable":true,"href":"https:\/\/suriego.com.ar\/index.php?rest_route=%2Fwp%2Fv2%2Fproduct_cat&post=1095"},{"taxonomy":"product_tag","embeddable":true,"href":"https:\/\/suriego.com.ar\/index.php?rest_route=%2Fwp%2Fv2%2Fproduct_tag&post=1095"}],"curies":[{"name":"wp","href":"https:\/\/api.w.org\/{rel}","templated":true}]}}