{"id":1046,"date":"2024-11-13T09:48:01","date_gmt":"2024-11-13T12:48:01","guid":{"rendered":"http:\/\/suriego.com.ar\/?post_type=product&#038;p=1046"},"modified":"2024-11-13T09:48:05","modified_gmt":"2024-11-13T12:48:05","slug":"manguera-flotante-o1-1-2%e2%80%b3-bicolor","status":"publish","type":"product","link":"https:\/\/suriego.com.ar\/?product=manguera-flotante-o1-1-2%e2%80%b3-bicolor","title":{"rendered":"Manguera flotante \u00f81 1\/2\u2033 \u2013 Bicolor"},"content":{"rendered":"<div class=\"elementor-element elementor-element-2632091 elementor-widget elementor-widget-text-editor\" data-id=\"2632091\" data-element_type=\"widget\" data-widget_type=\"text-editor.default\">\n<div class=\"elementor-widget-container\">C\u00f3digo: 149002<\/div>\n<\/div>\n<div class=\"elementor-element elementor-element-896c62a elementor-widget elementor-widget-shortcode\" data-id=\"896c62a\" data-element_type=\"widget\" data-widget_type=\"shortcode.default\">\n<div class=\"elementor-widget-container\">\n<div class=\"elementor-shortcode\"><\/div>\n<\/div>\n<\/div>\n<div class=\"elementor-element elementor-element-91b1c81 oculto-descripcion elementor-widget-divider--view-line elementor-widget elementor-widget-divider\" data-id=\"91b1c81\" data-element_type=\"widget\" data-widget_type=\"divider.default\">\n<div class=\"elementor-widget-container\">\n<div class=\"elementor-divider\"><\/div>\n<\/div>\n<\/div>\n<div class=\"elementor-element elementor-element-25e633b oculto-descripcion elementor-widget elementor-widget-woocommerce-product-short-description\" data-id=\"25e633b\" data-element_type=\"widget\" data-widget_type=\"woocommerce-product-short-description.default\">\n<div class=\"elementor-widget-container\">\n<div class=\"woocommerce-product-details__short-description\">\n<div class=\"contenedor-tabla\"><b>Material:<\/b>\u00a0polietileno<\/div>\n<p>&nbsp;<\/p>\n<div class=\"contenedor-tabla\"><b>Presentaci\u00f3n:<\/b>\u00a0rollo x 30 m<\/div>\n<p>&nbsp;<\/p>\n<div class=\"contenedor-tabla\"><b>Dimensiones de Rollo:<\/b>\u00a0\u00f875 x 23 cm<\/div>\n<p>&nbsp;<\/p>\n<\/div>\n<\/div>\n<\/div>\n<div class=\"elementor-element elementor-element-6819988 ajuste-descripcion elementor-widget-divider--view-line elementor-widget elementor-widget-divider\" data-id=\"6819988\" data-element_type=\"widget\" data-widget_type=\"divider.default\">\n<div class=\"elementor-widget-container\">\n<div class=\"elementor-divider\"><\/div>\n<\/div>\n<\/div>\n<div class=\"elementor-element elementor-element-5c7d18a elementor-widget elementor-widget-heading\" data-id=\"5c7d18a\" data-element_type=\"widget\" data-widget_type=\"heading.default\">\n<div class=\"elementor-widget-container\">\n<h2 class=\"elementor-heading-title elementor-size-default\">Descripci\u00f3n<\/h2>\n<\/div>\n<\/div>\n<div class=\"elementor-element elementor-element-8875f92 elementor-widget elementor-widget-shortcode\" data-id=\"8875f92\" data-element_type=\"widget\" data-widget_type=\"shortcode.default\">\n<div class=\"elementor-widget-container\">\n<div class=\"elementor-shortcode\">\n<div class=\"product-description\">\n<div class=\"description\">\n<p>Manguera flexible flotante Vulcano Bicolor de 30 m de largo y \u00f81 1\/2&#8243;. Fabricada de material virgen, garantiza excelente vida \u00fatil. Resistente a la abrasi\u00f3n por los rozamientos que se producen normalmente con el uso.<\/p>\n<\/div>\n<\/div>\n<\/div>\n<\/div>\n<\/div>\n","protected":false},"excerpt":{"rendered":"<p>C\u00f3digo: 149002 Material:\u00a0polietileno &nbsp; Presentaci\u00f3n:\u00a0rollo x 30 m &nbsp; Dimensiones de Rollo:\u00a0\u00f875 x 23 cm &nbsp; Descripci\u00f3n Manguera flexible flotante Vulcano Bicolor de 30 m de largo y \u00f81 1\/2&#8243;. Fabricada de material virgen, garantiza excelente vida \u00fatil. Resistente a la abrasi\u00f3n por los rozamientos que se producen normalmente con el uso.<\/p>\n","protected":false},"featured_media":1047,"comment_status":"closed","ping_status":"closed","template":"","meta":{"_kad_post_transparent":"default","_kad_post_title":"","_kad_post_layout":"default","_kad_post_sidebar_id":"","_kad_post_content_style":"default","_kad_post_vertical_padding":"default","_kad_post_feature":"","_kad_post_feature_position":"","_kad_post_header":false,"_kad_post_footer":false,"_kad_post_classname":""},"product_brand":[],"product_cat":[59],"product_tag":[],"class_list":{"0":"post-1046","1":"product","2":"type-product","3":"status-publish","4":"has-post-thumbnail","6":"product_cat-mangueras","8":"first","9":"instock","10":"shipping-taxable","11":"product-type-simple","12":"entry","13":"content-bg","14":"loop-entry"},"_links":{"self":[{"href":"https:\/\/suriego.com.ar\/index.php?rest_route=\/wp\/v2\/product\/1046","targetHints":{"allow":["GET"]}}],"collection":[{"href":"https:\/\/suriego.com.ar\/index.php?rest_route=\/wp\/v2\/product"}],"about":[{"href":"https:\/\/suriego.com.ar\/index.php?rest_route=\/wp\/v2\/types\/product"}],"replies":[{"embeddable":true,"href":"https:\/\/suriego.com.ar\/index.php?rest_route=%2Fwp%2Fv2%2Fcomments&post=1046"}],"wp:featuredmedia":[{"embeddable":true,"href":"https:\/\/suriego.com.ar\/index.php?rest_route=\/wp\/v2\/media\/1047"}],"wp:attachment":[{"href":"https:\/\/suriego.com.ar\/index.php?rest_route=%2Fwp%2Fv2%2Fmedia&parent=1046"}],"wp:term":[{"taxonomy":"product_brand","embeddable":true,"href":"https:\/\/suriego.com.ar\/index.php?rest_route=%2Fwp%2Fv2%2Fproduct_brand&post=1046"},{"taxonomy":"product_cat","embeddable":true,"href":"https:\/\/suriego.com.ar\/index.php?rest_route=%2Fwp%2Fv2%2Fproduct_cat&post=1046"},{"taxonomy":"product_tag","embeddable":true,"href":"https:\/\/suriego.com.ar\/index.php?rest_route=%2Fwp%2Fv2%2Fproduct_tag&post=1046"}],"curies":[{"name":"wp","href":"https:\/\/api.w.org\/{rel}","templated":true}]}}