{"id":274,"date":"2023-09-23T18:29:21","date_gmt":"2023-09-23T21:29:21","guid":{"rendered":"http:\/\/suriego.com.ar\/?page_id=274"},"modified":"2024-08-08T12:21:25","modified_gmt":"2024-08-08T15:21:25","slug":"oasis","status":"publish","type":"page","link":"https:\/\/suriego.com.ar\/?page_id=274","title":{"rendered":"Oasis"},"content":{"rendered":"\t\t<div data-elementor-type=\"wp-page\" data-elementor-id=\"274\" class=\"elementor elementor-274\">\n\t\t\t\t\t\t<section class=\"elementor-section elementor-top-section elementor-element elementor-element-cdb8b4a elementor-section-height-min-height elementor-section-boxed elementor-section-height-default elementor-section-items-middle elementor-invisible\" data-id=\"cdb8b4a\" data-element_type=\"section\" data-e-type=\"section\" data-settings=\"{&quot;background_background&quot;:&quot;classic&quot;,&quot;animation&quot;:&quot;fadeIn&quot;}\">\n\t\t\t\t\t\t\t<div class=\"elementor-background-overlay\"><\/div>\n\t\t\t\t\t\t\t<div class=\"elementor-container elementor-column-gap-default\">\n\t\t\t\t\t<div class=\"elementor-column elementor-col-100 elementor-top-column elementor-element elementor-element-c7fa5ed\" data-id=\"c7fa5ed\" data-element_type=\"column\" data-e-type=\"column\">\n\t\t\t<div class=\"elementor-widget-wrap elementor-element-populated\">\n\t\t\t\t\t\t<div class=\"elementor-element elementor-element-2570f05 elementor-invisible elementor-widget elementor-widget-heading\" data-id=\"2570f05\" data-element_type=\"widget\" data-e-type=\"widget\" data-settings=\"{&quot;_animation&quot;:&quot;fadeInDown&quot;}\" data-widget_type=\"heading.default\">\n\t\t\t\t<div class=\"elementor-widget-container\">\n\t\t\t\t\t<h2 class=\"elementor-heading-title elementor-size-default\">Hacer de sus espacios verdes un verdadero Oasis<\/h2>\t\t\t\t<\/div>\n\t\t\t\t<\/div>\n\t\t\t\t\t<\/div>\n\t\t<\/div>\n\t\t\t\t\t<\/div>\n\t\t<\/section>\n\t\t\t\t<section class=\"elementor-section elementor-top-section elementor-element elementor-element-9629b4c elementor-section-boxed elementor-section-height-default elementor-section-height-default\" data-id=\"9629b4c\" data-element_type=\"section\" data-e-type=\"section\">\n\t\t\t\t\t\t<div class=\"elementor-container elementor-column-gap-default\">\n\t\t\t\t\t<div class=\"elementor-column elementor-col-100 elementor-top-column elementor-element elementor-element-1fb2661\" data-id=\"1fb2661\" data-element_type=\"column\" data-e-type=\"column\">\n\t\t\t<div class=\"elementor-widget-wrap elementor-element-populated\">\n\t\t\t\t\t\t<div class=\"elementor-element elementor-element-6fc6f95 elementor-invisible elementor-widget elementor-widget-image\" data-id=\"6fc6f95\" data-element_type=\"widget\" data-e-type=\"widget\" data-settings=\"{&quot;_animation&quot;:&quot;fadeIn&quot;}\" data-widget_type=\"image.default\">\n\t\t\t\t<div class=\"elementor-widget-container\">\n\t\t\t\t\t\t\t\t\t\t\t\t\t\t\t<img fetchpriority=\"high\" decoding=\"async\" width=\"560\" height=\"250\" src=\"https:\/\/suriego.com.ar\/wp-content\/uploads\/2023\/09\/Oasis-Logo2.png\" class=\"attachment-large size-large wp-image-288\" alt=\"\" srcset=\"https:\/\/suriego.com.ar\/wp-content\/uploads\/2023\/09\/Oasis-Logo2.png 560w, https:\/\/suriego.com.ar\/wp-content\/uploads\/2023\/09\/Oasis-Logo2-300x134.png 300w, https:\/\/suriego.com.ar\/wp-content\/uploads\/2023\/09\/Oasis-Logo2-64x29.png 64w\" sizes=\"(max-width: 560px) 100vw, 560px\" \/>\t\t\t\t\t\t\t\t\t\t\t\t\t\t\t<\/div>\n\t\t\t\t<\/div>\n\t\t\t\t\t<\/div>\n\t\t<\/div>\n\t\t\t\t\t<\/div>\n\t\t<\/section>\n\t\t\t\t<section class=\"elementor-section elementor-top-section elementor-element elementor-element-e55c28e elementor-section-boxed elementor-section-height-default elementor-section-height-default\" data-id=\"e55c28e\" data-element_type=\"section\" data-e-type=\"section\">\n\t\t\t\t\t\t<div class=\"elementor-container elementor-column-gap-default\">\n\t\t\t\t\t<div class=\"elementor-column elementor-col-100 elementor-top-column elementor-element elementor-element-bc024c0\" data-id=\"bc024c0\" data-element_type=\"column\" data-e-type=\"column\">\n\t\t\t<div class=\"elementor-widget-wrap elementor-element-populated\">\n\t\t\t\t\t\t<div class=\"elementor-element elementor-element-d423bce elementor-widget elementor-widget-text-editor\" data-id=\"d423bce\" data-element_type=\"widget\" data-e-type=\"widget\" data-widget_type=\"text-editor.default\">\n\t\t\t\t<div class=\"elementor-widget-container\">\n\t\t\t\t\t\t\t\t\t<p>Oasis es una divisi\u00f3n dentro de Suriego dedicada a al embellecimiento de parques y jardines. Contamos con 10 hect\u00e1reas de terreno en el cual cultivamos y cosechamos nuestro propio c\u00e9sped en pan .<\/p><p>Tenemos nuestro propio estudio de paisajismo en el cual dise\u00f1amos y asesoramos a nuestros clientes para que puedan hacer de sus espacios verdes un verdadero oasis .<\/p>\t\t\t\t\t\t\t\t<\/div>\n\t\t\t\t<\/div>\n\t\t\t\t\t<\/div>\n\t\t<\/div>\n\t\t\t\t\t<\/div>\n\t\t<\/section>\n\t\t\t\t<section class=\"elementor-section elementor-top-section elementor-element elementor-element-32e3984 elementor-section-boxed elementor-section-height-default elementor-section-height-default\" data-id=\"32e3984\" data-element_type=\"section\" data-e-type=\"section\">\n\t\t\t\t\t\t<div class=\"elementor-container elementor-column-gap-default\">\n\t\t\t\t\t<div class=\"elementor-column elementor-col-100 elementor-top-column elementor-element elementor-element-e4e7133\" data-id=\"e4e7133\" data-element_type=\"column\" data-e-type=\"column\">\n\t\t\t<div class=\"elementor-widget-wrap elementor-element-populated\">\n\t\t\t\t\t\t<div class=\"elementor-element elementor-element-4b82c24 elementor-arrows-position-outside elementor-hidden-mobile elementor-pagination-position-outside elementor-widget elementor-widget-image-carousel\" data-id=\"4b82c24\" data-element_type=\"widget\" data-e-type=\"widget\" data-settings=\"{&quot;slides_to_show&quot;:&quot;4&quot;,&quot;image_spacing_custom&quot;:{&quot;unit&quot;:&quot;px&quot;,&quot;size&quot;:&quot;10&quot;,&quot;sizes&quot;:[]},&quot;navigation&quot;:&quot;both&quot;,&quot;autoplay&quot;:&quot;yes&quot;,&quot;pause_on_hover&quot;:&quot;yes&quot;,&quot;pause_on_interaction&quot;:&quot;yes&quot;,&quot;autoplay_speed&quot;:5000,&quot;infinite&quot;:&quot;yes&quot;,&quot;speed&quot;:500,&quot;image_spacing_custom_tablet&quot;:{&quot;unit&quot;:&quot;px&quot;,&quot;size&quot;:&quot;&quot;,&quot;sizes&quot;:[]},&quot;image_spacing_custom_mobile&quot;:{&quot;unit&quot;:&quot;px&quot;,&quot;size&quot;:&quot;&quot;,&quot;sizes&quot;:[]}}\" data-widget_type=\"image-carousel.default\">\n\t\t\t\t<div class=\"elementor-widget-container\">\n\t\t\t\t\t\t\t<div class=\"elementor-image-carousel-wrapper swiper\" role=\"region\" aria-roledescription=\"carousel\" aria-label=\"Carrusel de im\u00e1genes\" dir=\"ltr\">\n\t\t\t<div class=\"elementor-image-carousel swiper-wrapper\" aria-live=\"off\">\n\t\t\t\t\t\t\t\t<div class=\"swiper-slide\" role=\"group\" aria-roledescription=\"slide\" aria-label=\"1 de 8\"><a data-elementor-open-lightbox=\"yes\" data-elementor-lightbox-slideshow=\"4b82c24\" data-elementor-lightbox-title=\"oasis-photo (1)\" data-e-action-hash=\"#elementor-action%3Aaction%3Dlightbox%26settings%3DeyJpZCI6IjI5OCIsInVybCI6Imh0dHBzOlwvXC9zdXJpZWdvLmNvbS5hclwvd3AtY29udGVudFwvdXBsb2Fkc1wvMjAyM1wvMDlcL29hc2lzLXBob3RvLTEud2VicCIsInNsaWRlc2hvdyI6IjRiODJjMjQifQ%3D%3D\" href=\"https:\/\/suriego.com.ar\/wp-content\/uploads\/2023\/09\/oasis-photo-1.webp\"><figure class=\"swiper-slide-inner\"><img decoding=\"async\" class=\"swiper-slide-image\" src=\"https:\/\/suriego.com.ar\/wp-content\/uploads\/2023\/09\/oasis-photo-1.webp\" alt=\"oasis-photo (1)\" \/><\/figure><\/a><\/div><div class=\"swiper-slide\" role=\"group\" aria-roledescription=\"slide\" aria-label=\"2 de 8\"><a data-elementor-open-lightbox=\"yes\" data-elementor-lightbox-slideshow=\"4b82c24\" data-elementor-lightbox-title=\"oasis-photo (2)\" data-e-action-hash=\"#elementor-action%3Aaction%3Dlightbox%26settings%3DeyJpZCI6IjI5OSIsInVybCI6Imh0dHBzOlwvXC9zdXJpZWdvLmNvbS5hclwvd3AtY29udGVudFwvdXBsb2Fkc1wvMjAyM1wvMDlcL29hc2lzLXBob3RvLTIud2VicCIsInNsaWRlc2hvdyI6IjRiODJjMjQifQ%3D%3D\" href=\"https:\/\/suriego.com.ar\/wp-content\/uploads\/2023\/09\/oasis-photo-2.webp\"><figure class=\"swiper-slide-inner\"><img decoding=\"async\" class=\"swiper-slide-image\" src=\"https:\/\/suriego.com.ar\/wp-content\/uploads\/2023\/09\/oasis-photo-2.webp\" alt=\"oasis-photo (2)\" \/><\/figure><\/a><\/div><div class=\"swiper-slide\" role=\"group\" aria-roledescription=\"slide\" aria-label=\"3 de 8\"><a data-elementor-open-lightbox=\"yes\" data-elementor-lightbox-slideshow=\"4b82c24\" data-elementor-lightbox-title=\"oasis-photo (3)\" data-e-action-hash=\"#elementor-action%3Aaction%3Dlightbox%26settings%3DeyJpZCI6IjMwMCIsInVybCI6Imh0dHBzOlwvXC9zdXJpZWdvLmNvbS5hclwvd3AtY29udGVudFwvdXBsb2Fkc1wvMjAyM1wvMDlcL29hc2lzLXBob3RvLTMud2VicCIsInNsaWRlc2hvdyI6IjRiODJjMjQifQ%3D%3D\" href=\"https:\/\/suriego.com.ar\/wp-content\/uploads\/2023\/09\/oasis-photo-3.webp\"><figure class=\"swiper-slide-inner\"><img decoding=\"async\" class=\"swiper-slide-image\" src=\"https:\/\/suriego.com.ar\/wp-content\/uploads\/2023\/09\/oasis-photo-3.webp\" alt=\"oasis-photo (3)\" \/><\/figure><\/a><\/div><div class=\"swiper-slide\" role=\"group\" aria-roledescription=\"slide\" aria-label=\"4 de 8\"><a data-elementor-open-lightbox=\"yes\" data-elementor-lightbox-slideshow=\"4b82c24\" data-elementor-lightbox-title=\"oasis-photo (4)\" data-e-action-hash=\"#elementor-action%3Aaction%3Dlightbox%26settings%3DeyJpZCI6IjMwMSIsInVybCI6Imh0dHBzOlwvXC9zdXJpZWdvLmNvbS5hclwvd3AtY29udGVudFwvdXBsb2Fkc1wvMjAyM1wvMDlcL29hc2lzLXBob3RvLTQud2VicCIsInNsaWRlc2hvdyI6IjRiODJjMjQifQ%3D%3D\" href=\"https:\/\/suriego.com.ar\/wp-content\/uploads\/2023\/09\/oasis-photo-4.webp\"><figure class=\"swiper-slide-inner\"><img decoding=\"async\" class=\"swiper-slide-image\" src=\"https:\/\/suriego.com.ar\/wp-content\/uploads\/2023\/09\/oasis-photo-4.webp\" alt=\"oasis-photo (4)\" \/><\/figure><\/a><\/div><div class=\"swiper-slide\" role=\"group\" aria-roledescription=\"slide\" aria-label=\"5 de 8\"><a data-elementor-open-lightbox=\"yes\" data-elementor-lightbox-slideshow=\"4b82c24\" data-elementor-lightbox-title=\"oasis-photo (5)\" data-e-action-hash=\"#elementor-action%3Aaction%3Dlightbox%26settings%3DeyJpZCI6IjMwMiIsInVybCI6Imh0dHBzOlwvXC9zdXJpZWdvLmNvbS5hclwvd3AtY29udGVudFwvdXBsb2Fkc1wvMjAyM1wvMDlcL29hc2lzLXBob3RvLTUud2VicCIsInNsaWRlc2hvdyI6IjRiODJjMjQifQ%3D%3D\" href=\"https:\/\/suriego.com.ar\/wp-content\/uploads\/2023\/09\/oasis-photo-5.webp\"><figure class=\"swiper-slide-inner\"><img decoding=\"async\" class=\"swiper-slide-image\" src=\"https:\/\/suriego.com.ar\/wp-content\/uploads\/2023\/09\/oasis-photo-5.webp\" alt=\"oasis-photo (5)\" \/><\/figure><\/a><\/div><div class=\"swiper-slide\" role=\"group\" aria-roledescription=\"slide\" aria-label=\"6 de 8\"><a data-elementor-open-lightbox=\"yes\" data-elementor-lightbox-slideshow=\"4b82c24\" data-elementor-lightbox-title=\"oasis-photo (6)\" data-e-action-hash=\"#elementor-action%3Aaction%3Dlightbox%26settings%3DeyJpZCI6IjMwMyIsInVybCI6Imh0dHBzOlwvXC9zdXJpZWdvLmNvbS5hclwvd3AtY29udGVudFwvdXBsb2Fkc1wvMjAyM1wvMDlcL29hc2lzLXBob3RvLTYud2VicCIsInNsaWRlc2hvdyI6IjRiODJjMjQifQ%3D%3D\" href=\"https:\/\/suriego.com.ar\/wp-content\/uploads\/2023\/09\/oasis-photo-6.webp\"><figure class=\"swiper-slide-inner\"><img decoding=\"async\" class=\"swiper-slide-image\" src=\"https:\/\/suriego.com.ar\/wp-content\/uploads\/2023\/09\/oasis-photo-6.webp\" alt=\"oasis-photo (6)\" \/><\/figure><\/a><\/div><div class=\"swiper-slide\" role=\"group\" aria-roledescription=\"slide\" aria-label=\"7 de 8\"><a data-elementor-open-lightbox=\"yes\" data-elementor-lightbox-slideshow=\"4b82c24\" data-elementor-lightbox-title=\"oasis-photo (7)\" data-e-action-hash=\"#elementor-action%3Aaction%3Dlightbox%26settings%3DeyJpZCI6IjMwNCIsInVybCI6Imh0dHBzOlwvXC9zdXJpZWdvLmNvbS5hclwvd3AtY29udGVudFwvdXBsb2Fkc1wvMjAyM1wvMDlcL29hc2lzLXBob3RvLTcud2VicCIsInNsaWRlc2hvdyI6IjRiODJjMjQifQ%3D%3D\" href=\"https:\/\/suriego.com.ar\/wp-content\/uploads\/2023\/09\/oasis-photo-7.webp\"><figure class=\"swiper-slide-inner\"><img decoding=\"async\" class=\"swiper-slide-image\" src=\"https:\/\/suriego.com.ar\/wp-content\/uploads\/2023\/09\/oasis-photo-7.webp\" alt=\"oasis-photo (7)\" \/><\/figure><\/a><\/div><div class=\"swiper-slide\" role=\"group\" aria-roledescription=\"slide\" aria-label=\"8 de 8\"><a data-elementor-open-lightbox=\"yes\" data-elementor-lightbox-slideshow=\"4b82c24\" data-elementor-lightbox-title=\"oasis-photo (8)\" data-e-action-hash=\"#elementor-action%3Aaction%3Dlightbox%26settings%3DeyJpZCI6IjMwNSIsInVybCI6Imh0dHBzOlwvXC9zdXJpZWdvLmNvbS5hclwvd3AtY29udGVudFwvdXBsb2Fkc1wvMjAyM1wvMDlcL29hc2lzLXBob3RvLTgud2VicCIsInNsaWRlc2hvdyI6IjRiODJjMjQifQ%3D%3D\" href=\"https:\/\/suriego.com.ar\/wp-content\/uploads\/2023\/09\/oasis-photo-8.webp\"><figure class=\"swiper-slide-inner\"><img decoding=\"async\" class=\"swiper-slide-image\" src=\"https:\/\/suriego.com.ar\/wp-content\/uploads\/2023\/09\/oasis-photo-8.webp\" alt=\"oasis-photo (8)\" \/><\/figure><\/a><\/div>\t\t\t<\/div>\n\t\t\t\t\t\t\t\t\t\t\t\t<div class=\"elementor-swiper-button elementor-swiper-button-prev\" role=\"button\" tabindex=\"0\">\n\t\t\t\t\t\t<i aria-hidden=\"true\" class=\"eicon-chevron-left\"><\/i>\t\t\t\t\t<\/div>\n\t\t\t\t\t<div class=\"elementor-swiper-button elementor-swiper-button-next\" role=\"button\" tabindex=\"0\">\n\t\t\t\t\t\t<i aria-hidden=\"true\" class=\"eicon-chevron-right\"><\/i>\t\t\t\t\t<\/div>\n\t\t\t\t\n\t\t\t\t\t\t\t\t\t<div class=\"swiper-pagination\"><\/div>\n\t\t\t\t\t\t\t\t\t<\/div>\n\t\t\t\t\t\t<\/div>\n\t\t\t\t<\/div>\n\t\t\t\t<div class=\"elementor-element elementor-element-31c9f69 elementor-hidden-desktop elementor-hidden-tablet elementor-widget elementor-widget-image-gallery\" data-id=\"31c9f69\" data-element_type=\"widget\" data-e-type=\"widget\" data-widget_type=\"image-gallery.default\">\n\t\t\t\t<div class=\"elementor-widget-container\">\n\t\t\t\t\t\t\t<div class=\"elementor-image-gallery\">\n\t\t\t<div id='gallery-1' class='gallery galleryid-274 gallery-columns-4 gallery-size-full'><figure class='gallery-item'>\n\t\t\t<div class='gallery-icon landscape'>\n\t\t\t\t<a data-elementor-open-lightbox=\"yes\" data-elementor-lightbox-slideshow=\"31c9f69\" data-elementor-lightbox-title=\"oasis-photo (6)\" data-e-action-hash=\"#elementor-action%3Aaction%3Dlightbox%26settings%3DeyJpZCI6MzAzLCJ1cmwiOiJodHRwczpcL1wvc3VyaWVnby5jb20uYXJcL3dwLWNvbnRlbnRcL3VwbG9hZHNcLzIwMjNcLzA5XC9vYXNpcy1waG90by02LndlYnAiLCJzbGlkZXNob3ciOiIzMWM5ZjY5In0%3D\" href='https:\/\/suriego.com.ar\/wp-content\/uploads\/2023\/09\/oasis-photo-6.webp'><img decoding=\"async\" width=\"560\" height=\"560\" src=\"https:\/\/suriego.com.ar\/wp-content\/uploads\/2023\/09\/oasis-photo-6.webp\" class=\"attachment-full size-full\" alt=\"\" srcset=\"https:\/\/suriego.com.ar\/wp-content\/uploads\/2023\/09\/oasis-photo-6.webp 560w, https:\/\/suriego.com.ar\/wp-content\/uploads\/2023\/09\/oasis-photo-6-300x300.webp 300w, https:\/\/suriego.com.ar\/wp-content\/uploads\/2023\/09\/oasis-photo-6-150x150.webp 150w, https:\/\/suriego.com.ar\/wp-content\/uploads\/2023\/09\/oasis-photo-6-100x100.webp 100w, https:\/\/suriego.com.ar\/wp-content\/uploads\/2023\/09\/oasis-photo-6-64x64.webp 64w\" sizes=\"(max-width: 560px) 100vw, 560px\" \/><\/a>\n\t\t\t<\/div><\/figure><figure class='gallery-item'>\n\t\t\t<div class='gallery-icon landscape'>\n\t\t\t\t<a data-elementor-open-lightbox=\"yes\" data-elementor-lightbox-slideshow=\"31c9f69\" data-elementor-lightbox-title=\"oasis-photo (5)\" data-e-action-hash=\"#elementor-action%3Aaction%3Dlightbox%26settings%3DeyJpZCI6MzAyLCJ1cmwiOiJodHRwczpcL1wvc3VyaWVnby5jb20uYXJcL3dwLWNvbnRlbnRcL3VwbG9hZHNcLzIwMjNcLzA5XC9vYXNpcy1waG90by01LndlYnAiLCJzbGlkZXNob3ciOiIzMWM5ZjY5In0%3D\" href='https:\/\/suriego.com.ar\/wp-content\/uploads\/2023\/09\/oasis-photo-5.webp'><img decoding=\"async\" width=\"560\" height=\"560\" src=\"https:\/\/suriego.com.ar\/wp-content\/uploads\/2023\/09\/oasis-photo-5.webp\" class=\"attachment-full size-full\" alt=\"\" srcset=\"https:\/\/suriego.com.ar\/wp-content\/uploads\/2023\/09\/oasis-photo-5.webp 560w, https:\/\/suriego.com.ar\/wp-content\/uploads\/2023\/09\/oasis-photo-5-300x300.webp 300w, https:\/\/suriego.com.ar\/wp-content\/uploads\/2023\/09\/oasis-photo-5-150x150.webp 150w, https:\/\/suriego.com.ar\/wp-content\/uploads\/2023\/09\/oasis-photo-5-100x100.webp 100w, https:\/\/suriego.com.ar\/wp-content\/uploads\/2023\/09\/oasis-photo-5-64x64.webp 64w\" sizes=\"(max-width: 560px) 100vw, 560px\" \/><\/a>\n\t\t\t<\/div><\/figure><figure class='gallery-item'>\n\t\t\t<div class='gallery-icon landscape'>\n\t\t\t\t<a data-elementor-open-lightbox=\"yes\" data-elementor-lightbox-slideshow=\"31c9f69\" data-elementor-lightbox-title=\"oasis-photo (4)\" data-e-action-hash=\"#elementor-action%3Aaction%3Dlightbox%26settings%3DeyJpZCI6MzAxLCJ1cmwiOiJodHRwczpcL1wvc3VyaWVnby5jb20uYXJcL3dwLWNvbnRlbnRcL3VwbG9hZHNcLzIwMjNcLzA5XC9vYXNpcy1waG90by00LndlYnAiLCJzbGlkZXNob3ciOiIzMWM5ZjY5In0%3D\" href='https:\/\/suriego.com.ar\/wp-content\/uploads\/2023\/09\/oasis-photo-4.webp'><img loading=\"lazy\" decoding=\"async\" width=\"560\" height=\"560\" src=\"https:\/\/suriego.com.ar\/wp-content\/uploads\/2023\/09\/oasis-photo-4.webp\" class=\"attachment-full size-full\" alt=\"\" srcset=\"https:\/\/suriego.com.ar\/wp-content\/uploads\/2023\/09\/oasis-photo-4.webp 560w, https:\/\/suriego.com.ar\/wp-content\/uploads\/2023\/09\/oasis-photo-4-300x300.webp 300w, https:\/\/suriego.com.ar\/wp-content\/uploads\/2023\/09\/oasis-photo-4-150x150.webp 150w, https:\/\/suriego.com.ar\/wp-content\/uploads\/2023\/09\/oasis-photo-4-100x100.webp 100w, https:\/\/suriego.com.ar\/wp-content\/uploads\/2023\/09\/oasis-photo-4-64x64.webp 64w\" sizes=\"(max-width: 560px) 100vw, 560px\" \/><\/a>\n\t\t\t<\/div><\/figure><figure class='gallery-item'>\n\t\t\t<div class='gallery-icon landscape'>\n\t\t\t\t<a data-elementor-open-lightbox=\"yes\" data-elementor-lightbox-slideshow=\"31c9f69\" data-elementor-lightbox-title=\"oasis-photo (3)\" data-e-action-hash=\"#elementor-action%3Aaction%3Dlightbox%26settings%3DeyJpZCI6MzAwLCJ1cmwiOiJodHRwczpcL1wvc3VyaWVnby5jb20uYXJcL3dwLWNvbnRlbnRcL3VwbG9hZHNcLzIwMjNcLzA5XC9vYXNpcy1waG90by0zLndlYnAiLCJzbGlkZXNob3ciOiIzMWM5ZjY5In0%3D\" href='https:\/\/suriego.com.ar\/wp-content\/uploads\/2023\/09\/oasis-photo-3.webp'><img loading=\"lazy\" decoding=\"async\" width=\"560\" height=\"560\" src=\"https:\/\/suriego.com.ar\/wp-content\/uploads\/2023\/09\/oasis-photo-3.webp\" class=\"attachment-full size-full\" alt=\"\" srcset=\"https:\/\/suriego.com.ar\/wp-content\/uploads\/2023\/09\/oasis-photo-3.webp 560w, https:\/\/suriego.com.ar\/wp-content\/uploads\/2023\/09\/oasis-photo-3-300x300.webp 300w, https:\/\/suriego.com.ar\/wp-content\/uploads\/2023\/09\/oasis-photo-3-150x150.webp 150w, https:\/\/suriego.com.ar\/wp-content\/uploads\/2023\/09\/oasis-photo-3-100x100.webp 100w, https:\/\/suriego.com.ar\/wp-content\/uploads\/2023\/09\/oasis-photo-3-64x64.webp 64w\" sizes=\"(max-width: 560px) 100vw, 560px\" \/><\/a>\n\t\t\t<\/div><\/figure><figure class='gallery-item'>\n\t\t\t<div class='gallery-icon landscape'>\n\t\t\t\t<a data-elementor-open-lightbox=\"yes\" data-elementor-lightbox-slideshow=\"31c9f69\" data-elementor-lightbox-title=\"oasis-photo (2)\" data-e-action-hash=\"#elementor-action%3Aaction%3Dlightbox%26settings%3DeyJpZCI6Mjk5LCJ1cmwiOiJodHRwczpcL1wvc3VyaWVnby5jb20uYXJcL3dwLWNvbnRlbnRcL3VwbG9hZHNcLzIwMjNcLzA5XC9vYXNpcy1waG90by0yLndlYnAiLCJzbGlkZXNob3ciOiIzMWM5ZjY5In0%3D\" href='https:\/\/suriego.com.ar\/wp-content\/uploads\/2023\/09\/oasis-photo-2.webp'><img loading=\"lazy\" decoding=\"async\" width=\"560\" height=\"560\" src=\"https:\/\/suriego.com.ar\/wp-content\/uploads\/2023\/09\/oasis-photo-2.webp\" class=\"attachment-full size-full\" alt=\"\" srcset=\"https:\/\/suriego.com.ar\/wp-content\/uploads\/2023\/09\/oasis-photo-2.webp 560w, https:\/\/suriego.com.ar\/wp-content\/uploads\/2023\/09\/oasis-photo-2-300x300.webp 300w, https:\/\/suriego.com.ar\/wp-content\/uploads\/2023\/09\/oasis-photo-2-150x150.webp 150w, https:\/\/suriego.com.ar\/wp-content\/uploads\/2023\/09\/oasis-photo-2-100x100.webp 100w, https:\/\/suriego.com.ar\/wp-content\/uploads\/2023\/09\/oasis-photo-2-64x64.webp 64w\" sizes=\"(max-width: 560px) 100vw, 560px\" \/><\/a>\n\t\t\t<\/div><\/figure><figure class='gallery-item'>\n\t\t\t<div class='gallery-icon landscape'>\n\t\t\t\t<a data-elementor-open-lightbox=\"yes\" data-elementor-lightbox-slideshow=\"31c9f69\" data-elementor-lightbox-title=\"oasis-photo (1)\" data-e-action-hash=\"#elementor-action%3Aaction%3Dlightbox%26settings%3DeyJpZCI6Mjk4LCJ1cmwiOiJodHRwczpcL1wvc3VyaWVnby5jb20uYXJcL3dwLWNvbnRlbnRcL3VwbG9hZHNcLzIwMjNcLzA5XC9vYXNpcy1waG90by0xLndlYnAiLCJzbGlkZXNob3ciOiIzMWM5ZjY5In0%3D\" href='https:\/\/suriego.com.ar\/wp-content\/uploads\/2023\/09\/oasis-photo-1.webp'><img loading=\"lazy\" decoding=\"async\" width=\"560\" height=\"560\" src=\"https:\/\/suriego.com.ar\/wp-content\/uploads\/2023\/09\/oasis-photo-1.webp\" class=\"attachment-full size-full\" alt=\"\" srcset=\"https:\/\/suriego.com.ar\/wp-content\/uploads\/2023\/09\/oasis-photo-1.webp 560w, https:\/\/suriego.com.ar\/wp-content\/uploads\/2023\/09\/oasis-photo-1-300x300.webp 300w, https:\/\/suriego.com.ar\/wp-content\/uploads\/2023\/09\/oasis-photo-1-150x150.webp 150w, https:\/\/suriego.com.ar\/wp-content\/uploads\/2023\/09\/oasis-photo-1-100x100.webp 100w, https:\/\/suriego.com.ar\/wp-content\/uploads\/2023\/09\/oasis-photo-1-64x64.webp 64w\" sizes=\"(max-width: 560px) 100vw, 560px\" \/><\/a>\n\t\t\t<\/div><\/figure><figure class='gallery-item'>\n\t\t\t<div class='gallery-icon landscape'>\n\t\t\t\t<a data-elementor-open-lightbox=\"yes\" data-elementor-lightbox-slideshow=\"31c9f69\" data-elementor-lightbox-title=\"oasis-photo (7)\" data-e-action-hash=\"#elementor-action%3Aaction%3Dlightbox%26settings%3DeyJpZCI6MzA0LCJ1cmwiOiJodHRwczpcL1wvc3VyaWVnby5jb20uYXJcL3dwLWNvbnRlbnRcL3VwbG9hZHNcLzIwMjNcLzA5XC9vYXNpcy1waG90by03LndlYnAiLCJzbGlkZXNob3ciOiIzMWM5ZjY5In0%3D\" href='https:\/\/suriego.com.ar\/wp-content\/uploads\/2023\/09\/oasis-photo-7.webp'><img loading=\"lazy\" decoding=\"async\" width=\"560\" height=\"560\" src=\"https:\/\/suriego.com.ar\/wp-content\/uploads\/2023\/09\/oasis-photo-7.webp\" class=\"attachment-full size-full\" alt=\"\" srcset=\"https:\/\/suriego.com.ar\/wp-content\/uploads\/2023\/09\/oasis-photo-7.webp 560w, https:\/\/suriego.com.ar\/wp-content\/uploads\/2023\/09\/oasis-photo-7-300x300.webp 300w, https:\/\/suriego.com.ar\/wp-content\/uploads\/2023\/09\/oasis-photo-7-150x150.webp 150w, https:\/\/suriego.com.ar\/wp-content\/uploads\/2023\/09\/oasis-photo-7-100x100.webp 100w, https:\/\/suriego.com.ar\/wp-content\/uploads\/2023\/09\/oasis-photo-7-64x64.webp 64w\" sizes=\"(max-width: 560px) 100vw, 560px\" \/><\/a>\n\t\t\t<\/div><\/figure><figure class='gallery-item'>\n\t\t\t<div class='gallery-icon landscape'>\n\t\t\t\t<a data-elementor-open-lightbox=\"yes\" data-elementor-lightbox-slideshow=\"31c9f69\" data-elementor-lightbox-title=\"oasis-photo (8)\" data-e-action-hash=\"#elementor-action%3Aaction%3Dlightbox%26settings%3DeyJpZCI6MzA1LCJ1cmwiOiJodHRwczpcL1wvc3VyaWVnby5jb20uYXJcL3dwLWNvbnRlbnRcL3VwbG9hZHNcLzIwMjNcLzA5XC9vYXNpcy1waG90by04LndlYnAiLCJzbGlkZXNob3ciOiIzMWM5ZjY5In0%3D\" href='https:\/\/suriego.com.ar\/wp-content\/uploads\/2023\/09\/oasis-photo-8.webp'><img loading=\"lazy\" decoding=\"async\" width=\"560\" height=\"560\" src=\"https:\/\/suriego.com.ar\/wp-content\/uploads\/2023\/09\/oasis-photo-8.webp\" class=\"attachment-full size-full\" alt=\"\" srcset=\"https:\/\/suriego.com.ar\/wp-content\/uploads\/2023\/09\/oasis-photo-8.webp 560w, https:\/\/suriego.com.ar\/wp-content\/uploads\/2023\/09\/oasis-photo-8-300x300.webp 300w, https:\/\/suriego.com.ar\/wp-content\/uploads\/2023\/09\/oasis-photo-8-150x150.webp 150w, https:\/\/suriego.com.ar\/wp-content\/uploads\/2023\/09\/oasis-photo-8-100x100.webp 100w, https:\/\/suriego.com.ar\/wp-content\/uploads\/2023\/09\/oasis-photo-8-64x64.webp 64w\" sizes=\"(max-width: 560px) 100vw, 560px\" \/><\/a>\n\t\t\t<\/div><\/figure>\n\t\t<\/div>\n\t\t<\/div>\n\t\t\t\t\t\t<\/div>\n\t\t\t\t<\/div>\n\t\t\t\t<div class=\"elementor-element elementor-element-21d442b elementor-widget elementor-widget-spacer\" data-id=\"21d442b\" data-element_type=\"widget\" data-e-type=\"widget\" data-widget_type=\"spacer.default\">\n\t\t\t\t<div class=\"elementor-widget-container\">\n\t\t\t\t\t\t\t<div class=\"elementor-spacer\">\n\t\t\t<div class=\"elementor-spacer-inner\"><\/div>\n\t\t<\/div>\n\t\t\t\t\t\t<\/div>\n\t\t\t\t<\/div>\n\t\t\t\t\t<\/div>\n\t\t<\/div>\n\t\t\t\t\t<\/div>\n\t\t<\/section>\n\t\t\t\t<\/div>\n\t\t","protected":false},"excerpt":{"rendered":"<p>\/*! elementor &#8211; v3.23.0 &#8211; 05-08-2024 *\/ .elementor-heading-title{padding:0;margin:0;line-height:1}.elementor-widget-heading .elementor-heading-title[class*=elementor-size-]&gt;a{color:inherit;font-size:inherit;line-height:inherit}.elementor-widget-heading .elementor-heading-title.elementor-size-small{font-size:15px}.elementor-widget-heading .elementor-heading-title.elementor-size-medium{font-size:19px}.elementor-widget-heading .elementor-heading-title.elementor-size-large{font-size:29px}.elementor-widget-heading .elementor-heading-title.elementor-size-xl{font-size:39px}.elementor-widget-heading .elementor-heading-title.elementor-size-xxl{font-size:59px} Hacer de sus espacios verdes un verdadero Oasis \/*! elementor &#8211; v3.23.0 &#8211; 05-08-2024 *\/ .elementor-widget-image{text-align:center}.elementor-widget-image a{display:inline-block}.elementor-widget-image a img[src$=\u00bb.svg\u00bb]{width:48px}.elementor-widget-image img{vertical-align:middle;display:inline-block} Oasis es una divisi\u00f3n dentro de Suriego dedicada a al embellecimiento de parques y jardines. Contamos con 10 hect\u00e1reas de terreno&#8230;<\/p>\n","protected":false},"author":1,"featured_media":0,"parent":0,"menu_order":0,"comment_status":"closed","ping_status":"closed","template":"","meta":{"_kad_post_transparent":"","_kad_post_title":"hide","_kad_post_layout":"fullwidth","_kad_post_sidebar_id":"","_kad_post_content_style":"unboxed","_kad_post_vertical_padding":"hide","_kad_post_feature":"hide","_kad_post_feature_position":"","_kad_post_header":false,"_kad_post_footer":false,"_kad_post_classname":"","footnotes":""},"class_list":["post-274","page","type-page","status-publish","hentry"],"_links":{"self":[{"href":"https:\/\/suriego.com.ar\/index.php?rest_route=\/wp\/v2\/pages\/274","targetHints":{"allow":["GET"]}}],"collection":[{"href":"https:\/\/suriego.com.ar\/index.php?rest_route=\/wp\/v2\/pages"}],"about":[{"href":"https:\/\/suriego.com.ar\/index.php?rest_route=\/wp\/v2\/types\/page"}],"author":[{"embeddable":true,"href":"https:\/\/suriego.com.ar\/index.php?rest_route=\/wp\/v2\/users\/1"}],"replies":[{"embeddable":true,"href":"https:\/\/suriego.com.ar\/index.php?rest_route=%2Fwp%2Fv2%2Fcomments&post=274"}],"version-history":[{"count":40,"href":"https:\/\/suriego.com.ar\/index.php?rest_route=\/wp\/v2\/pages\/274\/revisions"}],"predecessor-version":[{"id":659,"href":"https:\/\/suriego.com.ar\/index.php?rest_route=\/wp\/v2\/pages\/274\/revisions\/659"}],"wp:attachment":[{"href":"https:\/\/suriego.com.ar\/index.php?rest_route=%2Fwp%2Fv2%2Fmedia&parent=274"}],"curies":[{"name":"wp","href":"https:\/\/api.w.org\/{rel}","templated":true}]}}